{"id":11,"date":"2019-10-03T18:55:48","date_gmt":"2019-10-03T16:55:48","guid":{"rendered":"https:\/\/www.zdenkapiseprevas.sk\/?page_id=11"},"modified":"2021-09-01T14:18:18","modified_gmt":"2021-09-01T12:18:18","slug":"kontakt","status":"publish","type":"page","link":"https:\/\/www.zdenkapiseprevas.sk\/?page_id=11","title":{"rendered":"Kontakt"},"content":{"rendered":"\t\t<div data-elementor-type=\"wp-page\" data-elementor-id=\"11\" class=\"elementor elementor-11\">\n\t\t\t\t\t\t<section class=\"elementor-section elementor-top-section elementor-element elementor-element-5b023fe elementor-section-boxed elementor-section-height-default elementor-section-height-default\" data-id=\"5b023fe\" data-element_type=\"section\" data-e-type=\"section\">\n\t\t\t\t\t\t<div class=\"elementor-container elementor-column-gap-default\">\n\t\t\t\t\t<div class=\"elementor-column elementor-col-100 elementor-top-column elementor-element elementor-element-1d8bc05\" data-id=\"1d8bc05\" data-element_type=\"column\" data-e-type=\"column\">\n\t\t\t<div class=\"elementor-widget-wrap elementor-element-populated\">\n\t\t\t\t\t\t<div class=\"elementor-element elementor-element-9898bbb elementor-view-stacked elementor-shape-circle elementor-position-block-start elementor-mobile-position-block-start elementor-widget elementor-widget-icon-box\" data-id=\"9898bbb\" data-element_type=\"widget\" data-e-type=\"widget\" data-widget_type=\"icon-box.default\">\n\t\t\t\t<div class=\"elementor-widget-container\">\n\t\t\t\t\t\t\t<div class=\"elementor-icon-box-wrapper\">\n\n\t\t\t\t\t\t<div class=\"elementor-icon-box-icon\">\n\t\t\t\t<span  class=\"elementor-icon\">\n\t\t\t\t<svg aria-hidden=\"true\" class=\"e-font-icon-svg e-fas-envelope\" viewBox=\"0 0 512 512\" xmlns=\"http:\/\/www.w3.org\/2000\/svg\"><path d=\"M502.3 190.8c3.9-3.1 9.7-.2 9.7 4.7V400c0 26.5-21.5 48-48 48H48c-26.5 0-48-21.5-48-48V195.6c0-5 5.7-7.8 9.7-4.7 22.4 17.4 52.1 39.5 154.1 113.6 21.1 15.4 56.7 47.8 92.2 47.6 35.7.3 72-32.8 92.3-47.6 102-74.1 131.6-96.3 154-113.7zM256 320c23.2.4 56.6-29.2 73.4-41.4 132.7-96.3 142.8-104.7 173.4-128.7 5.8-4.5 9.2-11.5 9.2-18.9v-19c0-26.5-21.5-48-48-48H48C21.5 64 0 85.5 0 112v19c0 7.4 3.4 14.3 9.2 18.9 30.6 23.9 40.7 32.4 173.4 128.7 16.8 12.2 50.2 41.8 73.4 41.4z\"><\/path><\/svg>\t\t\t\t<\/span>\n\t\t\t<\/div>\n\t\t\t\n\t\t\t\t\t\t<div class=\"elementor-icon-box-content\">\n\n\t\t\t\t\t\t\t\t\t<h3 class=\"elementor-icon-box-title\">\n\t\t\t\t\t\t<span  >\n\t\t\t\t\t\t\tAdresa\t\t\t\t\t\t<\/span>\n\t\t\t\t\t<\/h3>\n\t\t\t\t\n\t\t\t\t\t\t\t\t\t<p class=\"elementor-icon-box-description\">\n\t\t\t\t\t\tZdenka \u0160v\u00e1bekov\u00e1,\nPlatanov\u00e1 ulica 2355\/2,\n900 42 Miloslavov, DI\u010c:1074835894          \t\t\t\t\t<\/p>\n\t\t\t\t\n\t\t\t<\/div>\n\t\t\t\n\t\t<\/div>\n\t\t\t\t\t\t<\/div>\n\t\t\t\t<\/div>\n\t\t\t\t\t<\/div>\n\t\t<\/div>\n\t\t\t\t\t<\/div>\n\t\t<\/section>\n\t\t\t\t<section class=\"elementor-section elementor-top-section elementor-element elementor-element-a771c0c elementor-section-boxed elementor-section-height-default elementor-section-height-default\" data-id=\"a771c0c\" data-element_type=\"section\" data-e-type=\"section\">\n\t\t\t\t\t\t<div class=\"elementor-container elementor-column-gap-default\">\n\t\t\t\t\t<div class=\"elementor-column elementor-col-100 elementor-top-column elementor-element elementor-element-9a46398\" data-id=\"9a46398\" data-element_type=\"column\" data-e-type=\"column\">\n\t\t\t<div class=\"elementor-widget-wrap elementor-element-populated\">\n\t\t\t\t\t\t<div class=\"elementor-element elementor-element-4ed9940 elementor-view-stacked elementor-shape-circle elementor-position-block-start elementor-mobile-position-block-start elementor-widget elementor-widget-icon-box\" data-id=\"4ed9940\" data-element_type=\"widget\" data-e-type=\"widget\" data-widget_type=\"icon-box.default\">\n\t\t\t\t<div class=\"elementor-widget-container\">\n\t\t\t\t\t\t\t<div class=\"elementor-icon-box-wrapper\">\n\n\t\t\t\t\t\t<div class=\"elementor-icon-box-icon\">\n\t\t\t\t<span  class=\"elementor-icon\">\n\t\t\t\t<svg aria-hidden=\"true\" class=\"e-font-icon-svg e-fas-map-marker-alt\" viewBox=\"0 0 384 512\" xmlns=\"http:\/\/www.w3.org\/2000\/svg\"><path d=\"M172.268 501.67C26.97 291.031 0 269.413 0 192 0 85.961 85.961 0 192 0s192 85.961 192 192c0 77.413-26.97 99.031-172.268 309.67-9.535 13.774-29.93 13.773-39.464 0zM192 272c44.183 0 80-35.817 80-80s-35.817-80-80-80-80 35.817-80 80 35.817 80 80 80z\"><\/path><\/svg>\t\t\t\t<\/span>\n\t\t\t<\/div>\n\t\t\t\n\t\t\t\t\t\t<div class=\"elementor-icon-box-content\">\n\n\t\t\t\t\t\t\t\t\t<h3 class=\"elementor-icon-box-title\">\n\t\t\t\t\t\t<span  >\n\t\t\t\t\t\t\tMapa\t\t\t\t\t\t<\/span>\n\t\t\t\t\t<\/h3>\n\t\t\t\t\n\t\t\t\t\n\t\t\t<\/div>\n\t\t\t\n\t\t<\/div>\n\t\t\t\t\t\t<\/div>\n\t\t\t\t<\/div>\n\t\t\t\t\t<\/div>\n\t\t<\/div>\n\t\t\t\t\t<\/div>\n\t\t<\/section>\n\t\t\t\t<section class=\"elementor-section elementor-top-section elementor-element elementor-element-1f99ebf elementor-section-boxed elementor-section-height-default elementor-section-height-default\" data-id=\"1f99ebf\" data-element_type=\"section\" data-e-type=\"section\">\n\t\t\t\t\t\t<div class=\"elementor-container elementor-column-gap-default\">\n\t\t\t\t\t<div class=\"elementor-column elementor-col-100 elementor-top-column elementor-element elementor-element-0d44b89\" data-id=\"0d44b89\" data-element_type=\"column\" data-e-type=\"column\">\n\t\t\t<div class=\"elementor-widget-wrap elementor-element-populated\">\n\t\t\t\t\t\t<div class=\"elementor-element elementor-element-fd4229d elementor-widget elementor-widget-google_maps\" data-id=\"fd4229d\" data-element_type=\"widget\" data-e-type=\"widget\" data-widget_type=\"google_maps.default\">\n\t\t\t\t<div class=\"elementor-widget-container\">\n\t\t\t\t\t\t\t<div class=\"elementor-custom-embed\">\n\t\t\t<iframe loading=\"lazy\"\n\t\t\t\t\tsrc=\"https:\/\/maps.google.com\/maps?q=Platanov%C3%A1%202355%2F2%2C%20900%2042%20MIloslavov&#038;t=m&#038;z=10&#038;output=embed&#038;iwloc=near\"\n\t\t\t\t\ttitle=\"Platanov\u00e1 2355\/2, 900 42 MIloslavov\"\n\t\t\t\t\taria-label=\"Platanov\u00e1 2355\/2, 900 42 MIloslavov\"\n\t\t\t><\/iframe>\n\t\t<\/div>\n\t\t\t\t\t\t<\/div>\n\t\t\t\t<\/div>\n\t\t\t\t\t<\/div>\n\t\t<\/div>\n\t\t\t\t\t<\/div>\n\t\t<\/section>\n\t\t\t\t<section class=\"elementor-section elementor-top-section elementor-element elementor-element-47158ab elementor-section-boxed elementor-section-height-default elementor-section-height-default\" data-id=\"47158ab\" data-element_type=\"section\" data-e-type=\"section\">\n\t\t\t\t\t\t<div class=\"elementor-container elementor-column-gap-default\">\n\t\t\t\t\t<div class=\"elementor-column elementor-col-100 elementor-top-column elementor-element elementor-element-839b215\" data-id=\"839b215\" data-element_type=\"column\" data-e-type=\"column\">\n\t\t\t<div class=\"elementor-widget-wrap elementor-element-populated\">\n\t\t\t\t\t\t<div class=\"elementor-element elementor-element-9e6b7cb elementor-view-stacked elementor-shape-circle elementor-position-block-start elementor-mobile-position-block-start elementor-widget elementor-widget-icon-box\" data-id=\"9e6b7cb\" data-element_type=\"widget\" data-e-type=\"widget\" data-widget_type=\"icon-box.default\">\n\t\t\t\t<div class=\"elementor-widget-container\">\n\t\t\t\t\t\t\t<div class=\"elementor-icon-box-wrapper\">\n\n\t\t\t\t\t\t<div class=\"elementor-icon-box-icon\">\n\t\t\t\t<span  class=\"elementor-icon\">\n\t\t\t\t<svg aria-hidden=\"true\" class=\"e-font-icon-svg e-fas-phone-volume\" viewBox=\"0 0 384 512\" xmlns=\"http:\/\/www.w3.org\/2000\/svg\"><path d=\"M97.333 506.966c-129.874-129.874-129.681-340.252 0-469.933 5.698-5.698 14.527-6.632 21.263-2.422l64.817 40.513a17.187 17.187 0 0 1 6.849 20.958l-32.408 81.021a17.188 17.188 0 0 1-17.669 10.719l-55.81-5.58c-21.051 58.261-20.612 122.471 0 179.515l55.811-5.581a17.188 17.188 0 0 1 17.669 10.719l32.408 81.022a17.188 17.188 0 0 1-6.849 20.958l-64.817 40.513a17.19 17.19 0 0 1-21.264-2.422zM247.126 95.473c11.832 20.047 11.832 45.008 0 65.055-3.95 6.693-13.108 7.959-18.718 2.581l-5.975-5.726c-3.911-3.748-4.793-9.622-2.261-14.41a32.063 32.063 0 0 0 0-29.945c-2.533-4.788-1.65-10.662 2.261-14.41l5.975-5.726c5.61-5.378 14.768-4.112 18.718 2.581zm91.787-91.187c60.14 71.604 60.092 175.882 0 247.428-4.474 5.327-12.53 5.746-17.552.933l-5.798-5.557c-4.56-4.371-4.977-11.529-.93-16.379 49.687-59.538 49.646-145.933 0-205.422-4.047-4.85-3.631-12.008.93-16.379l5.798-5.557c5.022-4.813 13.078-4.394 17.552.933zm-45.972 44.941c36.05 46.322 36.108 111.149 0 157.546-4.39 5.641-12.697 6.251-17.856 1.304l-5.818-5.579c-4.4-4.219-4.998-11.095-1.285-15.931 26.536-34.564 26.534-82.572 0-117.134-3.713-4.836-3.115-11.711 1.285-15.931l5.818-5.579c5.159-4.947 13.466-4.337 17.856 1.304z\"><\/path><\/svg>\t\t\t\t<\/span>\n\t\t\t<\/div>\n\t\t\t\n\t\t\t\t\t\t<div class=\"elementor-icon-box-content\">\n\n\t\t\t\t\t\t\t\t\t<h3 class=\"elementor-icon-box-title\">\n\t\t\t\t\t\t<span  >\n\t\t\t\t\t\t\tTelef\u00f3n\t\t\t\t\t\t<\/span>\n\t\t\t\t\t<\/h3>\n\t\t\t\t\n\t\t\t\t\t\t\t\t\t<p class=\"elementor-icon-box-description\">\n\t\t\t\t\t\t0948 003 631\t\t\t\t\t<\/p>\n\t\t\t\t\n\t\t\t<\/div>\n\t\t\t\n\t\t<\/div>\n\t\t\t\t\t\t<\/div>\n\t\t\t\t<\/div>\n\t\t\t\t\t<\/div>\n\t\t<\/div>\n\t\t\t\t\t<\/div>\n\t\t<\/section>\n\t\t\t\t<section class=\"elementor-section elementor-top-section elementor-element elementor-element-8e4482f elementor-section-boxed elementor-section-height-default elementor-section-height-default\" data-id=\"8e4482f\" data-element_type=\"section\" data-e-type=\"section\">\n\t\t\t\t\t\t<div class=\"elementor-container elementor-column-gap-default\">\n\t\t\t\t\t<div class=\"elementor-column elementor-col-100 elementor-top-column elementor-element elementor-element-20375cc\" data-id=\"20375cc\" data-element_type=\"column\" data-e-type=\"column\">\n\t\t\t<div class=\"elementor-widget-wrap elementor-element-populated\">\n\t\t\t\t\t\t<div class=\"elementor-element elementor-element-f7295ab elementor-view-stacked elementor-shape-circle elementor-position-block-start elementor-mobile-position-block-start elementor-widget elementor-widget-icon-box\" data-id=\"f7295ab\" data-element_type=\"widget\" data-e-type=\"widget\" data-widget_type=\"icon-box.default\">\n\t\t\t\t<div class=\"elementor-widget-container\">\n\t\t\t\t\t\t\t<div class=\"elementor-icon-box-wrapper\">\n\n\t\t\t\t\t\t<div class=\"elementor-icon-box-icon\">\n\t\t\t\t<span  class=\"elementor-icon\">\n\t\t\t\t<svg aria-hidden=\"true\" class=\"e-font-icon-svg e-fas-mail-bulk\" viewBox=\"0 0 576 512\" xmlns=\"http:\/\/www.w3.org\/2000\/svg\"><path d=\"M160 448c-25.6 0-51.2-22.4-64-32-64-44.8-83.2-60.8-96-70.4V480c0 17.67 14.33 32 32 32h256c17.67 0 32-14.33 32-32V345.6c-12.8 9.6-32 25.6-96 70.4-12.8 9.6-38.4 32-64 32zm128-192H32c-17.67 0-32 14.33-32 32v16c25.6 19.2 22.4 19.2 115.2 86.4 9.6 6.4 28.8 25.6 44.8 25.6s35.2-19.2 44.8-22.4c92.8-67.2 89.6-67.2 115.2-86.4V288c0-17.67-14.33-32-32-32zm256-96H224c-17.67 0-32 14.33-32 32v32h96c33.21 0 60.59 25.42 63.71 57.82l.29-.22V416h192c17.67 0 32-14.33 32-32V192c0-17.67-14.33-32-32-32zm-32 128h-64v-64h64v64zm-352-96c0-35.29 28.71-64 64-64h224V32c0-17.67-14.33-32-32-32H96C78.33 0 64 14.33 64 32v192h96v-32z\"><\/path><\/svg>\t\t\t\t<\/span>\n\t\t\t<\/div>\n\t\t\t\n\t\t\t\t\t\t<div class=\"elementor-icon-box-content\">\n\n\t\t\t\t\t\t\t\t\t<h3 class=\"elementor-icon-box-title\">\n\t\t\t\t\t\t<span  >\n\t\t\t\t\t\t\tEmailov\u00e1 adresa\t\t\t\t\t\t<\/span>\n\t\t\t\t\t<\/h3>\n\t\t\t\t\n\t\t\t\t\t\t\t\t\t<p class=\"elementor-icon-box-description\">\n\t\t\t\t\t\tinfo@zdenkapiseprevas.sk\t\t\t\t\t<\/p>\n\t\t\t\t\n\t\t\t<\/div>\n\t\t\t\n\t\t<\/div>\n\t\t\t\t\t\t<\/div>\n\t\t\t\t<\/div>\n\t\t\t\t\t<\/div>\n\t\t<\/div>\n\t\t\t\t\t<\/div>\n\t\t<\/section>\n\t\t\t\t<section class=\"elementor-section elementor-top-section elementor-element elementor-element-20bf7da elementor-section-boxed elementor-section-height-default elementor-section-height-default\" data-id=\"20bf7da\" data-element_type=\"section\" data-e-type=\"section\">\n\t\t\t\t\t\t<div class=\"elementor-container elementor-column-gap-default\">\n\t\t\t\t\t<div class=\"elementor-column elementor-col-100 elementor-top-column elementor-element elementor-element-92a5daa\" data-id=\"92a5daa\" data-element_type=\"column\" data-e-type=\"column\">\n\t\t\t<div class=\"elementor-widget-wrap elementor-element-populated\">\n\t\t\t\t\t\t<div class=\"elementor-element elementor-element-c4ea54e elementor-view-stacked elementor-shape-circle elementor-position-block-start elementor-mobile-position-block-start elementor-widget elementor-widget-icon-box\" data-id=\"c4ea54e\" data-element_type=\"widget\" data-e-type=\"widget\" data-widget_type=\"icon-box.default\">\n\t\t\t\t<div class=\"elementor-widget-container\">\n\t\t\t\t\t\t\t<div class=\"elementor-icon-box-wrapper\">\n\n\t\t\t\t\t\t<div class=\"elementor-icon-box-icon\">\n\t\t\t\t<span  class=\"elementor-icon\">\n\t\t\t\t<svg aria-hidden=\"true\" class=\"e-font-icon-svg e-fas-money-bill-alt\" viewBox=\"0 0 640 512\" xmlns=\"http:\/\/www.w3.org\/2000\/svg\"><path d=\"M352 288h-16v-88c0-4.42-3.58-8-8-8h-13.58c-4.74 0-9.37 1.4-13.31 4.03l-15.33 10.22a7.994 7.994 0 0 0-2.22 11.09l8.88 13.31a7.994 7.994 0 0 0 11.09 2.22l.47-.31V288h-16c-4.42 0-8 3.58-8 8v16c0 4.42 3.58 8 8 8h64c4.42 0 8-3.58 8-8v-16c0-4.42-3.58-8-8-8zM608 64H32C14.33 64 0 78.33 0 96v320c0 17.67 14.33 32 32 32h576c17.67 0 32-14.33 32-32V96c0-17.67-14.33-32-32-32zM48 400v-64c35.35 0 64 28.65 64 64H48zm0-224v-64h64c0 35.35-28.65 64-64 64zm272 192c-53.02 0-96-50.15-96-112 0-61.86 42.98-112 96-112s96 50.14 96 112c0 61.87-43 112-96 112zm272 32h-64c0-35.35 28.65-64 64-64v64zm0-224c-35.35 0-64-28.65-64-64h64v64z\"><\/path><\/svg>\t\t\t\t<\/span>\n\t\t\t<\/div>\n\t\t\t\n\t\t\t\t\t\t<div class=\"elementor-icon-box-content\">\n\n\t\t\t\t\t\t\t\t\t<h3 class=\"elementor-icon-box-title\">\n\t\t\t\t\t\t<span  >\n\t\t\t\t\t\t\tBankov\u00e9 spojenie: Fio banka a. s.\t\t\t\t\t\t<\/span>\n\t\t\t\t\t<\/h3>\n\t\t\t\t\n\t\t\t\t\t\t\t\t\t<p class=\"elementor-icon-box-description\">\n\t\t\t\t\t\tIBAN: SK30 8330 0000 0020 0141 0350 \t\t\t\t\t<\/p>\n\t\t\t\t\n\t\t\t<\/div>\n\t\t\t\n\t\t<\/div>\n\t\t\t\t\t\t<\/div>\n\t\t\t\t<\/div>\n\t\t\t\t\t<\/div>\n\t\t<\/div>\n\t\t\t\t\t<\/div>\n\t\t<\/section>\n\t\t\t\t<\/div>\n\t\t","protected":false},"excerpt":{"rendered":"<p>Adresa Zdenka \u0160v\u00e1bekov\u00e1, Platanov\u00e1 ulica 2355\/2, 900 42 Miloslavov, DI\u010c:1074835894 Mapa Telef\u00f3n 0948 003 631 Emailov\u00e1 adresa info@zdenkapiseprevas.sk Bankov\u00e9 spojenie: Fio banka a. s. IBAN: SK30 8330 0000 0020 0141 0350<\/p>\n","protected":false},"author":1,"featured_media":4913,"parent":0,"menu_order":0,"comment_status":"closed","ping_status":"closed","template":"","meta":{"_bbp_topic_count":0,"_bbp_reply_count":0,"_bbp_total_topic_count":0,"_bbp_total_reply_count":0,"_bbp_voice_count":0,"_bbp_anonymous_reply_count":0,"_bbp_topic_count_hidden":0,"_bbp_reply_count_hidden":0,"_bbp_forum_subforum_count":0,"_monsterinsights_skip_tracking":false,"_monsterinsights_sitenote_active":false,"_monsterinsights_sitenote_note":"","_monsterinsights_sitenote_category":0,"footnotes":""},"class_list":["post-11","page","type-page","status-publish","has-post-thumbnail","hentry"],"yoast_head":"<!-- This site is optimized with the Yoast SEO plugin v26.4 - https:\/\/yoast.com\/wordpress\/plugins\/seo\/ -->\n<title>Kontakt - Zdenka p\u00ed\u0161e pre v\u00e1s<\/title>\n<meta name=\"robots\" content=\"index, follow, max-snippet:-1, max-image-preview:large, max-video-preview:-1\" \/>\n<link rel=\"canonical\" href=\"https:\/\/www.zdenkapiseprevas.sk\/?page_id=11\" \/>\n<meta property=\"og:locale\" content=\"sk_SK\" \/>\n<meta property=\"og:type\" content=\"article\" \/>\n<meta property=\"og:title\" content=\"Kontakt - Zdenka p\u00ed\u0161e pre v\u00e1s\" \/>\n<meta property=\"og:description\" content=\"Adresa Zdenka \u0160v\u00e1bekov\u00e1, Platanov\u00e1 ulica 2355\/2, 900 42 Miloslavov, DI\u010c:1074835894 Mapa Telef\u00f3n 0948 003 631 Emailov\u00e1 adresa info@zdenkapiseprevas.sk Bankov\u00e9 spojenie: Fio banka a. s. IBAN: SK30 8330 0000 0020 0141 0350\" \/>\n<meta property=\"og:url\" content=\"https:\/\/www.zdenkapiseprevas.sk\/?page_id=11\" \/>\n<meta property=\"og:site_name\" content=\"Zdenka p\u00ed\u0161e pre v\u00e1s\" \/>\n<meta property=\"article:modified_time\" content=\"2021-09-01T12:18:18+00:00\" \/>\n<meta property=\"og:image\" content=\"https:\/\/www.zdenkapiseprevas.sk\/wp-content\/uploads\/2020\/11\/74341278_2479095872338234_7639118996914044928_n-e1630498117852.jpg\" \/>\n\t<meta property=\"og:image:width\" content=\"600\" \/>\n\t<meta property=\"og:image:height\" content=\"800\" \/>\n\t<meta property=\"og:image:type\" content=\"image\/jpeg\" \/>\n<meta name=\"twitter:card\" content=\"summary_large_image\" \/>\n<meta name=\"twitter:label1\" content=\"Predpokladan\u00fd \u010das \u010d\u00edtania\" \/>\n\t<meta name=\"twitter:data1\" content=\"1 min\u00fata\" \/>\n<script type=\"application\/ld+json\" class=\"yoast-schema-graph\">{\"@context\":\"https:\/\/schema.org\",\"@graph\":[{\"@type\":\"WebPage\",\"@id\":\"https:\/\/www.zdenkapiseprevas.sk\/?page_id=11\",\"url\":\"https:\/\/www.zdenkapiseprevas.sk\/?page_id=11\",\"name\":\"Kontakt - Zdenka p\u00ed\u0161e pre v\u00e1s\",\"isPartOf\":{\"@id\":\"https:\/\/www.zdenkapiseprevas.sk\/#website\"},\"primaryImageOfPage\":{\"@id\":\"https:\/\/www.zdenkapiseprevas.sk\/?page_id=11#primaryimage\"},\"image\":{\"@id\":\"https:\/\/www.zdenkapiseprevas.sk\/?page_id=11#primaryimage\"},\"thumbnailUrl\":\"https:\/\/www.zdenkapiseprevas.sk\/wp-content\/uploads\/2020\/11\/74341278_2479095872338234_7639118996914044928_n-e1630498117852.jpg\",\"datePublished\":\"2019-10-03T16:55:48+00:00\",\"dateModified\":\"2021-09-01T12:18:18+00:00\",\"breadcrumb\":{\"@id\":\"https:\/\/www.zdenkapiseprevas.sk\/?page_id=11#breadcrumb\"},\"inLanguage\":\"sk-SK\",\"potentialAction\":[{\"@type\":\"ReadAction\",\"target\":[\"https:\/\/www.zdenkapiseprevas.sk\/?page_id=11\"]}]},{\"@type\":\"ImageObject\",\"inLanguage\":\"sk-SK\",\"@id\":\"https:\/\/www.zdenkapiseprevas.sk\/?page_id=11#primaryimage\",\"url\":\"https:\/\/www.zdenkapiseprevas.sk\/wp-content\/uploads\/2020\/11\/74341278_2479095872338234_7639118996914044928_n-e1630498117852.jpg\",\"contentUrl\":\"https:\/\/www.zdenkapiseprevas.sk\/wp-content\/uploads\/2020\/11\/74341278_2479095872338234_7639118996914044928_n-e1630498117852.jpg\",\"width\":600,\"height\":800},{\"@type\":\"BreadcrumbList\",\"@id\":\"https:\/\/www.zdenkapiseprevas.sk\/?page_id=11#breadcrumb\",\"itemListElement\":[{\"@type\":\"ListItem\",\"position\":1,\"name\":\"Home\",\"item\":\"https:\/\/www.zdenkapiseprevas.sk\/\"},{\"@type\":\"ListItem\",\"position\":2,\"name\":\"Kontakt\"}]},{\"@type\":\"WebSite\",\"@id\":\"https:\/\/www.zdenkapiseprevas.sk\/#website\",\"url\":\"https:\/\/www.zdenkapiseprevas.sk\/\",\"name\":\"Zdenka p\u00ed\u0161e pre v\u00e1s\",\"description\":\"Knihy p\u00edsan\u00e9 srdcom\",\"publisher\":{\"@id\":\"https:\/\/www.zdenkapiseprevas.sk\/#\/schema\/person\/ebeffc0fa86d464a09fe96b5644e53d2\"},\"potentialAction\":[{\"@type\":\"SearchAction\",\"target\":{\"@type\":\"EntryPoint\",\"urlTemplate\":\"https:\/\/www.zdenkapiseprevas.sk\/?s={search_term_string}\"},\"query-input\":{\"@type\":\"PropertyValueSpecification\",\"valueRequired\":true,\"valueName\":\"search_term_string\"}}],\"inLanguage\":\"sk-SK\"},{\"@type\":[\"Person\",\"Organization\"],\"@id\":\"https:\/\/www.zdenkapiseprevas.sk\/#\/schema\/person\/ebeffc0fa86d464a09fe96b5644e53d2\",\"name\":\"Zdenka.Svabekova\",\"image\":{\"@type\":\"ImageObject\",\"inLanguage\":\"sk-SK\",\"@id\":\"https:\/\/www.zdenkapiseprevas.sk\/#\/schema\/person\/image\/\",\"url\":\"https:\/\/secure.gravatar.com\/avatar\/aa2cd587c67d771b6a78e28c9a9356b769e480bfe9c98700f9d609738c52d8c7?s=96&d=mm&r=g\",\"contentUrl\":\"https:\/\/secure.gravatar.com\/avatar\/aa2cd587c67d771b6a78e28c9a9356b769e480bfe9c98700f9d609738c52d8c7?s=96&d=mm&r=g\",\"caption\":\"Zdenka.Svabekova\"},\"logo\":{\"@id\":\"https:\/\/www.zdenkapiseprevas.sk\/#\/schema\/person\/image\/\"}}]}<\/script>\n<!-- \/ Yoast SEO plugin. -->","yoast_head_json":{"title":"Kontakt - Zdenka p\u00ed\u0161e pre v\u00e1s","robots":{"index":"index","follow":"follow","max-snippet":"max-snippet:-1","max-image-preview":"max-image-preview:large","max-video-preview":"max-video-preview:-1"},"canonical":"https:\/\/www.zdenkapiseprevas.sk\/?page_id=11","og_locale":"sk_SK","og_type":"article","og_title":"Kontakt - Zdenka p\u00ed\u0161e pre v\u00e1s","og_description":"Adresa Zdenka \u0160v\u00e1bekov\u00e1, Platanov\u00e1 ulica 2355\/2, 900 42 Miloslavov, DI\u010c:1074835894 Mapa Telef\u00f3n 0948 003 631 Emailov\u00e1 adresa info@zdenkapiseprevas.sk Bankov\u00e9 spojenie: Fio banka a. s. IBAN: SK30 8330 0000 0020 0141 0350","og_url":"https:\/\/www.zdenkapiseprevas.sk\/?page_id=11","og_site_name":"Zdenka p\u00ed\u0161e pre v\u00e1s","article_modified_time":"2021-09-01T12:18:18+00:00","og_image":[{"width":600,"height":800,"url":"https:\/\/www.zdenkapiseprevas.sk\/wp-content\/uploads\/2020\/11\/74341278_2479095872338234_7639118996914044928_n-e1630498117852.jpg","type":"image\/jpeg"}],"twitter_card":"summary_large_image","twitter_misc":{"Predpokladan\u00fd \u010das \u010d\u00edtania":"1 min\u00fata"},"schema":{"@context":"https:\/\/schema.org","@graph":[{"@type":"WebPage","@id":"https:\/\/www.zdenkapiseprevas.sk\/?page_id=11","url":"https:\/\/www.zdenkapiseprevas.sk\/?page_id=11","name":"Kontakt - Zdenka p\u00ed\u0161e pre v\u00e1s","isPartOf":{"@id":"https:\/\/www.zdenkapiseprevas.sk\/#website"},"primaryImageOfPage":{"@id":"https:\/\/www.zdenkapiseprevas.sk\/?page_id=11#primaryimage"},"image":{"@id":"https:\/\/www.zdenkapiseprevas.sk\/?page_id=11#primaryimage"},"thumbnailUrl":"https:\/\/www.zdenkapiseprevas.sk\/wp-content\/uploads\/2020\/11\/74341278_2479095872338234_7639118996914044928_n-e1630498117852.jpg","datePublished":"2019-10-03T16:55:48+00:00","dateModified":"2021-09-01T12:18:18+00:00","breadcrumb":{"@id":"https:\/\/www.zdenkapiseprevas.sk\/?page_id=11#breadcrumb"},"inLanguage":"sk-SK","potentialAction":[{"@type":"ReadAction","target":["https:\/\/www.zdenkapiseprevas.sk\/?page_id=11"]}]},{"@type":"ImageObject","inLanguage":"sk-SK","@id":"https:\/\/www.zdenkapiseprevas.sk\/?page_id=11#primaryimage","url":"https:\/\/www.zdenkapiseprevas.sk\/wp-content\/uploads\/2020\/11\/74341278_2479095872338234_7639118996914044928_n-e1630498117852.jpg","contentUrl":"https:\/\/www.zdenkapiseprevas.sk\/wp-content\/uploads\/2020\/11\/74341278_2479095872338234_7639118996914044928_n-e1630498117852.jpg","width":600,"height":800},{"@type":"BreadcrumbList","@id":"https:\/\/www.zdenkapiseprevas.sk\/?page_id=11#breadcrumb","itemListElement":[{"@type":"ListItem","position":1,"name":"Home","item":"https:\/\/www.zdenkapiseprevas.sk\/"},{"@type":"ListItem","position":2,"name":"Kontakt"}]},{"@type":"WebSite","@id":"https:\/\/www.zdenkapiseprevas.sk\/#website","url":"https:\/\/www.zdenkapiseprevas.sk\/","name":"Zdenka p\u00ed\u0161e pre v\u00e1s","description":"Knihy p\u00edsan\u00e9 srdcom","publisher":{"@id":"https:\/\/www.zdenkapiseprevas.sk\/#\/schema\/person\/ebeffc0fa86d464a09fe96b5644e53d2"},"potentialAction":[{"@type":"SearchAction","target":{"@type":"EntryPoint","urlTemplate":"https:\/\/www.zdenkapiseprevas.sk\/?s={search_term_string}"},"query-input":{"@type":"PropertyValueSpecification","valueRequired":true,"valueName":"search_term_string"}}],"inLanguage":"sk-SK"},{"@type":["Person","Organization"],"@id":"https:\/\/www.zdenkapiseprevas.sk\/#\/schema\/person\/ebeffc0fa86d464a09fe96b5644e53d2","name":"Zdenka.Svabekova","image":{"@type":"ImageObject","inLanguage":"sk-SK","@id":"https:\/\/www.zdenkapiseprevas.sk\/#\/schema\/person\/image\/","url":"https:\/\/secure.gravatar.com\/avatar\/aa2cd587c67d771b6a78e28c9a9356b769e480bfe9c98700f9d609738c52d8c7?s=96&d=mm&r=g","contentUrl":"https:\/\/secure.gravatar.com\/avatar\/aa2cd587c67d771b6a78e28c9a9356b769e480bfe9c98700f9d609738c52d8c7?s=96&d=mm&r=g","caption":"Zdenka.Svabekova"},"logo":{"@id":"https:\/\/www.zdenkapiseprevas.sk\/#\/schema\/person\/image\/"}}]}},"jetpack_sharing_enabled":true,"_links":{"self":[{"href":"https:\/\/www.zdenkapiseprevas.sk\/index.php?rest_route=\/wp\/v2\/pages\/11","targetHints":{"allow":["GET"]}}],"collection":[{"href":"https:\/\/www.zdenkapiseprevas.sk\/index.php?rest_route=\/wp\/v2\/pages"}],"about":[{"href":"https:\/\/www.zdenkapiseprevas.sk\/index.php?rest_route=\/wp\/v2\/types\/page"}],"author":[{"embeddable":true,"href":"https:\/\/www.zdenkapiseprevas.sk\/index.php?rest_route=\/wp\/v2\/users\/1"}],"replies":[{"embeddable":true,"href":"https:\/\/www.zdenkapiseprevas.sk\/index.php?rest_route=%2Fwp%2Fv2%2Fcomments&post=11"}],"version-history":[{"count":6,"href":"https:\/\/www.zdenkapiseprevas.sk\/index.php?rest_route=\/wp\/v2\/pages\/11\/revisions"}],"predecessor-version":[{"id":5437,"href":"https:\/\/www.zdenkapiseprevas.sk\/index.php?rest_route=\/wp\/v2\/pages\/11\/revisions\/5437"}],"wp:featuredmedia":[{"embeddable":true,"href":"https:\/\/www.zdenkapiseprevas.sk\/index.php?rest_route=\/wp\/v2\/media\/4913"}],"wp:attachment":[{"href":"https:\/\/www.zdenkapiseprevas.sk\/index.php?rest_route=%2Fwp%2Fv2%2Fmedia&parent=11"}],"curies":[{"name":"wp","href":"https:\/\/api.w.org\/{rel}","templated":true}]}}