{"id":5480,"date":"2021-09-04T00:51:43","date_gmt":"2021-09-03T22:51:43","guid":{"rendered":"https:\/\/www.zdenkapiseprevas.sk\/?page_id=5480"},"modified":"2021-09-04T08:56:26","modified_gmt":"2021-09-04T06:56:26","slug":"preco-pisem","status":"publish","type":"page","link":"https:\/\/www.zdenkapiseprevas.sk\/?page_id=5480","title":{"rendered":"Pre\u010do p\u00ed\u0161em"},"content":{"rendered":"\t\t<div data-elementor-type=\"wp-page\" data-elementor-id=\"5480\" class=\"elementor elementor-5480\">\n\t\t\t\t\t\t<section class=\"elementor-section elementor-top-section elementor-element elementor-element-27e6a03 elementor-section-boxed elementor-section-height-default elementor-section-height-default\" data-id=\"27e6a03\" data-element_type=\"section\" data-e-type=\"section\">\n\t\t\t\t\t\t<div class=\"elementor-container elementor-column-gap-default\">\n\t\t\t\t\t<div class=\"elementor-column elementor-col-100 elementor-top-column elementor-element elementor-element-fb4782b\" data-id=\"fb4782b\" data-element_type=\"column\" data-e-type=\"column\">\n\t\t\t<div class=\"elementor-widget-wrap elementor-element-populated\">\n\t\t\t\t\t\t<div class=\"elementor-element elementor-element-7768015 elementor-widget elementor-widget-text-editor\" data-id=\"7768015\" data-element_type=\"widget\" data-e-type=\"widget\" data-widget_type=\"text-editor.default\">\n\t\t\t\t<div class=\"elementor-widget-container\">\n\t\t\t\t\t\t\t\t\t<p>Iste so mnou s\u00fahlas\u00edte, \u017ee najkraj\u0161ie a najlep\u0161ie pr\u00edbehy p\u00ed\u0161e \u017eivot s\u00e1m. Nikto sa nest\u00e1va spisovate\u013eom len tak, zo d\u0148a na de\u0148. Hoci v \u0148om m\u00f4\u017ee aj roky driema\u0165 podobn\u00e1 danos\u0165, \u017eije si vo svojom svete be\u017en\u00fdch povinnosti, starost\u00ed, \u010di radost\u00ed. Pracuje, chod\u00ed ulicami mesta, nazer\u00e1 do v\u00fdkladov obchodov, posed\u00e1va v re\u0161taur\u00e1ci\u00e1ch, \u010di v kaviar\u0148ach, stret\u00e1va sa s \u013eu\u010fmi a sleduje \u017eivot. Tis\u00edcky tv\u00e1r\u00ed, tis\u00edcky \u013eudsk\u00fdch osudov mu prejd\u00fa pred o\u010dami, vypo\u010duje si mno\u017estvo \u017eivotn\u00fdch pr\u00edbehov a s\u0165a\u017enost\u00ed na osud, na \u017eivot.<\/p><p><span class=\"_5yl5\">Popritom si uvedom\u00ed, \u017ee ani ten jeho nebol pr\u00e1ve naj\u013eah\u0161\u00ed. Bola v \u0148om l\u00e1ska, boles\u0165, zop\u00e1r zakopnut\u00ed a tvrd\u00fdch p\u00e1dov. A niekde v tom medzipriestore pre\u017eit\u00fdch rokov, pri\u0161iel ten spr\u00e1vny stimul za\u010da\u0165 p\u00edsa\u0165. <br \/><\/span><\/p><p><span class=\"_5yl5\">Osud neb\u00fdva k n\u00e1m v\u0161etk\u00fdm ve\u013emi zhovievav\u00fd. \u010casto rozd\u00e1va rany pr\u00e1ve vtedy, ke\u010f to najmenej \u010dak\u00e1me. Je len na n\u00e1s, \u010di ich ustoj\u00edme alebo nie. <br \/><\/span><\/p><p><span class=\"_5yl5\">Hrdinovia mojich kn\u00edh s\u00fa \u00faplne oby\u010dajn\u00ed \u013eudia. \u017deny, matky, dc\u00e9ry. Milovan\u00e9 aj nen\u00e1viden\u00e9, siln\u00e9 aj slab\u00e9, vzdelan\u00e9 aj nevzdelan\u00e9. Ale rozhodnut\u00e9 prelomi\u0165 strach, hanbu, odhalen\u00edm dlho utajovanej pravdy. Ich pr\u00edbehy sa mi ve\u013emi \u0165a\u017eko po\u010d\u00favali a e\u0161te \u0165a\u017e\u0161ie d\u00e1vali na papier. <br \/><\/span><\/p><p><span class=\"_5yl5\">Niekde som \u010d\u00edtala, \u017ee ak pri p\u00edsan\u00ed knihy pla\u010de autor, potom bud\u00fa plaka\u0165 aj jej \u010ditatelia. Chv\u00ed\u013eami som pre\u017e\u00edvala detstvo, dozrievanie aj l\u00e1sku s hrdinkou m\u00f4jho pr\u00edbehu a chv\u00ed\u013eami ronila slzy, nad jej krut\u00fdm osudom. Ako to bude s vami? Nap\u00ed\u0161te mi.<\/span><\/p><p>Va\u0161a Zdenka<\/p>\t\t\t\t\t\t\t\t<\/div>\n\t\t\t\t<\/div>\n\t\t\t\t<div class=\"elementor-element elementor-element-e3a2b04 elementor-widget elementor-widget-image\" data-id=\"e3a2b04\" data-element_type=\"widget\" data-e-type=\"widget\" data-widget_type=\"image.default\">\n\t\t\t\t<div class=\"elementor-widget-container\">\n\t\t\t\t\t\t\t\t\t\t\t\t\t\t\t<img fetchpriority=\"high\" decoding=\"async\" width=\"225\" height=\"300\" src=\"https:\/\/www.zdenkapiseprevas.sk\/wp-content\/uploads\/2021\/09\/87318641_2845291548898000_4821031245649543168_n-225x300.jpg\" class=\"attachment-medium size-medium wp-image-5485\" alt=\"\" srcset=\"https:\/\/www.zdenkapiseprevas.sk\/wp-content\/uploads\/2021\/09\/87318641_2845291548898000_4821031245649543168_n-225x300.jpg 225w, https:\/\/www.zdenkapiseprevas.sk\/wp-content\/uploads\/2021\/09\/87318641_2845291548898000_4821031245649543168_n-300x400.jpg 300w, https:\/\/www.zdenkapiseprevas.sk\/wp-content\/uploads\/2021\/09\/87318641_2845291548898000_4821031245649543168_n.jpg 720w\" sizes=\"(max-width: 225px) 100vw, 225px\" \/>\t\t\t\t\t\t\t\t\t\t\t\t\t\t\t<\/div>\n\t\t\t\t<\/div>\n\t\t\t\t\t<\/div>\n\t\t<\/div>\n\t\t\t\t\t<\/div>\n\t\t<\/section>\n\t\t\t\t<\/div>\n\t\t","protected":false},"excerpt":{"rendered":"<p>Iste so mnou s\u00fahlas\u00edte, \u017ee najkraj\u0161ie a najlep\u0161ie pr\u00edbehy p\u00ed\u0161e \u017eivot s\u00e1m. Nikto sa nest\u00e1va spisovate\u013eom len tak, zo d\u0148a na de\u0148. Hoci v \u0148om m\u00f4\u017ee aj roky driema\u0165 podobn\u00e1 danos\u0165, \u017eije si vo svojom svete be\u017en\u00fdch povinnosti, starost\u00ed, \u010di &hellip; <a href=\"https:\/\/www.zdenkapiseprevas.sk\/?page_id=5480\">Pokra\u010dova\u0165 v \u010d\u00edtan\u00ed <span class=\"meta-nav\">&rarr;<\/span><\/a><\/p>\n","protected":false},"author":1,"featured_media":0,"parent":0,"menu_order":0,"comment_status":"closed","ping_status":"closed","template":"","meta":{"_bbp_topic_count":0,"_bbp_reply_count":0,"_bbp_total_topic_count":0,"_bbp_total_reply_count":0,"_bbp_voice_count":0,"_bbp_anonymous_reply_count":0,"_bbp_topic_count_hidden":0,"_bbp_reply_count_hidden":0,"_bbp_forum_subforum_count":0,"_monsterinsights_skip_tracking":false,"_monsterinsights_sitenote_active":false,"_monsterinsights_sitenote_note":"","_monsterinsights_sitenote_category":0,"footnotes":""},"class_list":["post-5480","page","type-page","status-publish","hentry"],"yoast_head":"<!-- This site is optimized with the Yoast SEO plugin v26.4 - https:\/\/yoast.com\/wordpress\/plugins\/seo\/ -->\n<title>Pre\u010do p\u00ed\u0161em - Zdenka p\u00ed\u0161e pre v\u00e1s<\/title>\n<meta name=\"robots\" content=\"index, follow, max-snippet:-1, max-image-preview:large, max-video-preview:-1\" \/>\n<link rel=\"canonical\" href=\"https:\/\/www.zdenkapiseprevas.sk\/?page_id=5480\" \/>\n<meta property=\"og:locale\" content=\"sk_SK\" \/>\n<meta property=\"og:type\" content=\"article\" \/>\n<meta property=\"og:title\" content=\"Pre\u010do p\u00ed\u0161em - Zdenka p\u00ed\u0161e pre v\u00e1s\" \/>\n<meta property=\"og:description\" content=\"Iste so mnou s\u00fahlas\u00edte, \u017ee najkraj\u0161ie a najlep\u0161ie pr\u00edbehy p\u00ed\u0161e \u017eivot s\u00e1m. Nikto sa nest\u00e1va spisovate\u013eom len tak, zo d\u0148a na de\u0148. Hoci v \u0148om m\u00f4\u017ee aj roky driema\u0165 podobn\u00e1 danos\u0165, \u017eije si vo svojom svete be\u017en\u00fdch povinnosti, starost\u00ed, \u010di &hellip; Pokra\u010dova\u0165 v \u010d\u00edtan\u00ed &rarr;\" \/>\n<meta property=\"og:url\" content=\"https:\/\/www.zdenkapiseprevas.sk\/?page_id=5480\" \/>\n<meta property=\"og:site_name\" content=\"Zdenka p\u00ed\u0161e pre v\u00e1s\" \/>\n<meta property=\"article:modified_time\" content=\"2021-09-04T06:56:26+00:00\" \/>\n<meta property=\"og:image\" content=\"https:\/\/www.zdenkapiseprevas.sk\/wp-content\/uploads\/2021\/09\/87318641_2845291548898000_4821031245649543168_n-225x300.jpg\" \/>\n<meta name=\"twitter:card\" content=\"summary_large_image\" \/>\n<meta name=\"twitter:label1\" content=\"Predpokladan\u00fd \u010das \u010d\u00edtania\" \/>\n\t<meta name=\"twitter:data1\" content=\"1 min\u00fata\" \/>\n<script type=\"application\/ld+json\" class=\"yoast-schema-graph\">{\"@context\":\"https:\/\/schema.org\",\"@graph\":[{\"@type\":\"WebPage\",\"@id\":\"https:\/\/www.zdenkapiseprevas.sk\/?page_id=5480\",\"url\":\"https:\/\/www.zdenkapiseprevas.sk\/?page_id=5480\",\"name\":\"Pre\u010do p\u00ed\u0161em - Zdenka p\u00ed\u0161e pre v\u00e1s\",\"isPartOf\":{\"@id\":\"https:\/\/www.zdenkapiseprevas.sk\/#website\"},\"primaryImageOfPage\":{\"@id\":\"https:\/\/www.zdenkapiseprevas.sk\/?page_id=5480#primaryimage\"},\"image\":{\"@id\":\"https:\/\/www.zdenkapiseprevas.sk\/?page_id=5480#primaryimage\"},\"thumbnailUrl\":\"https:\/\/www.zdenkapiseprevas.sk\/wp-content\/uploads\/2021\/09\/87318641_2845291548898000_4821031245649543168_n-225x300.jpg\",\"datePublished\":\"2021-09-03T22:51:43+00:00\",\"dateModified\":\"2021-09-04T06:56:26+00:00\",\"breadcrumb\":{\"@id\":\"https:\/\/www.zdenkapiseprevas.sk\/?page_id=5480#breadcrumb\"},\"inLanguage\":\"sk-SK\",\"potentialAction\":[{\"@type\":\"ReadAction\",\"target\":[\"https:\/\/www.zdenkapiseprevas.sk\/?page_id=5480\"]}]},{\"@type\":\"ImageObject\",\"inLanguage\":\"sk-SK\",\"@id\":\"https:\/\/www.zdenkapiseprevas.sk\/?page_id=5480#primaryimage\",\"url\":\"https:\/\/www.zdenkapiseprevas.sk\/wp-content\/uploads\/2021\/09\/87318641_2845291548898000_4821031245649543168_n.jpg\",\"contentUrl\":\"https:\/\/www.zdenkapiseprevas.sk\/wp-content\/uploads\/2021\/09\/87318641_2845291548898000_4821031245649543168_n.jpg\",\"width\":720,\"height\":960},{\"@type\":\"BreadcrumbList\",\"@id\":\"https:\/\/www.zdenkapiseprevas.sk\/?page_id=5480#breadcrumb\",\"itemListElement\":[{\"@type\":\"ListItem\",\"position\":1,\"name\":\"Home\",\"item\":\"https:\/\/www.zdenkapiseprevas.sk\/\"},{\"@type\":\"ListItem\",\"position\":2,\"name\":\"Pre\u010do p\u00ed\u0161em\"}]},{\"@type\":\"WebSite\",\"@id\":\"https:\/\/www.zdenkapiseprevas.sk\/#website\",\"url\":\"https:\/\/www.zdenkapiseprevas.sk\/\",\"name\":\"Zdenka p\u00ed\u0161e pre v\u00e1s\",\"description\":\"Knihy p\u00edsan\u00e9 srdcom\",\"publisher\":{\"@id\":\"https:\/\/www.zdenkapiseprevas.sk\/#\/schema\/person\/ebeffc0fa86d464a09fe96b5644e53d2\"},\"potentialAction\":[{\"@type\":\"SearchAction\",\"target\":{\"@type\":\"EntryPoint\",\"urlTemplate\":\"https:\/\/www.zdenkapiseprevas.sk\/?s={search_term_string}\"},\"query-input\":{\"@type\":\"PropertyValueSpecification\",\"valueRequired\":true,\"valueName\":\"search_term_string\"}}],\"inLanguage\":\"sk-SK\"},{\"@type\":[\"Person\",\"Organization\"],\"@id\":\"https:\/\/www.zdenkapiseprevas.sk\/#\/schema\/person\/ebeffc0fa86d464a09fe96b5644e53d2\",\"name\":\"Zdenka.Svabekova\",\"image\":{\"@type\":\"ImageObject\",\"inLanguage\":\"sk-SK\",\"@id\":\"https:\/\/www.zdenkapiseprevas.sk\/#\/schema\/person\/image\/\",\"url\":\"https:\/\/secure.gravatar.com\/avatar\/aa2cd587c67d771b6a78e28c9a9356b769e480bfe9c98700f9d609738c52d8c7?s=96&d=mm&r=g\",\"contentUrl\":\"https:\/\/secure.gravatar.com\/avatar\/aa2cd587c67d771b6a78e28c9a9356b769e480bfe9c98700f9d609738c52d8c7?s=96&d=mm&r=g\",\"caption\":\"Zdenka.Svabekova\"},\"logo\":{\"@id\":\"https:\/\/www.zdenkapiseprevas.sk\/#\/schema\/person\/image\/\"}}]}<\/script>\n<!-- \/ Yoast SEO plugin. -->","yoast_head_json":{"title":"Pre\u010do p\u00ed\u0161em - Zdenka p\u00ed\u0161e pre v\u00e1s","robots":{"index":"index","follow":"follow","max-snippet":"max-snippet:-1","max-image-preview":"max-image-preview:large","max-video-preview":"max-video-preview:-1"},"canonical":"https:\/\/www.zdenkapiseprevas.sk\/?page_id=5480","og_locale":"sk_SK","og_type":"article","og_title":"Pre\u010do p\u00ed\u0161em - Zdenka p\u00ed\u0161e pre v\u00e1s","og_description":"Iste so mnou s\u00fahlas\u00edte, \u017ee najkraj\u0161ie a najlep\u0161ie pr\u00edbehy p\u00ed\u0161e \u017eivot s\u00e1m. Nikto sa nest\u00e1va spisovate\u013eom len tak, zo d\u0148a na de\u0148. Hoci v \u0148om m\u00f4\u017ee aj roky driema\u0165 podobn\u00e1 danos\u0165, \u017eije si vo svojom svete be\u017en\u00fdch povinnosti, starost\u00ed, \u010di &hellip; Pokra\u010dova\u0165 v \u010d\u00edtan\u00ed &rarr;","og_url":"https:\/\/www.zdenkapiseprevas.sk\/?page_id=5480","og_site_name":"Zdenka p\u00ed\u0161e pre v\u00e1s","article_modified_time":"2021-09-04T06:56:26+00:00","og_image":[{"url":"https:\/\/www.zdenkapiseprevas.sk\/wp-content\/uploads\/2021\/09\/87318641_2845291548898000_4821031245649543168_n-225x300.jpg","type":"","width":"","height":""}],"twitter_card":"summary_large_image","twitter_misc":{"Predpokladan\u00fd \u010das \u010d\u00edtania":"1 min\u00fata"},"schema":{"@context":"https:\/\/schema.org","@graph":[{"@type":"WebPage","@id":"https:\/\/www.zdenkapiseprevas.sk\/?page_id=5480","url":"https:\/\/www.zdenkapiseprevas.sk\/?page_id=5480","name":"Pre\u010do p\u00ed\u0161em - Zdenka p\u00ed\u0161e pre v\u00e1s","isPartOf":{"@id":"https:\/\/www.zdenkapiseprevas.sk\/#website"},"primaryImageOfPage":{"@id":"https:\/\/www.zdenkapiseprevas.sk\/?page_id=5480#primaryimage"},"image":{"@id":"https:\/\/www.zdenkapiseprevas.sk\/?page_id=5480#primaryimage"},"thumbnailUrl":"https:\/\/www.zdenkapiseprevas.sk\/wp-content\/uploads\/2021\/09\/87318641_2845291548898000_4821031245649543168_n-225x300.jpg","datePublished":"2021-09-03T22:51:43+00:00","dateModified":"2021-09-04T06:56:26+00:00","breadcrumb":{"@id":"https:\/\/www.zdenkapiseprevas.sk\/?page_id=5480#breadcrumb"},"inLanguage":"sk-SK","potentialAction":[{"@type":"ReadAction","target":["https:\/\/www.zdenkapiseprevas.sk\/?page_id=5480"]}]},{"@type":"ImageObject","inLanguage":"sk-SK","@id":"https:\/\/www.zdenkapiseprevas.sk\/?page_id=5480#primaryimage","url":"https:\/\/www.zdenkapiseprevas.sk\/wp-content\/uploads\/2021\/09\/87318641_2845291548898000_4821031245649543168_n.jpg","contentUrl":"https:\/\/www.zdenkapiseprevas.sk\/wp-content\/uploads\/2021\/09\/87318641_2845291548898000_4821031245649543168_n.jpg","width":720,"height":960},{"@type":"BreadcrumbList","@id":"https:\/\/www.zdenkapiseprevas.sk\/?page_id=5480#breadcrumb","itemListElement":[{"@type":"ListItem","position":1,"name":"Home","item":"https:\/\/www.zdenkapiseprevas.sk\/"},{"@type":"ListItem","position":2,"name":"Pre\u010do p\u00ed\u0161em"}]},{"@type":"WebSite","@id":"https:\/\/www.zdenkapiseprevas.sk\/#website","url":"https:\/\/www.zdenkapiseprevas.sk\/","name":"Zdenka p\u00ed\u0161e pre v\u00e1s","description":"Knihy p\u00edsan\u00e9 srdcom","publisher":{"@id":"https:\/\/www.zdenkapiseprevas.sk\/#\/schema\/person\/ebeffc0fa86d464a09fe96b5644e53d2"},"potentialAction":[{"@type":"SearchAction","target":{"@type":"EntryPoint","urlTemplate":"https:\/\/www.zdenkapiseprevas.sk\/?s={search_term_string}"},"query-input":{"@type":"PropertyValueSpecification","valueRequired":true,"valueName":"search_term_string"}}],"inLanguage":"sk-SK"},{"@type":["Person","Organization"],"@id":"https:\/\/www.zdenkapiseprevas.sk\/#\/schema\/person\/ebeffc0fa86d464a09fe96b5644e53d2","name":"Zdenka.Svabekova","image":{"@type":"ImageObject","inLanguage":"sk-SK","@id":"https:\/\/www.zdenkapiseprevas.sk\/#\/schema\/person\/image\/","url":"https:\/\/secure.gravatar.com\/avatar\/aa2cd587c67d771b6a78e28c9a9356b769e480bfe9c98700f9d609738c52d8c7?s=96&d=mm&r=g","contentUrl":"https:\/\/secure.gravatar.com\/avatar\/aa2cd587c67d771b6a78e28c9a9356b769e480bfe9c98700f9d609738c52d8c7?s=96&d=mm&r=g","caption":"Zdenka.Svabekova"},"logo":{"@id":"https:\/\/www.zdenkapiseprevas.sk\/#\/schema\/person\/image\/"}}]}},"jetpack_sharing_enabled":true,"_links":{"self":[{"href":"https:\/\/www.zdenkapiseprevas.sk\/index.php?rest_route=\/wp\/v2\/pages\/5480","targetHints":{"allow":["GET"]}}],"collection":[{"href":"https:\/\/www.zdenkapiseprevas.sk\/index.php?rest_route=\/wp\/v2\/pages"}],"about":[{"href":"https:\/\/www.zdenkapiseprevas.sk\/index.php?rest_route=\/wp\/v2\/types\/page"}],"author":[{"embeddable":true,"href":"https:\/\/www.zdenkapiseprevas.sk\/index.php?rest_route=\/wp\/v2\/users\/1"}],"replies":[{"embeddable":true,"href":"https:\/\/www.zdenkapiseprevas.sk\/index.php?rest_route=%2Fwp%2Fv2%2Fcomments&post=5480"}],"version-history":[{"count":6,"href":"https:\/\/www.zdenkapiseprevas.sk\/index.php?rest_route=\/wp\/v2\/pages\/5480\/revisions"}],"predecessor-version":[{"id":5508,"href":"https:\/\/www.zdenkapiseprevas.sk\/index.php?rest_route=\/wp\/v2\/pages\/5480\/revisions\/5508"}],"wp:attachment":[{"href":"https:\/\/www.zdenkapiseprevas.sk\/index.php?rest_route=%2Fwp%2Fv2%2Fmedia&parent=5480"}],"curies":[{"name":"wp","href":"https:\/\/api.w.org\/{rel}","templated":true}]}}