{"id":6156,"date":"2021-09-15T19:20:01","date_gmt":"2021-09-15T17:20:01","guid":{"rendered":"https:\/\/www.zdenkapiseprevas.sk\/?page_id=6156"},"modified":"2021-09-15T21:36:02","modified_gmt":"2021-09-15T19:36:02","slug":"nehladaj-pravdu-pohlad-zvnutra","status":"publish","type":"page","link":"https:\/\/www.zdenkapiseprevas.sk\/?page_id=6156","title":{"rendered":"Neh\u013eadaj pravdu &#8211; poh\u013ead zvn\u00fatra"},"content":{"rendered":"\t\t<div data-elementor-type=\"wp-page\" data-elementor-id=\"6156\" class=\"elementor elementor-6156\">\n\t\t\t\t\t\t<section class=\"elementor-section elementor-top-section elementor-element elementor-element-b4ef09c elementor-section-boxed elementor-section-height-default elementor-section-height-default\" data-id=\"b4ef09c\" data-element_type=\"section\" data-e-type=\"section\">\n\t\t\t\t\t\t<div class=\"elementor-container elementor-column-gap-default\">\n\t\t\t\t\t<div class=\"elementor-column elementor-col-100 elementor-top-column elementor-element elementor-element-f680a9c\" data-id=\"f680a9c\" data-element_type=\"column\" data-e-type=\"column\">\n\t\t\t<div class=\"elementor-widget-wrap elementor-element-populated\">\n\t\t\t\t\t\t<div class=\"elementor-element elementor-element-53efd82 elementor-widget elementor-widget-text-editor\" data-id=\"53efd82\" data-element_type=\"widget\" data-e-type=\"widget\" data-widget_type=\"text-editor.default\">\n\t\t\t\t<div class=\"elementor-widget-container\">\n\t\t\t\t\t\t\t\t\t<p>Ke\u010f ma pred niekedy v\u00a0decembri minul\u00e9ho roku oslovila Zdenka Wenzlov\u00e1 \u0160v\u00e1bekov\u00e1, \u010di by som sa nepodujal spolupodie\u013ea\u0165 sa na jej novej knihe NEH\u013dADAJ PRAVDU ako redaktor a\u00a0korektor, vyrazila mi t\u00fdm dych. Nie preto, \u017eeby som sa na t\u00fato \u0165a\u017ek\u00fa a\u00a0zodpovedn\u00fa \u00falohu nec\u00edtil, milujem v\u00fdzvy a\u00a0toto bola v\u00fdzvy z\u00a0kateg\u00f3rie vysn\u00edvan\u00fdch, ale preto, \u017ee pozn\u00e1m Zdenkin \u0161t\u00fdl p\u00edsania, a\u017e na jednu (Nav\u017edy prekliata) som pre\u010d\u00edtal v\u0161etky jej knihy, rom\u00e1ny aj b\u00e1snick\u00e9 zbierky. Viem ak\u00fdm \u0161t\u00fdlom p\u00ed\u0161e, ak\u00fd \u017e\u00e1ner vyzn\u00e1va a\u00a0ak\u00e9 \u0165a\u017ek\u00e9 s\u00fa pr\u00edbehy, ktor\u00e9 vych\u00e1dzaj\u00fa z\u00a0jej \u201edielne\u201c. Nehovoriac o\u00a0tom, \u017ee Zdenka p\u00ed\u0161e o\u00a0\u017een\u00e1ch a\u00a0pre \u017eeny a\u00a0pre m\u0148a ako pre mu\u017ea je n\u00e1ro\u010dn\u00e9 v\u017ei\u0165 sa do pocitov a\u00a0du\u0161e \u017eeny.<\/p><p>Niekedy v\u00a0marci som dostal k\u00a0nahliadnutiu prv\u00e9 strany pr\u00edbehu Vikt\u00f3rie a &#8230;zostal som v\u00a0\u0161oku. Zdenka sa vzdialila od svojho sp\u00f4sobu p\u00edsania na nieko\u013eko m\u00ed\u013e. Nie\u017eeby to bolo na \u0161kodu, to nie, len som sa s\u00a0t\u00fdm musel stoto\u017eni\u0165. Pritvrdila. Dovtedy som mal len kus\u00e9 inform\u00e1cie o\u00a0n\u00e1mete pr\u00edbehu, vedel som, \u017ee je to pr\u00edbeh diev\u010da\u0165a, ktor\u00e9 sa muselo sta\u0165 \u017eenou sk\u00f4r, ne\u017e si to Vikt\u00f3ria sama \u017eelala. Zdenka pritvrdila v\u00a0pr\u00edbehu, a\u00a0aj v\u00a0slovn\u00edku. Nie, nie je to na \u0161kodu, pr\u00e1ve naopak. Rom\u00e1n dostal in\u00e9 gr\u00e1dy. Niekto by ho mo\u017eno zaradil medzi erotick\u00fa literat\u00faru, ja nie. Preto\u017ee, hoci sa v\u00a0rom\u00e1ne Neh\u013eadaj pravdu n\u00e1jde dos\u0165 erotick\u00fdch sc\u00e9n, ktor\u00e9 si samotn\u00fd pr\u00edbeh doslova vy\u017eaduje, v\u00a0tejto knihe nie s\u00fa v\u00f4bec d\u00f4le\u017eit\u00e9. D\u00f4le\u017eit\u00e9 je nie\u010do \u00faplne in\u00e9. Samotn\u00fd dej. A\u00a0ten je presne tak\u00fd, ako to sn\u00e1\u010f len autorka vie nap\u00edsa\u0165. Romantick\u00fd, realistick\u00fd, s\u00a0prudk\u00fdm n\u00e1bojom po\u00e9zie. Miestami surov\u00fd, a\u017e z\u00a0neho mraz\u00ed, aby vz\u00e1p\u00e4t\u00ed pre\u0161iel do ne\u017enej, l\u00e1skou naplnenej idyly. Neh\u013eadaj pravdu je in\u00fd, ako prech\u00e1dzaj\u00face diela Zdenky Wenzlovej \u0160v\u00e1bekovej. Je plastick\u00fd, s\u00a0ve\u013emi dobre vykreslen\u00fdmi postavami, bez hluch\u00fdch miest. Pod\u013ea m\u0148a Zdenka v\u00fdborne vyu\u017eila priestor dvesto\u0161es\u0165desiatich str\u00e1n, ktor\u00e9 si na ten pr\u00edbeh vy\u010dlenila, hoci ako sama prizn\u00e1va, mohlo ich by\u0165 e\u0161te o\u00a0nie\u010do viac. Aj v\u00a0tejto knihe je pozna\u0165, \u017ee nie je ve\u013ek\u00fdm z\u00e1stancom opisov post\u00e1v, \u010di dejov, jej pr\u00edbeh je priamo\u010diary, bez zbyto\u010dn\u00e9ho k\u013eu\u010dkovania, \u010di zat\u00e1\u010dok. Modern\u00fd sp\u00f4sob p\u00edsania je Zdenke vlastn\u00fd, slovn\u00edk je s\u00edce jednoduch\u00fd, ale zrozumite\u013en\u00fd, v\u00a0ur\u010dit\u00fdch pas\u00e1\u017each je c\u00edti\u0165, \u017ee Zdenka je tie\u017e poetka a\u00a0b\u00e1sne s\u00fa jej dom\u00e9nou. M\u0148a ve\u013emi te\u0161\u00ed, \u017ee si do svojho rom\u00e1nu vybrala aj jednu z\u00a0mojich b\u00e1sn\u00ed.<\/p><p>Mus\u00edm prizna\u0165, \u017ee boli chv\u00edle, ke\u010f sme sa n\u00e1zorovo rozch\u00e1dzali a\u00a0obaja sme potrebovali zna\u010dn\u00fa d\u00e1vku trpezlivosti a\u00a0pochopenia, aby sme si svoje postoje vysvetlili. Samozrejme, nakoniec som ust\u00fapil, ale v\u00a0mnoh\u00fdch pr\u00edpadoch sme sa dohodli na kompromise a\u00a0mysl\u00edm si, \u017ee to pr\u00edbehu neubl\u00ed\u017eilo. K\u00a0\u010ditate\u013eom a\u00a0najm\u00e4 k\u00a0\u010ditate\u013ek\u00e1m sa dost\u00e1va \u010fal\u0161\u00ed v\u00fdborne nap\u00edsan\u00fd rom\u00e1n. Som nesmierne r\u00e1d, \u017ee som bol pri jeho zrode. NEH\u013dADAJ PRAVDU si ur\u010dite n\u00e1jde dostatok svojich priaznivcov. U\u017e dnes sa te\u0161\u00edm na \u010fal\u0161iu knihu Zdenky Wenzlovej \u0160v\u00e1bekovej Nemus\u00ed\u0161 prosi\u0165. \u010eal\u0161\u00ed skuto\u010dn\u00fd pr\u00edbeh zo \u017eivota \u017eeny.<\/p><p>Julien Dan &#8211; redaktor a korektor knihy Neh\u013eadaj pravdu, spisovate\u013e<\/p>\t\t\t\t\t\t\t\t<\/div>\n\t\t\t\t<\/div>\n\t\t\t\t\t<\/div>\n\t\t<\/div>\n\t\t\t\t\t<\/div>\n\t\t<\/section>\n\t\t\t\t<section class=\"elementor-section elementor-top-section elementor-element elementor-element-4de3623 elementor-section-boxed elementor-section-height-default elementor-section-height-default\" data-id=\"4de3623\" data-element_type=\"section\" data-e-type=\"section\">\n\t\t\t\t\t\t<div class=\"elementor-container elementor-column-gap-default\">\n\t\t\t\t\t<div class=\"elementor-column elementor-col-100 elementor-top-column elementor-element elementor-element-2978e7f\" data-id=\"2978e7f\" data-element_type=\"column\" data-e-type=\"column\">\n\t\t\t<div class=\"elementor-widget-wrap elementor-element-populated\">\n\t\t\t\t\t\t<div class=\"elementor-element elementor-element-c10b5b4 elementor-widget elementor-widget-image\" data-id=\"c10b5b4\" data-element_type=\"widget\" data-e-type=\"widget\" data-widget_type=\"image.default\">\n\t\t\t\t<div class=\"elementor-widget-container\">\n\t\t\t\t\t\t\t\t\t\t\t\t\t\t\t<img fetchpriority=\"high\" decoding=\"async\" width=\"225\" height=\"300\" src=\"https:\/\/www.zdenkapiseprevas.sk\/wp-content\/uploads\/2021\/09\/122246291_3473965162697299_3767662493925842696_n-225x300.jpg\" class=\"attachment-medium size-medium wp-image-6138\" alt=\"\" srcset=\"https:\/\/www.zdenkapiseprevas.sk\/wp-content\/uploads\/2021\/09\/122246291_3473965162697299_3767662493925842696_n-225x300.jpg 225w, https:\/\/www.zdenkapiseprevas.sk\/wp-content\/uploads\/2021\/09\/122246291_3473965162697299_3767662493925842696_n-300x400.jpg 300w, https:\/\/www.zdenkapiseprevas.sk\/wp-content\/uploads\/2021\/09\/122246291_3473965162697299_3767662493925842696_n.jpg 720w\" sizes=\"(max-width: 225px) 100vw, 225px\" \/>\t\t\t\t\t\t\t\t\t\t\t\t\t\t\t<\/div>\n\t\t\t\t<\/div>\n\t\t\t\t\t<\/div>\n\t\t<\/div>\n\t\t\t\t\t<\/div>\n\t\t<\/section>\n\t\t\t\t<section class=\"elementor-section elementor-top-section elementor-element elementor-element-bc7cc14 elementor-section-boxed elementor-section-height-default elementor-section-height-default\" data-id=\"bc7cc14\" data-element_type=\"section\" data-e-type=\"section\">\n\t\t\t\t\t\t<div class=\"elementor-container elementor-column-gap-default\">\n\t\t\t\t\t<div class=\"elementor-column elementor-col-100 elementor-top-column elementor-element elementor-element-07c7763\" data-id=\"07c7763\" data-element_type=\"column\" data-e-type=\"column\">\n\t\t\t<div class=\"elementor-widget-wrap elementor-element-populated\">\n\t\t\t\t\t\t<div class=\"elementor-element elementor-element-c76576f elementor-align-justify elementor-widget elementor-widget-button\" data-id=\"c76576f\" data-element_type=\"widget\" data-e-type=\"widget\" data-widget_type=\"button.default\">\n\t\t\t\t<div class=\"elementor-widget-container\">\n\t\t\t\t\t\t\t\t\t<div class=\"elementor-button-wrapper\">\n\t\t\t\t\t<a class=\"elementor-button elementor-button-link elementor-size-sm\" href=\"https:\/\/www.zdenkapiseprevas.sk\/?page_id=6177\" target=\"_blank\">\n\t\t\t\t\t\t<span class=\"elementor-button-content-wrapper\">\n\t\t\t\t\t\t<span class=\"elementor-button-icon\">\n\t\t\t\t<svg aria-hidden=\"true\" class=\"e-font-icon-svg e-far-hand-point-right\" viewBox=\"0 0 512 512\" xmlns=\"http:\/\/www.w3.org\/2000\/svg\"><path d=\"M428.8 137.6h-86.177a115.52 115.52 0 0 0 2.176-22.4c0-47.914-35.072-83.2-92-83.2-45.314 0-57.002 48.537-75.707 78.784-7.735 12.413-16.994 23.317-25.851 33.253l-.131.146-.129.148C135.662 161.807 127.764 168 120.8 168h-2.679c-5.747-4.952-13.536-8-22.12-8H32c-17.673 0-32 12.894-32 28.8v230.4C0 435.106 14.327 448 32 448h64c8.584 0 16.373-3.048 22.12-8h2.679c28.688 0 67.137 40 127.2 40h21.299c62.542 0 98.8-38.658 99.94-91.145 12.482-17.813 18.491-40.785 15.985-62.791A93.148 93.148 0 0 0 393.152 304H428.8c45.435 0 83.2-37.584 83.2-83.2 0-45.099-38.101-83.2-83.2-83.2zm0 118.4h-91.026c12.837 14.669 14.415 42.825-4.95 61.05 11.227 19.646 1.687 45.624-12.925 53.625 6.524 39.128-10.076 61.325-50.6 61.325H248c-45.491 0-77.21-35.913-120-39.676V215.571c25.239-2.964 42.966-21.222 59.075-39.596 11.275-12.65 21.725-25.3 30.799-39.875C232.355 112.712 244.006 80 252.8 80c23.375 0 44 8.8 44 35.2 0 35.2-26.4 53.075-26.4 70.4h158.4c18.425 0 35.2 16.5 35.2 35.2 0 18.975-16.225 35.2-35.2 35.2zM88 384c0 13.255-10.745 24-24 24s-24-10.745-24-24 10.745-24 24-24 24 10.745 24 24z\"><\/path><\/svg>\t\t\t<\/span>\n\t\t\t\t\t\t\t\t\t<span class=\"elementor-button-text\">Prejs\u0165 na recenzie a koment\u00e1re knihy<\/span>\n\t\t\t\t\t<\/span>\n\t\t\t\t\t<\/a>\n\t\t\t\t<\/div>\n\t\t\t\t\t\t\t\t<\/div>\n\t\t\t\t<\/div>\n\t\t\t\t\t<\/div>\n\t\t<\/div>\n\t\t\t\t\t<\/div>\n\t\t<\/section>\n\t\t\t\t<\/div>\n\t\t","protected":false},"excerpt":{"rendered":"<p>Ke\u010f ma pred niekedy v\u00a0decembri minul\u00e9ho roku oslovila Zdenka Wenzlov\u00e1 \u0160v\u00e1bekov\u00e1, \u010di by som sa nepodujal spolupodie\u013ea\u0165 sa na jej novej knihe NEH\u013dADAJ PRAVDU ako redaktor a\u00a0korektor, vyrazila mi t\u00fdm dych. Nie preto, \u017eeby som sa na t\u00fato \u0165a\u017ek\u00fa a\u00a0zodpovedn\u00fa &hellip; <a href=\"https:\/\/www.zdenkapiseprevas.sk\/?page_id=6156\">Pokra\u010dova\u0165 v \u010d\u00edtan\u00ed <span class=\"meta-nav\">&rarr;<\/span><\/a><\/p>\n","protected":false},"author":1,"featured_media":0,"parent":0,"menu_order":0,"comment_status":"closed","ping_status":"closed","template":"","meta":{"_bbp_topic_count":0,"_bbp_reply_count":0,"_bbp_total_topic_count":0,"_bbp_total_reply_count":0,"_bbp_voice_count":0,"_bbp_anonymous_reply_count":0,"_bbp_topic_count_hidden":0,"_bbp_reply_count_hidden":0,"_bbp_forum_subforum_count":0,"_monsterinsights_skip_tracking":false,"_monsterinsights_sitenote_active":false,"_monsterinsights_sitenote_note":"","_monsterinsights_sitenote_category":0,"footnotes":""},"class_list":["post-6156","page","type-page","status-publish","hentry"],"yoast_head":"<!-- This site is optimized with the Yoast SEO plugin v26.4 - https:\/\/yoast.com\/wordpress\/plugins\/seo\/ -->\n<title>Neh\u013eadaj pravdu - poh\u013ead zvn\u00fatra - Zdenka p\u00ed\u0161e pre v\u00e1s<\/title>\n<meta name=\"robots\" content=\"index, follow, max-snippet:-1, max-image-preview:large, max-video-preview:-1\" \/>\n<link rel=\"canonical\" href=\"https:\/\/www.zdenkapiseprevas.sk\/?page_id=6156\" \/>\n<meta property=\"og:locale\" content=\"sk_SK\" \/>\n<meta property=\"og:type\" content=\"article\" \/>\n<meta property=\"og:title\" content=\"Neh\u013eadaj pravdu - poh\u013ead zvn\u00fatra - Zdenka p\u00ed\u0161e pre v\u00e1s\" \/>\n<meta property=\"og:description\" content=\"Ke\u010f ma pred niekedy v\u00a0decembri minul\u00e9ho roku oslovila Zdenka Wenzlov\u00e1 \u0160v\u00e1bekov\u00e1, \u010di by som sa nepodujal spolupodie\u013ea\u0165 sa na jej novej knihe NEH\u013dADAJ PRAVDU ako redaktor a\u00a0korektor, vyrazila mi t\u00fdm dych. Nie preto, \u017eeby som sa na t\u00fato \u0165a\u017ek\u00fa a\u00a0zodpovedn\u00fa &hellip; Pokra\u010dova\u0165 v \u010d\u00edtan\u00ed &rarr;\" \/>\n<meta property=\"og:url\" content=\"https:\/\/www.zdenkapiseprevas.sk\/?page_id=6156\" \/>\n<meta property=\"og:site_name\" content=\"Zdenka p\u00ed\u0161e pre v\u00e1s\" \/>\n<meta property=\"article:modified_time\" content=\"2021-09-15T19:36:02+00:00\" \/>\n<meta property=\"og:image\" content=\"https:\/\/www.zdenkapiseprevas.sk\/wp-content\/uploads\/2021\/09\/122246291_3473965162697299_3767662493925842696_n-225x300.jpg\" \/>\n<meta name=\"twitter:card\" content=\"summary_large_image\" \/>\n<meta name=\"twitter:label1\" content=\"Predpokladan\u00fd \u010das \u010d\u00edtania\" \/>\n\t<meta name=\"twitter:data1\" content=\"3 min\u00faty\" \/>\n<script type=\"application\/ld+json\" class=\"yoast-schema-graph\">{\"@context\":\"https:\/\/schema.org\",\"@graph\":[{\"@type\":\"WebPage\",\"@id\":\"https:\/\/www.zdenkapiseprevas.sk\/?page_id=6156\",\"url\":\"https:\/\/www.zdenkapiseprevas.sk\/?page_id=6156\",\"name\":\"Neh\u013eadaj pravdu - poh\u013ead zvn\u00fatra - Zdenka p\u00ed\u0161e pre v\u00e1s\",\"isPartOf\":{\"@id\":\"https:\/\/www.zdenkapiseprevas.sk\/#website\"},\"primaryImageOfPage\":{\"@id\":\"https:\/\/www.zdenkapiseprevas.sk\/?page_id=6156#primaryimage\"},\"image\":{\"@id\":\"https:\/\/www.zdenkapiseprevas.sk\/?page_id=6156#primaryimage\"},\"thumbnailUrl\":\"https:\/\/www.zdenkapiseprevas.sk\/wp-content\/uploads\/2021\/09\/122246291_3473965162697299_3767662493925842696_n-225x300.jpg\",\"datePublished\":\"2021-09-15T17:20:01+00:00\",\"dateModified\":\"2021-09-15T19:36:02+00:00\",\"breadcrumb\":{\"@id\":\"https:\/\/www.zdenkapiseprevas.sk\/?page_id=6156#breadcrumb\"},\"inLanguage\":\"sk-SK\",\"potentialAction\":[{\"@type\":\"ReadAction\",\"target\":[\"https:\/\/www.zdenkapiseprevas.sk\/?page_id=6156\"]}]},{\"@type\":\"ImageObject\",\"inLanguage\":\"sk-SK\",\"@id\":\"https:\/\/www.zdenkapiseprevas.sk\/?page_id=6156#primaryimage\",\"url\":\"https:\/\/www.zdenkapiseprevas.sk\/wp-content\/uploads\/2021\/09\/122246291_3473965162697299_3767662493925842696_n.jpg\",\"contentUrl\":\"https:\/\/www.zdenkapiseprevas.sk\/wp-content\/uploads\/2021\/09\/122246291_3473965162697299_3767662493925842696_n.jpg\",\"width\":720,\"height\":960},{\"@type\":\"BreadcrumbList\",\"@id\":\"https:\/\/www.zdenkapiseprevas.sk\/?page_id=6156#breadcrumb\",\"itemListElement\":[{\"@type\":\"ListItem\",\"position\":1,\"name\":\"Home\",\"item\":\"https:\/\/www.zdenkapiseprevas.sk\/\"},{\"@type\":\"ListItem\",\"position\":2,\"name\":\"Neh\u013eadaj pravdu &#8211; poh\u013ead zvn\u00fatra\"}]},{\"@type\":\"WebSite\",\"@id\":\"https:\/\/www.zdenkapiseprevas.sk\/#website\",\"url\":\"https:\/\/www.zdenkapiseprevas.sk\/\",\"name\":\"Zdenka p\u00ed\u0161e pre v\u00e1s\",\"description\":\"Knihy p\u00edsan\u00e9 srdcom\",\"publisher\":{\"@id\":\"https:\/\/www.zdenkapiseprevas.sk\/#\/schema\/person\/ebeffc0fa86d464a09fe96b5644e53d2\"},\"potentialAction\":[{\"@type\":\"SearchAction\",\"target\":{\"@type\":\"EntryPoint\",\"urlTemplate\":\"https:\/\/www.zdenkapiseprevas.sk\/?s={search_term_string}\"},\"query-input\":{\"@type\":\"PropertyValueSpecification\",\"valueRequired\":true,\"valueName\":\"search_term_string\"}}],\"inLanguage\":\"sk-SK\"},{\"@type\":[\"Person\",\"Organization\"],\"@id\":\"https:\/\/www.zdenkapiseprevas.sk\/#\/schema\/person\/ebeffc0fa86d464a09fe96b5644e53d2\",\"name\":\"Zdenka.Svabekova\",\"image\":{\"@type\":\"ImageObject\",\"inLanguage\":\"sk-SK\",\"@id\":\"https:\/\/www.zdenkapiseprevas.sk\/#\/schema\/person\/image\/\",\"url\":\"https:\/\/secure.gravatar.com\/avatar\/aa2cd587c67d771b6a78e28c9a9356b769e480bfe9c98700f9d609738c52d8c7?s=96&d=mm&r=g\",\"contentUrl\":\"https:\/\/secure.gravatar.com\/avatar\/aa2cd587c67d771b6a78e28c9a9356b769e480bfe9c98700f9d609738c52d8c7?s=96&d=mm&r=g\",\"caption\":\"Zdenka.Svabekova\"},\"logo\":{\"@id\":\"https:\/\/www.zdenkapiseprevas.sk\/#\/schema\/person\/image\/\"}}]}<\/script>\n<!-- \/ Yoast SEO plugin. -->","yoast_head_json":{"title":"Neh\u013eadaj pravdu - poh\u013ead zvn\u00fatra - Zdenka p\u00ed\u0161e pre v\u00e1s","robots":{"index":"index","follow":"follow","max-snippet":"max-snippet:-1","max-image-preview":"max-image-preview:large","max-video-preview":"max-video-preview:-1"},"canonical":"https:\/\/www.zdenkapiseprevas.sk\/?page_id=6156","og_locale":"sk_SK","og_type":"article","og_title":"Neh\u013eadaj pravdu - poh\u013ead zvn\u00fatra - Zdenka p\u00ed\u0161e pre v\u00e1s","og_description":"Ke\u010f ma pred niekedy v\u00a0decembri minul\u00e9ho roku oslovila Zdenka Wenzlov\u00e1 \u0160v\u00e1bekov\u00e1, \u010di by som sa nepodujal spolupodie\u013ea\u0165 sa na jej novej knihe NEH\u013dADAJ PRAVDU ako redaktor a\u00a0korektor, vyrazila mi t\u00fdm dych. Nie preto, \u017eeby som sa na t\u00fato \u0165a\u017ek\u00fa a\u00a0zodpovedn\u00fa &hellip; Pokra\u010dova\u0165 v \u010d\u00edtan\u00ed &rarr;","og_url":"https:\/\/www.zdenkapiseprevas.sk\/?page_id=6156","og_site_name":"Zdenka p\u00ed\u0161e pre v\u00e1s","article_modified_time":"2021-09-15T19:36:02+00:00","og_image":[{"url":"https:\/\/www.zdenkapiseprevas.sk\/wp-content\/uploads\/2021\/09\/122246291_3473965162697299_3767662493925842696_n-225x300.jpg","type":"","width":"","height":""}],"twitter_card":"summary_large_image","twitter_misc":{"Predpokladan\u00fd \u010das \u010d\u00edtania":"3 min\u00faty"},"schema":{"@context":"https:\/\/schema.org","@graph":[{"@type":"WebPage","@id":"https:\/\/www.zdenkapiseprevas.sk\/?page_id=6156","url":"https:\/\/www.zdenkapiseprevas.sk\/?page_id=6156","name":"Neh\u013eadaj pravdu - poh\u013ead zvn\u00fatra - Zdenka p\u00ed\u0161e pre v\u00e1s","isPartOf":{"@id":"https:\/\/www.zdenkapiseprevas.sk\/#website"},"primaryImageOfPage":{"@id":"https:\/\/www.zdenkapiseprevas.sk\/?page_id=6156#primaryimage"},"image":{"@id":"https:\/\/www.zdenkapiseprevas.sk\/?page_id=6156#primaryimage"},"thumbnailUrl":"https:\/\/www.zdenkapiseprevas.sk\/wp-content\/uploads\/2021\/09\/122246291_3473965162697299_3767662493925842696_n-225x300.jpg","datePublished":"2021-09-15T17:20:01+00:00","dateModified":"2021-09-15T19:36:02+00:00","breadcrumb":{"@id":"https:\/\/www.zdenkapiseprevas.sk\/?page_id=6156#breadcrumb"},"inLanguage":"sk-SK","potentialAction":[{"@type":"ReadAction","target":["https:\/\/www.zdenkapiseprevas.sk\/?page_id=6156"]}]},{"@type":"ImageObject","inLanguage":"sk-SK","@id":"https:\/\/www.zdenkapiseprevas.sk\/?page_id=6156#primaryimage","url":"https:\/\/www.zdenkapiseprevas.sk\/wp-content\/uploads\/2021\/09\/122246291_3473965162697299_3767662493925842696_n.jpg","contentUrl":"https:\/\/www.zdenkapiseprevas.sk\/wp-content\/uploads\/2021\/09\/122246291_3473965162697299_3767662493925842696_n.jpg","width":720,"height":960},{"@type":"BreadcrumbList","@id":"https:\/\/www.zdenkapiseprevas.sk\/?page_id=6156#breadcrumb","itemListElement":[{"@type":"ListItem","position":1,"name":"Home","item":"https:\/\/www.zdenkapiseprevas.sk\/"},{"@type":"ListItem","position":2,"name":"Neh\u013eadaj pravdu &#8211; poh\u013ead zvn\u00fatra"}]},{"@type":"WebSite","@id":"https:\/\/www.zdenkapiseprevas.sk\/#website","url":"https:\/\/www.zdenkapiseprevas.sk\/","name":"Zdenka p\u00ed\u0161e pre v\u00e1s","description":"Knihy p\u00edsan\u00e9 srdcom","publisher":{"@id":"https:\/\/www.zdenkapiseprevas.sk\/#\/schema\/person\/ebeffc0fa86d464a09fe96b5644e53d2"},"potentialAction":[{"@type":"SearchAction","target":{"@type":"EntryPoint","urlTemplate":"https:\/\/www.zdenkapiseprevas.sk\/?s={search_term_string}"},"query-input":{"@type":"PropertyValueSpecification","valueRequired":true,"valueName":"search_term_string"}}],"inLanguage":"sk-SK"},{"@type":["Person","Organization"],"@id":"https:\/\/www.zdenkapiseprevas.sk\/#\/schema\/person\/ebeffc0fa86d464a09fe96b5644e53d2","name":"Zdenka.Svabekova","image":{"@type":"ImageObject","inLanguage":"sk-SK","@id":"https:\/\/www.zdenkapiseprevas.sk\/#\/schema\/person\/image\/","url":"https:\/\/secure.gravatar.com\/avatar\/aa2cd587c67d771b6a78e28c9a9356b769e480bfe9c98700f9d609738c52d8c7?s=96&d=mm&r=g","contentUrl":"https:\/\/secure.gravatar.com\/avatar\/aa2cd587c67d771b6a78e28c9a9356b769e480bfe9c98700f9d609738c52d8c7?s=96&d=mm&r=g","caption":"Zdenka.Svabekova"},"logo":{"@id":"https:\/\/www.zdenkapiseprevas.sk\/#\/schema\/person\/image\/"}}]}},"jetpack_sharing_enabled":true,"_links":{"self":[{"href":"https:\/\/www.zdenkapiseprevas.sk\/index.php?rest_route=\/wp\/v2\/pages\/6156","targetHints":{"allow":["GET"]}}],"collection":[{"href":"https:\/\/www.zdenkapiseprevas.sk\/index.php?rest_route=\/wp\/v2\/pages"}],"about":[{"href":"https:\/\/www.zdenkapiseprevas.sk\/index.php?rest_route=\/wp\/v2\/types\/page"}],"author":[{"embeddable":true,"href":"https:\/\/www.zdenkapiseprevas.sk\/index.php?rest_route=\/wp\/v2\/users\/1"}],"replies":[{"embeddable":true,"href":"https:\/\/www.zdenkapiseprevas.sk\/index.php?rest_route=%2Fwp%2Fv2%2Fcomments&post=6156"}],"version-history":[{"count":6,"href":"https:\/\/www.zdenkapiseprevas.sk\/index.php?rest_route=\/wp\/v2\/pages\/6156\/revisions"}],"predecessor-version":[{"id":6219,"href":"https:\/\/www.zdenkapiseprevas.sk\/index.php?rest_route=\/wp\/v2\/pages\/6156\/revisions\/6219"}],"wp:attachment":[{"href":"https:\/\/www.zdenkapiseprevas.sk\/index.php?rest_route=%2Fwp%2Fv2%2Fmedia&parent=6156"}],"curies":[{"name":"wp","href":"https:\/\/api.w.org\/{rel}","templated":true}]}}