{"id":6584,"date":"2022-09-11T10:46:12","date_gmt":"2022-09-11T08:46:12","guid":{"rendered":"https:\/\/www.zdenkapiseprevas.sk\/?page_id=6584"},"modified":"2022-09-11T11:27:45","modified_gmt":"2022-09-11T09:27:45","slug":"nahota-psyche-sonda-do-zenskej-duse","status":"publish","type":"page","link":"https:\/\/www.zdenkapiseprevas.sk\/?page_id=6584","title":{"rendered":"Nahota psych\u00e9 &#8211; sonda do \u017eenskej du\u0161e"},"content":{"rendered":"\t\t<div data-elementor-type=\"wp-page\" data-elementor-id=\"6584\" class=\"elementor elementor-6584\">\n\t\t\t\t\t\t<section class=\"elementor-section elementor-top-section elementor-element elementor-element-1f4e999 elementor-section-boxed elementor-section-height-default elementor-section-height-default\" data-id=\"1f4e999\" data-element_type=\"section\" data-e-type=\"section\">\n\t\t\t\t\t\t<div class=\"elementor-container elementor-column-gap-default\">\n\t\t\t\t\t<div class=\"elementor-column elementor-col-100 elementor-top-column elementor-element elementor-element-f2676e4\" data-id=\"f2676e4\" data-element_type=\"column\" data-e-type=\"column\">\n\t\t\t<div class=\"elementor-widget-wrap elementor-element-populated\">\n\t\t\t\t\t\t<div class=\"elementor-element elementor-element-1efc134 elementor-widget elementor-widget-image\" data-id=\"1efc134\" data-element_type=\"widget\" data-e-type=\"widget\" data-widget_type=\"image.default\">\n\t\t\t\t<div class=\"elementor-widget-container\">\n\t\t\t\t\t\t\t\t\t\t\t\t\t\t\t<img fetchpriority=\"high\" decoding=\"async\" width=\"640\" height=\"905\" src=\"https:\/\/www.zdenkapiseprevas.sk\/wp-content\/uploads\/2022\/09\/nahota-psyche-724x1024.jpg\" class=\"attachment-large size-large wp-image-6589\" alt=\"\" srcset=\"https:\/\/www.zdenkapiseprevas.sk\/wp-content\/uploads\/2022\/09\/nahota-psyche-724x1024.jpg 724w, https:\/\/www.zdenkapiseprevas.sk\/wp-content\/uploads\/2022\/09\/nahota-psyche-e1662886255602-212x300.jpg 212w, https:\/\/www.zdenkapiseprevas.sk\/wp-content\/uploads\/2022\/09\/nahota-psyche-768x1086.jpg 768w, https:\/\/www.zdenkapiseprevas.sk\/wp-content\/uploads\/2022\/09\/nahota-psyche-1086x1536.jpg 1086w, https:\/\/www.zdenkapiseprevas.sk\/wp-content\/uploads\/2022\/09\/nahota-psyche-1448x2048.jpg 1448w, https:\/\/www.zdenkapiseprevas.sk\/wp-content\/uploads\/2022\/09\/nahota-psyche-1320x1867.jpg 1320w, https:\/\/www.zdenkapiseprevas.sk\/wp-content\/uploads\/2022\/09\/nahota-psyche-e1662886255602-300x424.jpg 300w, https:\/\/www.zdenkapiseprevas.sk\/wp-content\/uploads\/2022\/09\/nahota-psyche-e1662886255602.jpg 687w\" sizes=\"(max-width: 640px) 100vw, 640px\" \/>\t\t\t\t\t\t\t\t\t\t\t\t\t\t\t<\/div>\n\t\t\t\t<\/div>\n\t\t\t\t<div class=\"elementor-element elementor-element-9161ac1 elementor-widget elementor-widget-text-editor\" data-id=\"9161ac1\" data-element_type=\"widget\" data-e-type=\"widget\" data-widget_type=\"text-editor.default\">\n\t\t\t\t<div class=\"elementor-widget-container\">\n\t\t\t\t\t\t\t\t\t<p>Kniha prin\u00e1\u0161a anal\u00fdzu \u010distej \u017eenskej du\u0161e. I napriek tomu, \u017ee je nap\u00edsan\u00e1 ve\u013emi profesion\u00e1lne a v kr\u00e1snej forme, je ur\u010dite zna\u010dne bolestiv\u00e1 pre v\u00e4\u010d\u0161inu \u010ditate\u013eov. Viackr\u00e1t som knihu z r\u00fak odkladala z d\u00f4vodu ne\u010dakan\u00e9ho pr\u00edvalu s\u013az nielen nad nepodaren\u00fdmi vz\u0165ahmi Al\u017ebety, nielen nad nel\u00e1skou, nepochopen\u00edm, klamstvami a nedocenen\u00edm zo strany det\u00ed, ale hlavne nad ich vypo\u010d\u00edtavos\u0165ou, manipul\u00e1ciou, bezbreh\u00fdm obohacovan\u00edm sa a o\u017eobra\u010dovan\u00edm Al\u017ebety po finan\u010dnej str\u00e1nke. A v neposlednom rade aj nad smr\u0165ou jej milovanej dc\u00e9ry. Pri \u010d\u00edtan\u00ed ma \u010dasto napadlo, ak\u00e9 d\u00f4le\u017eit\u00e9 je nastavi\u0165 si ur\u010dit\u00e9 mantinely vo vz\u0165ahoch matka \u2013 deti alebo rodi\u010d \u2013 deti a ke\u010f treba, aj zatvrdi\u0165 materinsk\u00e9 srdce, aby matka nevy\u0161la na ps\u00ed tridsiatok.<br \/>Pravda\u017ee, genetick\u00e9 vlastnosti a danosti sa len tak jednoducho nedaj\u00fa vytrhn\u00fa\u0165 z \u010dloveka ako zl\u00e1 burina. Daj\u00fa sa v\u0161ak korigova\u0165, obrusova\u0165, o\u010dis\u0165ova\u0165&#8230;ale ku tomu treba otvoren\u00fa myse\u013e, uvedomenie si negat\u00edv a \u00fasilie by\u0165 lep\u0161\u00edm \u010dlovekom.<br \/>Strata die\u0165a\u0165a je sn\u00e1\u010f naj\u0165a\u017e\u0161\u00edm a najbolestivej\u0161\u00edm \u017eivotn\u00fdm \u00fadelom \u017eeny. Zanech\u00e1 celo\u017eivotn\u00fa traumu a jazvu na srdci, du\u0161i i na tele. \u017divotn\u00fd z\u00e1kon je jednozna\u010dne na strane pre\u017eitia rodi\u010dov de\u0165mi.<\/p><p>Mnoh\u00ed ur\u010dite ani netu\u0161\u00edme, ko\u013eko \u00fa\u017easn\u00e9ho \u0161\u0165astia n\u00e1s v \u017eivote postretlo u\u017e len t\u00fdm, \u017ee sme sa narodili do \u00faplnej, miluj\u00facej a harmonickej rodiny, kde otec a mama boli \u017eivotn\u00fdm maj\u00e1kom, oporou, istotou, l\u00e1skavou autoritou, pr\u00edkladom, ochrancom, povzbudzovate\u013eom, in\u0161pir\u00e1torom, tvorcom na\u0161ich charakterov, aby sme sa \u010do najlep\u0161ie uplatnili a vystu\u017eili pevn\u00e9 kr\u00eddla na rozlet \u017eivotom s cie\u013eom nestrati\u0165 sa a ust\u00e1\u0165 v\u0161etko, \u010do n\u00e1s v \u0148om stretne.<br \/>Kniha Nahota psych\u00e9 m\u00e1 v sebe zahrnut\u00e9 v\u0161etko, \u010do m\u00e1 dobr\u00e1 kniha ma\u0165. Pravdiv\u00fd pr\u00edbeh, dynamiku, grad\u00e1ciu deja, ne\u010dakan\u00e9 prekvapenia a zvraty, r\u00f4zne podoby l\u00e1sky, aj t\u00fa \u00fa\u017easn\u00fa iskriv\u00fa, aj \u010distu\u010dk\u00fa materinsk\u00fa, povzbudenie, \u017ee l\u00e1ska kvitne v ka\u017edom veku <br \/>a \u010dase, ve\u013ea hlbok\u00fdch em\u00f3ci\u00ed, mno\u017estvo mini okamihov, ktor\u00e9 sa mihli aj v \u017eivotoch mnoh\u00fdch \u010ditate\u013eov a hlavne n\u00e1dhern\u00e9 my\u0161lienky, ktor\u00e9 s\u00fa doslova vzorom pre spr\u00e1vne \u017eitie a \u00faspe\u0161n\u00e9 prepl\u00e1vanie \u017eivotom.<br \/>P\u00edsanie je autorkinou v\u00e1\u0161\u0148ou,. Je to pre \u0148u najprirodzenej\u0161ia a z\u00e1rove\u0148 najzdrav\u0161ia droga, ktor\u00e1 prin\u00e1\u0161a rados\u0165 a pote\u0161enie nielen jej, ale aj v\u0161etk\u00fdm jej \u010ditate\u013eom <br \/>a spriaznen\u00fdm du\u0161iam.<br \/>Patr\u00ed jej v\u010faka za osvetu v \u0161\u00edren\u00ed dobra, zn\u00e1sobovan\u00ed l\u00e1sky, v nab\u00e1dan\u00ed k \u013eudskosti, \u010dlove\u010denstva, v\u0161\u00edmavosti, uvedomelosti, vz\u00e1jomnej pomoci a ku pretv\u00e1raniu sveta <br \/>k lep\u0161iemu.<br \/>A ako sama uv\u00e1dza v knihe: \u201eDozvie\u0161 sa v nej, ako l\u00e1ska bl\u00edzkych str\u00e1ca svoju tv\u00e1r.\u201c<\/p>\t\t\t\t\t\t\t\t<\/div>\n\t\t\t\t<\/div>\n\t\t\t\t<div class=\"elementor-element elementor-element-5d82e8c elementor-button-info elementor-align-justify elementor-widget elementor-widget-button\" data-id=\"5d82e8c\" data-element_type=\"widget\" data-e-type=\"widget\" data-widget_type=\"button.default\">\n\t\t\t\t<div class=\"elementor-widget-container\">\n\t\t\t\t\t\t\t\t\t<div class=\"elementor-button-wrapper\">\n\t\t\t\t\t<a class=\"elementor-button elementor-button-link elementor-size-sm\" href=\"https:\/\/www.zdenkapiseprevas.sk\/?page_id=6596%20\" target=\"_blank\">\n\t\t\t\t\t\t<span class=\"elementor-button-content-wrapper\">\n\t\t\t\t\t\t<span class=\"elementor-button-icon\">\n\t\t\t\t<svg aria-hidden=\"true\" class=\"e-font-icon-svg e-far-hand-point-right\" viewBox=\"0 0 512 512\" xmlns=\"http:\/\/www.w3.org\/2000\/svg\"><path d=\"M428.8 137.6h-86.177a115.52 115.52 0 0 0 2.176-22.4c0-47.914-35.072-83.2-92-83.2-45.314 0-57.002 48.537-75.707 78.784-7.735 12.413-16.994 23.317-25.851 33.253l-.131.146-.129.148C135.662 161.807 127.764 168 120.8 168h-2.679c-5.747-4.952-13.536-8-22.12-8H32c-17.673 0-32 12.894-32 28.8v230.4C0 435.106 14.327 448 32 448h64c8.584 0 16.373-3.048 22.12-8h2.679c28.688 0 67.137 40 127.2 40h21.299c62.542 0 98.8-38.658 99.94-91.145 12.482-17.813 18.491-40.785 15.985-62.791A93.148 93.148 0 0 0 393.152 304H428.8c45.435 0 83.2-37.584 83.2-83.2 0-45.099-38.101-83.2-83.2-83.2zm0 118.4h-91.026c12.837 14.669 14.415 42.825-4.95 61.05 11.227 19.646 1.687 45.624-12.925 53.625 6.524 39.128-10.076 61.325-50.6 61.325H248c-45.491 0-77.21-35.913-120-39.676V215.571c25.239-2.964 42.966-21.222 59.075-39.596 11.275-12.65 21.725-25.3 30.799-39.875C232.355 112.712 244.006 80 252.8 80c23.375 0 44 8.8 44 35.2 0 35.2-26.4 53.075-26.4 70.4h158.4c18.425 0 35.2 16.5 35.2 35.2 0 18.975-16.225 35.2-35.2 35.2zM88 384c0 13.255-10.745 24-24 24s-24-10.745-24-24 10.745-24 24-24 24 10.745 24 24z\"><\/path><\/svg>\t\t\t<\/span>\n\t\t\t\t\t\t\t\t\t<span class=\"elementor-button-text\">Prejs\u0165 na recenzie a koment\u00e1re knihy<\/span>\n\t\t\t\t\t<\/span>\n\t\t\t\t\t<\/a>\n\t\t\t\t<\/div>\n\t\t\t\t\t\t\t\t<\/div>\n\t\t\t\t<\/div>\n\t\t\t\t\t<\/div>\n\t\t<\/div>\n\t\t\t\t\t<\/div>\n\t\t<\/section>\n\t\t\t\t<\/div>\n\t\t","protected":false},"excerpt":{"rendered":"<p>Kniha prin\u00e1\u0161a anal\u00fdzu \u010distej \u017eenskej du\u0161e. I napriek tomu, \u017ee je nap\u00edsan\u00e1 ve\u013emi profesion\u00e1lne a v kr\u00e1snej forme, je ur\u010dite zna\u010dne bolestiv\u00e1 pre v\u00e4\u010d\u0161inu \u010ditate\u013eov. Viackr\u00e1t som knihu z r\u00fak odkladala z d\u00f4vodu ne\u010dakan\u00e9ho pr\u00edvalu s\u013az nielen nad nepodaren\u00fdmi vz\u0165ahmi &hellip; <a href=\"https:\/\/www.zdenkapiseprevas.sk\/?page_id=6584\">Pokra\u010dova\u0165 v \u010d\u00edtan\u00ed <span class=\"meta-nav\">&rarr;<\/span><\/a><\/p>\n","protected":false},"author":1,"featured_media":0,"parent":0,"menu_order":0,"comment_status":"closed","ping_status":"closed","template":"","meta":{"_bbp_topic_count":0,"_bbp_reply_count":0,"_bbp_total_topic_count":0,"_bbp_total_reply_count":0,"_bbp_voice_count":0,"_bbp_anonymous_reply_count":0,"_bbp_topic_count_hidden":0,"_bbp_reply_count_hidden":0,"_bbp_forum_subforum_count":0,"_monsterinsights_skip_tracking":false,"_monsterinsights_sitenote_active":false,"_monsterinsights_sitenote_note":"","_monsterinsights_sitenote_category":0,"footnotes":""},"class_list":["post-6584","page","type-page","status-publish","hentry"],"yoast_head":"<!-- This site is optimized with the Yoast SEO plugin v26.4 - https:\/\/yoast.com\/wordpress\/plugins\/seo\/ -->\n<title>Nahota psych\u00e9 - sonda do \u017eenskej du\u0161e - Zdenka p\u00ed\u0161e pre v\u00e1s<\/title>\n<meta name=\"robots\" content=\"index, follow, max-snippet:-1, max-image-preview:large, max-video-preview:-1\" \/>\n<link rel=\"canonical\" href=\"https:\/\/www.zdenkapiseprevas.sk\/?page_id=6584\" \/>\n<meta property=\"og:locale\" content=\"sk_SK\" \/>\n<meta property=\"og:type\" content=\"article\" \/>\n<meta property=\"og:title\" content=\"Nahota psych\u00e9 - sonda do \u017eenskej du\u0161e - Zdenka p\u00ed\u0161e pre v\u00e1s\" \/>\n<meta property=\"og:description\" content=\"Kniha prin\u00e1\u0161a anal\u00fdzu \u010distej \u017eenskej du\u0161e. I napriek tomu, \u017ee je nap\u00edsan\u00e1 ve\u013emi profesion\u00e1lne a v kr\u00e1snej forme, je ur\u010dite zna\u010dne bolestiv\u00e1 pre v\u00e4\u010d\u0161inu \u010ditate\u013eov. Viackr\u00e1t som knihu z r\u00fak odkladala z d\u00f4vodu ne\u010dakan\u00e9ho pr\u00edvalu s\u013az nielen nad nepodaren\u00fdmi vz\u0165ahmi &hellip; Pokra\u010dova\u0165 v \u010d\u00edtan\u00ed &rarr;\" \/>\n<meta property=\"og:url\" content=\"https:\/\/www.zdenkapiseprevas.sk\/?page_id=6584\" \/>\n<meta property=\"og:site_name\" content=\"Zdenka p\u00ed\u0161e pre v\u00e1s\" \/>\n<meta property=\"article:modified_time\" content=\"2022-09-11T09:27:45+00:00\" \/>\n<meta property=\"og:image\" content=\"https:\/\/www.zdenkapiseprevas.sk\/wp-content\/uploads\/2022\/09\/nahota-psyche-724x1024.jpg\" \/>\n<meta name=\"twitter:card\" content=\"summary_large_image\" \/>\n<meta name=\"twitter:label1\" content=\"Predpokladan\u00fd \u010das \u010d\u00edtania\" \/>\n\t<meta name=\"twitter:data1\" content=\"3 min\u00faty\" \/>\n<script type=\"application\/ld+json\" class=\"yoast-schema-graph\">{\"@context\":\"https:\/\/schema.org\",\"@graph\":[{\"@type\":\"WebPage\",\"@id\":\"https:\/\/www.zdenkapiseprevas.sk\/?page_id=6584\",\"url\":\"https:\/\/www.zdenkapiseprevas.sk\/?page_id=6584\",\"name\":\"Nahota psych\u00e9 - sonda do \u017eenskej du\u0161e - Zdenka p\u00ed\u0161e pre v\u00e1s\",\"isPartOf\":{\"@id\":\"https:\/\/www.zdenkapiseprevas.sk\/#website\"},\"primaryImageOfPage\":{\"@id\":\"https:\/\/www.zdenkapiseprevas.sk\/?page_id=6584#primaryimage\"},\"image\":{\"@id\":\"https:\/\/www.zdenkapiseprevas.sk\/?page_id=6584#primaryimage\"},\"thumbnailUrl\":\"https:\/\/www.zdenkapiseprevas.sk\/wp-content\/uploads\/2022\/09\/nahota-psyche-724x1024.jpg\",\"datePublished\":\"2022-09-11T08:46:12+00:00\",\"dateModified\":\"2022-09-11T09:27:45+00:00\",\"breadcrumb\":{\"@id\":\"https:\/\/www.zdenkapiseprevas.sk\/?page_id=6584#breadcrumb\"},\"inLanguage\":\"sk-SK\",\"potentialAction\":[{\"@type\":\"ReadAction\",\"target\":[\"https:\/\/www.zdenkapiseprevas.sk\/?page_id=6584\"]}]},{\"@type\":\"ImageObject\",\"inLanguage\":\"sk-SK\",\"@id\":\"https:\/\/www.zdenkapiseprevas.sk\/?page_id=6584#primaryimage\",\"url\":\"https:\/\/www.zdenkapiseprevas.sk\/wp-content\/uploads\/2022\/09\/nahota-psyche-e1662886255602.jpg\",\"contentUrl\":\"https:\/\/www.zdenkapiseprevas.sk\/wp-content\/uploads\/2022\/09\/nahota-psyche-e1662886255602.jpg\",\"width\":687,\"height\":972},{\"@type\":\"BreadcrumbList\",\"@id\":\"https:\/\/www.zdenkapiseprevas.sk\/?page_id=6584#breadcrumb\",\"itemListElement\":[{\"@type\":\"ListItem\",\"position\":1,\"name\":\"Home\",\"item\":\"https:\/\/www.zdenkapiseprevas.sk\/\"},{\"@type\":\"ListItem\",\"position\":2,\"name\":\"Nahota psych\u00e9 &#8211; sonda do \u017eenskej du\u0161e\"}]},{\"@type\":\"WebSite\",\"@id\":\"https:\/\/www.zdenkapiseprevas.sk\/#website\",\"url\":\"https:\/\/www.zdenkapiseprevas.sk\/\",\"name\":\"Zdenka p\u00ed\u0161e pre v\u00e1s\",\"description\":\"Knihy p\u00edsan\u00e9 srdcom\",\"publisher\":{\"@id\":\"https:\/\/www.zdenkapiseprevas.sk\/#\/schema\/person\/ebeffc0fa86d464a09fe96b5644e53d2\"},\"potentialAction\":[{\"@type\":\"SearchAction\",\"target\":{\"@type\":\"EntryPoint\",\"urlTemplate\":\"https:\/\/www.zdenkapiseprevas.sk\/?s={search_term_string}\"},\"query-input\":{\"@type\":\"PropertyValueSpecification\",\"valueRequired\":true,\"valueName\":\"search_term_string\"}}],\"inLanguage\":\"sk-SK\"},{\"@type\":[\"Person\",\"Organization\"],\"@id\":\"https:\/\/www.zdenkapiseprevas.sk\/#\/schema\/person\/ebeffc0fa86d464a09fe96b5644e53d2\",\"name\":\"Zdenka.Svabekova\",\"image\":{\"@type\":\"ImageObject\",\"inLanguage\":\"sk-SK\",\"@id\":\"https:\/\/www.zdenkapiseprevas.sk\/#\/schema\/person\/image\/\",\"url\":\"https:\/\/secure.gravatar.com\/avatar\/aa2cd587c67d771b6a78e28c9a9356b769e480bfe9c98700f9d609738c52d8c7?s=96&d=mm&r=g\",\"contentUrl\":\"https:\/\/secure.gravatar.com\/avatar\/aa2cd587c67d771b6a78e28c9a9356b769e480bfe9c98700f9d609738c52d8c7?s=96&d=mm&r=g\",\"caption\":\"Zdenka.Svabekova\"},\"logo\":{\"@id\":\"https:\/\/www.zdenkapiseprevas.sk\/#\/schema\/person\/image\/\"}}]}<\/script>\n<!-- \/ Yoast SEO plugin. -->","yoast_head_json":{"title":"Nahota psych\u00e9 - sonda do \u017eenskej du\u0161e - Zdenka p\u00ed\u0161e pre v\u00e1s","robots":{"index":"index","follow":"follow","max-snippet":"max-snippet:-1","max-image-preview":"max-image-preview:large","max-video-preview":"max-video-preview:-1"},"canonical":"https:\/\/www.zdenkapiseprevas.sk\/?page_id=6584","og_locale":"sk_SK","og_type":"article","og_title":"Nahota psych\u00e9 - sonda do \u017eenskej du\u0161e - Zdenka p\u00ed\u0161e pre v\u00e1s","og_description":"Kniha prin\u00e1\u0161a anal\u00fdzu \u010distej \u017eenskej du\u0161e. I napriek tomu, \u017ee je nap\u00edsan\u00e1 ve\u013emi profesion\u00e1lne a v kr\u00e1snej forme, je ur\u010dite zna\u010dne bolestiv\u00e1 pre v\u00e4\u010d\u0161inu \u010ditate\u013eov. Viackr\u00e1t som knihu z r\u00fak odkladala z d\u00f4vodu ne\u010dakan\u00e9ho pr\u00edvalu s\u013az nielen nad nepodaren\u00fdmi vz\u0165ahmi &hellip; Pokra\u010dova\u0165 v \u010d\u00edtan\u00ed &rarr;","og_url":"https:\/\/www.zdenkapiseprevas.sk\/?page_id=6584","og_site_name":"Zdenka p\u00ed\u0161e pre v\u00e1s","article_modified_time":"2022-09-11T09:27:45+00:00","og_image":[{"url":"https:\/\/www.zdenkapiseprevas.sk\/wp-content\/uploads\/2022\/09\/nahota-psyche-724x1024.jpg","type":"","width":"","height":""}],"twitter_card":"summary_large_image","twitter_misc":{"Predpokladan\u00fd \u010das \u010d\u00edtania":"3 min\u00faty"},"schema":{"@context":"https:\/\/schema.org","@graph":[{"@type":"WebPage","@id":"https:\/\/www.zdenkapiseprevas.sk\/?page_id=6584","url":"https:\/\/www.zdenkapiseprevas.sk\/?page_id=6584","name":"Nahota psych\u00e9 - sonda do \u017eenskej du\u0161e - Zdenka p\u00ed\u0161e pre v\u00e1s","isPartOf":{"@id":"https:\/\/www.zdenkapiseprevas.sk\/#website"},"primaryImageOfPage":{"@id":"https:\/\/www.zdenkapiseprevas.sk\/?page_id=6584#primaryimage"},"image":{"@id":"https:\/\/www.zdenkapiseprevas.sk\/?page_id=6584#primaryimage"},"thumbnailUrl":"https:\/\/www.zdenkapiseprevas.sk\/wp-content\/uploads\/2022\/09\/nahota-psyche-724x1024.jpg","datePublished":"2022-09-11T08:46:12+00:00","dateModified":"2022-09-11T09:27:45+00:00","breadcrumb":{"@id":"https:\/\/www.zdenkapiseprevas.sk\/?page_id=6584#breadcrumb"},"inLanguage":"sk-SK","potentialAction":[{"@type":"ReadAction","target":["https:\/\/www.zdenkapiseprevas.sk\/?page_id=6584"]}]},{"@type":"ImageObject","inLanguage":"sk-SK","@id":"https:\/\/www.zdenkapiseprevas.sk\/?page_id=6584#primaryimage","url":"https:\/\/www.zdenkapiseprevas.sk\/wp-content\/uploads\/2022\/09\/nahota-psyche-e1662886255602.jpg","contentUrl":"https:\/\/www.zdenkapiseprevas.sk\/wp-content\/uploads\/2022\/09\/nahota-psyche-e1662886255602.jpg","width":687,"height":972},{"@type":"BreadcrumbList","@id":"https:\/\/www.zdenkapiseprevas.sk\/?page_id=6584#breadcrumb","itemListElement":[{"@type":"ListItem","position":1,"name":"Home","item":"https:\/\/www.zdenkapiseprevas.sk\/"},{"@type":"ListItem","position":2,"name":"Nahota psych\u00e9 &#8211; sonda do \u017eenskej du\u0161e"}]},{"@type":"WebSite","@id":"https:\/\/www.zdenkapiseprevas.sk\/#website","url":"https:\/\/www.zdenkapiseprevas.sk\/","name":"Zdenka p\u00ed\u0161e pre v\u00e1s","description":"Knihy p\u00edsan\u00e9 srdcom","publisher":{"@id":"https:\/\/www.zdenkapiseprevas.sk\/#\/schema\/person\/ebeffc0fa86d464a09fe96b5644e53d2"},"potentialAction":[{"@type":"SearchAction","target":{"@type":"EntryPoint","urlTemplate":"https:\/\/www.zdenkapiseprevas.sk\/?s={search_term_string}"},"query-input":{"@type":"PropertyValueSpecification","valueRequired":true,"valueName":"search_term_string"}}],"inLanguage":"sk-SK"},{"@type":["Person","Organization"],"@id":"https:\/\/www.zdenkapiseprevas.sk\/#\/schema\/person\/ebeffc0fa86d464a09fe96b5644e53d2","name":"Zdenka.Svabekova","image":{"@type":"ImageObject","inLanguage":"sk-SK","@id":"https:\/\/www.zdenkapiseprevas.sk\/#\/schema\/person\/image\/","url":"https:\/\/secure.gravatar.com\/avatar\/aa2cd587c67d771b6a78e28c9a9356b769e480bfe9c98700f9d609738c52d8c7?s=96&d=mm&r=g","contentUrl":"https:\/\/secure.gravatar.com\/avatar\/aa2cd587c67d771b6a78e28c9a9356b769e480bfe9c98700f9d609738c52d8c7?s=96&d=mm&r=g","caption":"Zdenka.Svabekova"},"logo":{"@id":"https:\/\/www.zdenkapiseprevas.sk\/#\/schema\/person\/image\/"}}]}},"jetpack_sharing_enabled":true,"_links":{"self":[{"href":"https:\/\/www.zdenkapiseprevas.sk\/index.php?rest_route=\/wp\/v2\/pages\/6584","targetHints":{"allow":["GET"]}}],"collection":[{"href":"https:\/\/www.zdenkapiseprevas.sk\/index.php?rest_route=\/wp\/v2\/pages"}],"about":[{"href":"https:\/\/www.zdenkapiseprevas.sk\/index.php?rest_route=\/wp\/v2\/types\/page"}],"author":[{"embeddable":true,"href":"https:\/\/www.zdenkapiseprevas.sk\/index.php?rest_route=\/wp\/v2\/users\/1"}],"replies":[{"embeddable":true,"href":"https:\/\/www.zdenkapiseprevas.sk\/index.php?rest_route=%2Fwp%2Fv2%2Fcomments&post=6584"}],"version-history":[{"count":6,"href":"https:\/\/www.zdenkapiseprevas.sk\/index.php?rest_route=\/wp\/v2\/pages\/6584\/revisions"}],"predecessor-version":[{"id":6649,"href":"https:\/\/www.zdenkapiseprevas.sk\/index.php?rest_route=\/wp\/v2\/pages\/6584\/revisions\/6649"}],"wp:attachment":[{"href":"https:\/\/www.zdenkapiseprevas.sk\/index.php?rest_route=%2Fwp%2Fv2%2Fmedia&parent=6584"}],"curies":[{"name":"wp","href":"https:\/\/api.w.org\/{rel}","templated":true}]}}