{"id":6966,"date":"2023-10-03T21:36:49","date_gmt":"2023-10-03T19:36:49","guid":{"rendered":"https:\/\/www.zdenkapiseprevas.sk\/?page_id=6966"},"modified":"2023-10-04T21:32:11","modified_gmt":"2023-10-04T19:32:11","slug":"neignoruj-pocity-skutocne-posledna-kniha-zdenky-wenzlovej-svabekovej","status":"publish","type":"page","link":"https:\/\/www.zdenkapiseprevas.sk\/?page_id=6966","title":{"rendered":"Neignoruj pocity \u2013 skuto\u010dne posledn\u00e1 kniha Zdenky Wenzlovej \u0160v\u00e1bekovej?"},"content":{"rendered":"\t\t<div data-elementor-type=\"wp-page\" data-elementor-id=\"6966\" class=\"elementor elementor-6966\">\n\t\t\t\t<div class=\"elementor-element elementor-element-e0d3700 e-flex e-con-boxed e-con e-parent\" data-id=\"e0d3700\" data-element_type=\"container\" data-e-type=\"container\">\n\t\t\t\t\t<div class=\"e-con-inner\">\n\t\t\t\t<div class=\"elementor-element elementor-element-9d2c910 elementor-widget elementor-widget-image\" data-id=\"9d2c910\" data-element_type=\"widget\" data-e-type=\"widget\" data-widget_type=\"image.default\">\n\t\t\t\t<div class=\"elementor-widget-container\">\n\t\t\t\t\t\t\t\t\t\t\t\t\t\t\t<img fetchpriority=\"high\" decoding=\"async\" width=\"225\" height=\"300\" src=\"https:\/\/www.zdenkapiseprevas.sk\/wp-content\/uploads\/2023\/10\/377298697_1208047103462801_3642987855018756180_n-225x300.jpg\" class=\"attachment-medium size-medium wp-image-6980\" alt=\"\" srcset=\"https:\/\/www.zdenkapiseprevas.sk\/wp-content\/uploads\/2023\/10\/377298697_1208047103462801_3642987855018756180_n-225x300.jpg 225w, https:\/\/www.zdenkapiseprevas.sk\/wp-content\/uploads\/2023\/10\/377298697_1208047103462801_3642987855018756180_n-768x1024.jpg 768w, https:\/\/www.zdenkapiseprevas.sk\/wp-content\/uploads\/2023\/10\/377298697_1208047103462801_3642987855018756180_n-1152x1536.jpg 1152w, https:\/\/www.zdenkapiseprevas.sk\/wp-content\/uploads\/2023\/10\/377298697_1208047103462801_3642987855018756180_n-1320x1760.jpg 1320w, https:\/\/www.zdenkapiseprevas.sk\/wp-content\/uploads\/2023\/10\/377298697_1208047103462801_3642987855018756180_n-300x400.jpg 300w, https:\/\/www.zdenkapiseprevas.sk\/wp-content\/uploads\/2023\/10\/377298697_1208047103462801_3642987855018756180_n.jpg 1500w\" sizes=\"(max-width: 225px) 100vw, 225px\" \/>\t\t\t\t\t\t\t\t\t\t\t\t\t\t\t<\/div>\n\t\t\t\t<\/div>\n\t\t\t\t\t<\/div>\n\t\t\t\t<\/div>\n\t\t<div class=\"elementor-element elementor-element-77502fd e-flex e-con-boxed e-con e-parent\" data-id=\"77502fd\" data-element_type=\"container\" data-e-type=\"container\">\n\t\t\t\t\t<div class=\"e-con-inner\">\n\t\t\t\t<div class=\"elementor-element elementor-element-4232f71 elementor-widget elementor-widget-text-editor\" data-id=\"4232f71\" data-element_type=\"widget\" data-e-type=\"widget\" data-widget_type=\"text-editor.default\">\n\t\t\t\t<div class=\"elementor-widget-container\">\n\t\t\t\t\t\t\t\t\t<h3><strong>pokra\u010dovanie \u010dl\u00e1nku<\/strong><\/h3><p>Zdenku Wenzlov\u00fa \u0160v\u00e1bekov\u00fa pozn\u00e1me ako autorku skuto\u010dn\u00fdch pr\u00edbehov zo \u017eivota \u017eien. Pr\u00edbehov, v\u00a0ktor\u00fdch n\u00e1m dovol\u00ed nazrie\u0165 za zamknut\u00e9 dvere bytov alebo domov. V\u00a0t\u00fdchto sa odohr\u00e1vaj\u00fa tajomstv\u00e1, ktor\u00e9 sa len m\u00e1lokedy dostan\u00fa na svetlo bo\u017eie. Alebo sa ich dozvieme, ke\u010f je u\u017e neskoro a\u00a0t\u00fdranej \u017eene, preto\u017ee o\u00a0tom hovor\u00edme, sa u\u017e ned\u00e1 pom\u00f4c\u0165.<\/p><p>U\u017e v\u00a0rom\u00e1ne Neviem pl\u00e1va\u0165 autorka odbo\u010dila od svojho \u201estereotypu\u201c v\u00a0p\u00edsan\u00ed a\u00a0namiesto o\u00a0fyzickom t\u00fdran\u00ed \u017eien pre\u0161la k\u00a0tomu, ktor\u00e9 je hor\u0161ie. Nie je vidie\u0165, ale o\u00a0to viac bol\u00ed. Hovor\u00edme o\u00a0psychickom t\u00fdran\u00ed. Mnohokr\u00e1t o\u00a0tom netu\u0161\u00edme, ale v\u00a0tv\u00e1rach sa t\u00e1 ujma jav\u00ed ve\u013emi zrete\u013ene.<\/p><p>T\u00e9ma t\u00fdrania a\u00a0zneu\u017e\u00edvania \u017eien a det\u00ed je v\u00a0dne\u0161nej dobe e\u0161te st\u00e1le tabuizovan\u00e1, navzdory tomu, \u017ee sa \u010doraz \u010dastej\u0161ie vyskytuje v\u00a0mnoh\u00fdch dom\u00e1cnostiach, na pracovisk\u00e1ch. Neraz sa osudy t\u00fdchto \u017eien kon\u010dia tragicky, smr\u0165ou. Aj to je d\u00f4vod, pre\u010do nie je dobr\u00e9 zakr\u00fdva\u0165 si pred tak\u00fdm nie\u010d\u00edm o\u010di, tv\u00e1ri\u0165 sa, \u017ee n\u00e1s sa to net\u00fdka.<\/p><p>Zdenka Wenzlov\u00e1 \u0160v\u00e1bekov\u00e1 n\u00e1s nieko\u013eko rokov u\u010d\u00ed, ako sa k\u00a0tejto t\u00e9me stava\u0165. \u010ci u\u017e vo svojich dielach alebo na besed\u00e1ch s\u00a0\u010ditate\u013emi, \u010ditate\u013ekami. T\u00e1to \u00fatla \u017eena silou svojho hlasu najm\u00e4 n\u00e1m mu\u017eom d\u00e1va do pozornosti l\u00e1sku. Aby sme nezabudli, \u017ee milova\u0165 treba najm\u00e4 srdcom.<\/p><p>Ako hovor\u00ed v\u00a0najnov\u0161ej knihe Neignoruj pocity: <em>V\u0161etci sme si navz\u00e1jom anjelmi, ale Boh n\u00e1m dal iba jedno kr\u00eddlo, aby sme rozd\u00e1vali l\u00e1sku tu na zemi. Vzlietnu\u0165 m\u00f4\u017eeme, iba ke\u010f sa vz\u00e1jomne obj\u00edmeme.<\/em><\/p><p><em>\u00a0<\/em>V\u00e1\u017een\u00e9 \u010ditate\u013eky, v\u00e1\u017een\u00ed \u010ditatelia!<\/p><p>Dostala sa v\u00e1m do r\u00fak kniha, ktor\u00e1 je svoj\u00edm obsahom v\u00fdnimo\u010dn\u00e1. Tak ako v\u00a0Nahote psych\u00e9 autorka vyzliekla \u017eensk\u00fa du\u0161u \u00faplne donaha, tak v\u00a0tomto rom\u00e1ne uk\u00e1zala r\u00f4zne podoby l\u00e1sky.<\/p><p>Autorka nepotrebuje p\u00edsa\u0165 o\u00a0nejak\u00fdch osobnostiach, \u010di vym\u00fd\u0161\u013ea\u0165 si fikt\u00edvne pr\u00edbehy. P\u00ed\u0161e o\u00a0skuto\u010dn\u00fdch \u017een\u00e1ch, ktor\u00e9 \u017eij\u00fa medzi nami. O\u00a0\u017een\u00e1ch siln\u00fdch, ktor\u00e9 dok\u00e1\u017eu znies\u0165 aj tie naj\u0165a\u017e\u0161ie rany osudu. Po ka\u017edom \u00fadere vstan\u00fa e\u0161te silnej\u0161ie, e\u0161te odolnej\u0161ie.<\/p><p>Pod\u013ea m\u00f4jho n\u00e1zoru je slovenskou \u010ditate\u013eskou verejnos\u0165ou ve\u013emi nedocenen\u00e1. M\u00e1m pocit, \u017ee rad\u0161ej \u010d\u00edtame o\u00a0osudoch \u201esl\u00e1vnych\u201c, ktor\u00e9 zaplavili n\u00e1\u0161 kni\u017en\u00fd trh, ako o\u00a0be\u017en\u00fdch \u013eu\u010foch, ktor\u00ed by si to zasl\u00fa\u017eili viac. Zdenka Wenzlov\u00e1 \u0160v\u00e1bekov\u00e1 n\u00e1m roky tak\u00e9to pr\u00edbehy prin\u00e1\u0161a. Hoci hovor\u00ed, \u017ee Neignoruj pocity je jej posledn\u00e1 kniha, m\u00e1m pocit, \u017ee tomu tak nebude. Zrejme potrebuje len oddych a\u00a0potom otvor\u00ed \u0161upl\u00edk s\u00a0n\u00e1metmi a\u00a0znova n\u00e1s o\u010dar\u00ed s\u00a0nejak\u00fdm n\u00e1dhern\u00fdm pr\u00edbehom, ako to len ona vie. Ale je to len m\u00f4j pocit, hoci! Neignoruj pocity!<\/p><p>Nech\u00e1m sa prekvapi\u0165. Bola by ve\u013ek\u00e1 \u0161koda, keby Zdenka Wenzlov\u00e1 \u0160v\u00e1bekov\u00e1 zavesila pero na klinec, preto\u017ee p\u00ed\u0161e skvele a\u00a0patr\u00ed najlep\u0161ie slovensk\u00e9 autorky skuto\u010dn\u00fdch pr\u00edbehov.<\/p><p>Julien Dan, spisovate\u013e<\/p>\t\t\t\t\t\t\t\t<\/div>\n\t\t\t\t<\/div>\n\t\t\t\t\t<\/div>\n\t\t\t\t<\/div>\n\t\t<div class=\"elementor-element elementor-element-9c81363 e-flex e-con-boxed e-con e-parent\" data-id=\"9c81363\" data-element_type=\"container\" data-e-type=\"container\">\n\t\t\t\t\t<div class=\"e-con-inner\">\n\t\t\t\t<div class=\"elementor-element elementor-element-3316a93 elementor-button-info elementor-align-justify elementor-widget elementor-widget-button\" data-id=\"3316a93\" data-element_type=\"widget\" data-e-type=\"widget\" data-widget_type=\"button.default\">\n\t\t\t\t<div class=\"elementor-widget-container\">\n\t\t\t\t\t\t\t\t\t<div class=\"elementor-button-wrapper\">\n\t\t\t\t\t<a class=\"elementor-button elementor-button-link elementor-size-md\" href=\"https:\/\/www.zdenkapiseprevas.sk\/?page_id=7061\">\n\t\t\t\t\t\t<span class=\"elementor-button-content-wrapper\">\n\t\t\t\t\t\t<span class=\"elementor-button-icon\">\n\t\t\t\t<svg aria-hidden=\"true\" class=\"e-font-icon-svg e-far-hand-point-right\" viewBox=\"0 0 512 512\" xmlns=\"http:\/\/www.w3.org\/2000\/svg\"><path d=\"M428.8 137.6h-86.177a115.52 115.52 0 0 0 2.176-22.4c0-47.914-35.072-83.2-92-83.2-45.314 0-57.002 48.537-75.707 78.784-7.735 12.413-16.994 23.317-25.851 33.253l-.131.146-.129.148C135.662 161.807 127.764 168 120.8 168h-2.679c-5.747-4.952-13.536-8-22.12-8H32c-17.673 0-32 12.894-32 28.8v230.4C0 435.106 14.327 448 32 448h64c8.584 0 16.373-3.048 22.12-8h2.679c28.688 0 67.137 40 127.2 40h21.299c62.542 0 98.8-38.658 99.94-91.145 12.482-17.813 18.491-40.785 15.985-62.791A93.148 93.148 0 0 0 393.152 304H428.8c45.435 0 83.2-37.584 83.2-83.2 0-45.099-38.101-83.2-83.2-83.2zm0 118.4h-91.026c12.837 14.669 14.415 42.825-4.95 61.05 11.227 19.646 1.687 45.624-12.925 53.625 6.524 39.128-10.076 61.325-50.6 61.325H248c-45.491 0-77.21-35.913-120-39.676V215.571c25.239-2.964 42.966-21.222 59.075-39.596 11.275-12.65 21.725-25.3 30.799-39.875C232.355 112.712 244.006 80 252.8 80c23.375 0 44 8.8 44 35.2 0 35.2-26.4 53.075-26.4 70.4h158.4c18.425 0 35.2 16.5 35.2 35.2 0 18.975-16.225 35.2-35.2 35.2zM88 384c0 13.255-10.745 24-24 24s-24-10.745-24-24 10.745-24 24-24 24 10.745 24 24z\"><\/path><\/svg>\t\t\t<\/span>\n\t\t\t\t\t\t\t\t\t<span class=\"elementor-button-text\">Prejs\u0165 na koment\u00e1re a recenzie knihy Neignoruj pocity<\/span>\n\t\t\t\t\t<\/span>\n\t\t\t\t\t<\/a>\n\t\t\t\t<\/div>\n\t\t\t\t\t\t\t\t<\/div>\n\t\t\t\t<\/div>\n\t\t\t\t\t<\/div>\n\t\t\t\t<\/div>\n\t\t\t\t<\/div>\n\t\t","protected":false},"excerpt":{"rendered":"<p>pokra\u010dovanie \u010dl\u00e1nku Zdenku Wenzlov\u00fa \u0160v\u00e1bekov\u00fa pozn\u00e1me ako autorku skuto\u010dn\u00fdch pr\u00edbehov zo \u017eivota \u017eien. Pr\u00edbehov, v\u00a0ktor\u00fdch n\u00e1m dovol\u00ed nazrie\u0165 za zamknut\u00e9 dvere bytov alebo domov. V\u00a0t\u00fdchto sa odohr\u00e1vaj\u00fa tajomstv\u00e1, ktor\u00e9 sa len m\u00e1lokedy dostan\u00fa na svetlo bo\u017eie. Alebo sa ich dozvieme, &hellip; <a href=\"https:\/\/www.zdenkapiseprevas.sk\/?page_id=6966\">Pokra\u010dova\u0165 v \u010d\u00edtan\u00ed <span class=\"meta-nav\">&rarr;<\/span><\/a><\/p>\n","protected":false},"author":1,"featured_media":0,"parent":0,"menu_order":0,"comment_status":"closed","ping_status":"closed","template":"","meta":{"_bbp_topic_count":0,"_bbp_reply_count":0,"_bbp_total_topic_count":0,"_bbp_total_reply_count":0,"_bbp_voice_count":0,"_bbp_anonymous_reply_count":0,"_bbp_topic_count_hidden":0,"_bbp_reply_count_hidden":0,"_bbp_forum_subforum_count":0,"_monsterinsights_skip_tracking":false,"_monsterinsights_sitenote_active":false,"_monsterinsights_sitenote_note":"","_monsterinsights_sitenote_category":0,"footnotes":""},"class_list":["post-6966","page","type-page","status-publish","hentry"],"yoast_head":"<!-- This site is optimized with the Yoast SEO plugin v26.4 - https:\/\/yoast.com\/wordpress\/plugins\/seo\/ -->\n<title>Neignoruj pocity \u2013 skuto\u010dne posledn\u00e1 kniha Zdenky Wenzlovej \u0160v\u00e1bekovej? - Zdenka p\u00ed\u0161e pre v\u00e1s<\/title>\n<meta name=\"robots\" content=\"index, follow, max-snippet:-1, max-image-preview:large, max-video-preview:-1\" \/>\n<link rel=\"canonical\" href=\"https:\/\/www.zdenkapiseprevas.sk\/?page_id=6966\" \/>\n<meta property=\"og:locale\" content=\"sk_SK\" \/>\n<meta property=\"og:type\" content=\"article\" \/>\n<meta property=\"og:title\" content=\"Neignoruj pocity \u2013 skuto\u010dne posledn\u00e1 kniha Zdenky Wenzlovej \u0160v\u00e1bekovej? - Zdenka p\u00ed\u0161e pre v\u00e1s\" \/>\n<meta property=\"og:description\" content=\"pokra\u010dovanie \u010dl\u00e1nku Zdenku Wenzlov\u00fa \u0160v\u00e1bekov\u00fa pozn\u00e1me ako autorku skuto\u010dn\u00fdch pr\u00edbehov zo \u017eivota \u017eien. Pr\u00edbehov, v\u00a0ktor\u00fdch n\u00e1m dovol\u00ed nazrie\u0165 za zamknut\u00e9 dvere bytov alebo domov. V\u00a0t\u00fdchto sa odohr\u00e1vaj\u00fa tajomstv\u00e1, ktor\u00e9 sa len m\u00e1lokedy dostan\u00fa na svetlo bo\u017eie. Alebo sa ich dozvieme, &hellip; Pokra\u010dova\u0165 v \u010d\u00edtan\u00ed &rarr;\" \/>\n<meta property=\"og:url\" content=\"https:\/\/www.zdenkapiseprevas.sk\/?page_id=6966\" \/>\n<meta property=\"og:site_name\" content=\"Zdenka p\u00ed\u0161e pre v\u00e1s\" \/>\n<meta property=\"article:modified_time\" content=\"2023-10-04T19:32:11+00:00\" \/>\n<meta property=\"og:image\" content=\"https:\/\/www.zdenkapiseprevas.sk\/wp-content\/uploads\/2023\/10\/377298697_1208047103462801_3642987855018756180_n-225x300.jpg\" \/>\n<meta name=\"twitter:card\" content=\"summary_large_image\" \/>\n<meta name=\"twitter:label1\" content=\"Predpokladan\u00fd \u010das \u010d\u00edtania\" \/>\n\t<meta name=\"twitter:data1\" content=\"3 min\u00faty\" \/>\n<script type=\"application\/ld+json\" class=\"yoast-schema-graph\">{\"@context\":\"https:\/\/schema.org\",\"@graph\":[{\"@type\":\"WebPage\",\"@id\":\"https:\/\/www.zdenkapiseprevas.sk\/?page_id=6966\",\"url\":\"https:\/\/www.zdenkapiseprevas.sk\/?page_id=6966\",\"name\":\"Neignoruj pocity \u2013 skuto\u010dne posledn\u00e1 kniha Zdenky Wenzlovej \u0160v\u00e1bekovej? - Zdenka p\u00ed\u0161e pre v\u00e1s\",\"isPartOf\":{\"@id\":\"https:\/\/www.zdenkapiseprevas.sk\/#website\"},\"primaryImageOfPage\":{\"@id\":\"https:\/\/www.zdenkapiseprevas.sk\/?page_id=6966#primaryimage\"},\"image\":{\"@id\":\"https:\/\/www.zdenkapiseprevas.sk\/?page_id=6966#primaryimage\"},\"thumbnailUrl\":\"https:\/\/www.zdenkapiseprevas.sk\/wp-content\/uploads\/2023\/10\/377298697_1208047103462801_3642987855018756180_n-225x300.jpg\",\"datePublished\":\"2023-10-03T19:36:49+00:00\",\"dateModified\":\"2023-10-04T19:32:11+00:00\",\"breadcrumb\":{\"@id\":\"https:\/\/www.zdenkapiseprevas.sk\/?page_id=6966#breadcrumb\"},\"inLanguage\":\"sk-SK\",\"potentialAction\":[{\"@type\":\"ReadAction\",\"target\":[\"https:\/\/www.zdenkapiseprevas.sk\/?page_id=6966\"]}]},{\"@type\":\"ImageObject\",\"inLanguage\":\"sk-SK\",\"@id\":\"https:\/\/www.zdenkapiseprevas.sk\/?page_id=6966#primaryimage\",\"url\":\"https:\/\/www.zdenkapiseprevas.sk\/wp-content\/uploads\/2023\/10\/377298697_1208047103462801_3642987855018756180_n.jpg\",\"contentUrl\":\"https:\/\/www.zdenkapiseprevas.sk\/wp-content\/uploads\/2023\/10\/377298697_1208047103462801_3642987855018756180_n.jpg\",\"width\":1500,\"height\":2000},{\"@type\":\"BreadcrumbList\",\"@id\":\"https:\/\/www.zdenkapiseprevas.sk\/?page_id=6966#breadcrumb\",\"itemListElement\":[{\"@type\":\"ListItem\",\"position\":1,\"name\":\"Home\",\"item\":\"https:\/\/www.zdenkapiseprevas.sk\/\"},{\"@type\":\"ListItem\",\"position\":2,\"name\":\"Neignoruj pocity \u2013 skuto\u010dne posledn\u00e1 kniha Zdenky Wenzlovej \u0160v\u00e1bekovej?\"}]},{\"@type\":\"WebSite\",\"@id\":\"https:\/\/www.zdenkapiseprevas.sk\/#website\",\"url\":\"https:\/\/www.zdenkapiseprevas.sk\/\",\"name\":\"Zdenka p\u00ed\u0161e pre v\u00e1s\",\"description\":\"Knihy p\u00edsan\u00e9 srdcom\",\"publisher\":{\"@id\":\"https:\/\/www.zdenkapiseprevas.sk\/#\/schema\/person\/ebeffc0fa86d464a09fe96b5644e53d2\"},\"potentialAction\":[{\"@type\":\"SearchAction\",\"target\":{\"@type\":\"EntryPoint\",\"urlTemplate\":\"https:\/\/www.zdenkapiseprevas.sk\/?s={search_term_string}\"},\"query-input\":{\"@type\":\"PropertyValueSpecification\",\"valueRequired\":true,\"valueName\":\"search_term_string\"}}],\"inLanguage\":\"sk-SK\"},{\"@type\":[\"Person\",\"Organization\"],\"@id\":\"https:\/\/www.zdenkapiseprevas.sk\/#\/schema\/person\/ebeffc0fa86d464a09fe96b5644e53d2\",\"name\":\"Zdenka.Svabekova\",\"image\":{\"@type\":\"ImageObject\",\"inLanguage\":\"sk-SK\",\"@id\":\"https:\/\/www.zdenkapiseprevas.sk\/#\/schema\/person\/image\/\",\"url\":\"https:\/\/secure.gravatar.com\/avatar\/aa2cd587c67d771b6a78e28c9a9356b769e480bfe9c98700f9d609738c52d8c7?s=96&d=mm&r=g\",\"contentUrl\":\"https:\/\/secure.gravatar.com\/avatar\/aa2cd587c67d771b6a78e28c9a9356b769e480bfe9c98700f9d609738c52d8c7?s=96&d=mm&r=g\",\"caption\":\"Zdenka.Svabekova\"},\"logo\":{\"@id\":\"https:\/\/www.zdenkapiseprevas.sk\/#\/schema\/person\/image\/\"}}]}<\/script>\n<!-- \/ Yoast SEO plugin. -->","yoast_head_json":{"title":"Neignoruj pocity \u2013 skuto\u010dne posledn\u00e1 kniha Zdenky Wenzlovej \u0160v\u00e1bekovej? - Zdenka p\u00ed\u0161e pre v\u00e1s","robots":{"index":"index","follow":"follow","max-snippet":"max-snippet:-1","max-image-preview":"max-image-preview:large","max-video-preview":"max-video-preview:-1"},"canonical":"https:\/\/www.zdenkapiseprevas.sk\/?page_id=6966","og_locale":"sk_SK","og_type":"article","og_title":"Neignoruj pocity \u2013 skuto\u010dne posledn\u00e1 kniha Zdenky Wenzlovej \u0160v\u00e1bekovej? - Zdenka p\u00ed\u0161e pre v\u00e1s","og_description":"pokra\u010dovanie \u010dl\u00e1nku Zdenku Wenzlov\u00fa \u0160v\u00e1bekov\u00fa pozn\u00e1me ako autorku skuto\u010dn\u00fdch pr\u00edbehov zo \u017eivota \u017eien. Pr\u00edbehov, v\u00a0ktor\u00fdch n\u00e1m dovol\u00ed nazrie\u0165 za zamknut\u00e9 dvere bytov alebo domov. V\u00a0t\u00fdchto sa odohr\u00e1vaj\u00fa tajomstv\u00e1, ktor\u00e9 sa len m\u00e1lokedy dostan\u00fa na svetlo bo\u017eie. Alebo sa ich dozvieme, &hellip; Pokra\u010dova\u0165 v \u010d\u00edtan\u00ed &rarr;","og_url":"https:\/\/www.zdenkapiseprevas.sk\/?page_id=6966","og_site_name":"Zdenka p\u00ed\u0161e pre v\u00e1s","article_modified_time":"2023-10-04T19:32:11+00:00","og_image":[{"url":"https:\/\/www.zdenkapiseprevas.sk\/wp-content\/uploads\/2023\/10\/377298697_1208047103462801_3642987855018756180_n-225x300.jpg","type":"","width":"","height":""}],"twitter_card":"summary_large_image","twitter_misc":{"Predpokladan\u00fd \u010das \u010d\u00edtania":"3 min\u00faty"},"schema":{"@context":"https:\/\/schema.org","@graph":[{"@type":"WebPage","@id":"https:\/\/www.zdenkapiseprevas.sk\/?page_id=6966","url":"https:\/\/www.zdenkapiseprevas.sk\/?page_id=6966","name":"Neignoruj pocity \u2013 skuto\u010dne posledn\u00e1 kniha Zdenky Wenzlovej \u0160v\u00e1bekovej? - Zdenka p\u00ed\u0161e pre v\u00e1s","isPartOf":{"@id":"https:\/\/www.zdenkapiseprevas.sk\/#website"},"primaryImageOfPage":{"@id":"https:\/\/www.zdenkapiseprevas.sk\/?page_id=6966#primaryimage"},"image":{"@id":"https:\/\/www.zdenkapiseprevas.sk\/?page_id=6966#primaryimage"},"thumbnailUrl":"https:\/\/www.zdenkapiseprevas.sk\/wp-content\/uploads\/2023\/10\/377298697_1208047103462801_3642987855018756180_n-225x300.jpg","datePublished":"2023-10-03T19:36:49+00:00","dateModified":"2023-10-04T19:32:11+00:00","breadcrumb":{"@id":"https:\/\/www.zdenkapiseprevas.sk\/?page_id=6966#breadcrumb"},"inLanguage":"sk-SK","potentialAction":[{"@type":"ReadAction","target":["https:\/\/www.zdenkapiseprevas.sk\/?page_id=6966"]}]},{"@type":"ImageObject","inLanguage":"sk-SK","@id":"https:\/\/www.zdenkapiseprevas.sk\/?page_id=6966#primaryimage","url":"https:\/\/www.zdenkapiseprevas.sk\/wp-content\/uploads\/2023\/10\/377298697_1208047103462801_3642987855018756180_n.jpg","contentUrl":"https:\/\/www.zdenkapiseprevas.sk\/wp-content\/uploads\/2023\/10\/377298697_1208047103462801_3642987855018756180_n.jpg","width":1500,"height":2000},{"@type":"BreadcrumbList","@id":"https:\/\/www.zdenkapiseprevas.sk\/?page_id=6966#breadcrumb","itemListElement":[{"@type":"ListItem","position":1,"name":"Home","item":"https:\/\/www.zdenkapiseprevas.sk\/"},{"@type":"ListItem","position":2,"name":"Neignoruj pocity \u2013 skuto\u010dne posledn\u00e1 kniha Zdenky Wenzlovej \u0160v\u00e1bekovej?"}]},{"@type":"WebSite","@id":"https:\/\/www.zdenkapiseprevas.sk\/#website","url":"https:\/\/www.zdenkapiseprevas.sk\/","name":"Zdenka p\u00ed\u0161e pre v\u00e1s","description":"Knihy p\u00edsan\u00e9 srdcom","publisher":{"@id":"https:\/\/www.zdenkapiseprevas.sk\/#\/schema\/person\/ebeffc0fa86d464a09fe96b5644e53d2"},"potentialAction":[{"@type":"SearchAction","target":{"@type":"EntryPoint","urlTemplate":"https:\/\/www.zdenkapiseprevas.sk\/?s={search_term_string}"},"query-input":{"@type":"PropertyValueSpecification","valueRequired":true,"valueName":"search_term_string"}}],"inLanguage":"sk-SK"},{"@type":["Person","Organization"],"@id":"https:\/\/www.zdenkapiseprevas.sk\/#\/schema\/person\/ebeffc0fa86d464a09fe96b5644e53d2","name":"Zdenka.Svabekova","image":{"@type":"ImageObject","inLanguage":"sk-SK","@id":"https:\/\/www.zdenkapiseprevas.sk\/#\/schema\/person\/image\/","url":"https:\/\/secure.gravatar.com\/avatar\/aa2cd587c67d771b6a78e28c9a9356b769e480bfe9c98700f9d609738c52d8c7?s=96&d=mm&r=g","contentUrl":"https:\/\/secure.gravatar.com\/avatar\/aa2cd587c67d771b6a78e28c9a9356b769e480bfe9c98700f9d609738c52d8c7?s=96&d=mm&r=g","caption":"Zdenka.Svabekova"},"logo":{"@id":"https:\/\/www.zdenkapiseprevas.sk\/#\/schema\/person\/image\/"}}]}},"jetpack_sharing_enabled":true,"_links":{"self":[{"href":"https:\/\/www.zdenkapiseprevas.sk\/index.php?rest_route=\/wp\/v2\/pages\/6966","targetHints":{"allow":["GET"]}}],"collection":[{"href":"https:\/\/www.zdenkapiseprevas.sk\/index.php?rest_route=\/wp\/v2\/pages"}],"about":[{"href":"https:\/\/www.zdenkapiseprevas.sk\/index.php?rest_route=\/wp\/v2\/types\/page"}],"author":[{"embeddable":true,"href":"https:\/\/www.zdenkapiseprevas.sk\/index.php?rest_route=\/wp\/v2\/users\/1"}],"replies":[{"embeddable":true,"href":"https:\/\/www.zdenkapiseprevas.sk\/index.php?rest_route=%2Fwp%2Fv2%2Fcomments&post=6966"}],"version-history":[{"count":6,"href":"https:\/\/www.zdenkapiseprevas.sk\/index.php?rest_route=\/wp\/v2\/pages\/6966\/revisions"}],"predecessor-version":[{"id":7076,"href":"https:\/\/www.zdenkapiseprevas.sk\/index.php?rest_route=\/wp\/v2\/pages\/6966\/revisions\/7076"}],"wp:attachment":[{"href":"https:\/\/www.zdenkapiseprevas.sk\/index.php?rest_route=%2Fwp%2Fv2%2Fmedia&parent=6966"}],"curies":[{"name":"wp","href":"https:\/\/api.w.org\/{rel}","templated":true}]}}