{"id":6993,"date":"2023-10-04T18:40:29","date_gmt":"2023-10-04T16:40:29","guid":{"rendered":"https:\/\/www.zdenkapiseprevas.sk\/?page_id=6993"},"modified":"2023-10-04T19:14:35","modified_gmt":"2023-10-04T17:14:35","slug":"recenzie-a-komentare-knihy-nebezpecny-precedens","status":"publish","type":"page","link":"https:\/\/www.zdenkapiseprevas.sk\/?page_id=6993","title":{"rendered":"Recenzie a koment\u00e1re knihy Nebezpe\u010dn\u00fd precedens"},"content":{"rendered":"\t\t<div data-elementor-type=\"wp-page\" data-elementor-id=\"6993\" class=\"elementor elementor-6993\">\n\t\t\t\t<div class=\"elementor-element elementor-element-d2faf41 e-flex e-con-boxed e-con e-parent\" data-id=\"d2faf41\" data-element_type=\"container\" data-e-type=\"container\">\n\t\t\t\t\t<div class=\"e-con-inner\">\n\t\t\t\t<div class=\"elementor-element elementor-element-993e81b elementor-widget elementor-widget-image\" data-id=\"993e81b\" data-element_type=\"widget\" data-e-type=\"widget\" data-widget_type=\"image.default\">\n\t\t\t\t<div class=\"elementor-widget-container\">\n\t\t\t\t\t\t\t\t\t\t\t\t\t\t\t<img fetchpriority=\"high\" decoding=\"async\" width=\"640\" height=\"360\" src=\"https:\/\/www.zdenkapiseprevas.sk\/wp-content\/uploads\/2023\/10\/347258033_6348032258623894_4107899125892860515_n-1024x576.jpg\" class=\"attachment-large size-large wp-image-6999\" alt=\"\" srcset=\"https:\/\/www.zdenkapiseprevas.sk\/wp-content\/uploads\/2023\/10\/347258033_6348032258623894_4107899125892860515_n-1024x576.jpg 1024w, https:\/\/www.zdenkapiseprevas.sk\/wp-content\/uploads\/2023\/10\/347258033_6348032258623894_4107899125892860515_n-300x169.jpg 300w, https:\/\/www.zdenkapiseprevas.sk\/wp-content\/uploads\/2023\/10\/347258033_6348032258623894_4107899125892860515_n-768x432.jpg 768w, https:\/\/www.zdenkapiseprevas.sk\/wp-content\/uploads\/2023\/10\/347258033_6348032258623894_4107899125892860515_n-1536x864.jpg 1536w, https:\/\/www.zdenkapiseprevas.sk\/wp-content\/uploads\/2023\/10\/347258033_6348032258623894_4107899125892860515_n-1320x743.jpg 1320w, https:\/\/www.zdenkapiseprevas.sk\/wp-content\/uploads\/2023\/10\/347258033_6348032258623894_4107899125892860515_n.jpg 1920w\" sizes=\"(max-width: 640px) 100vw, 640px\" \/>\t\t\t\t\t\t\t\t\t\t\t\t\t\t\t<\/div>\n\t\t\t\t<\/div>\n\t\t\t\t\t<\/div>\n\t\t\t\t<\/div>\n\t\t<div class=\"elementor-element elementor-element-ffb33a3 e-flex e-con-boxed e-con e-parent\" data-id=\"ffb33a3\" data-element_type=\"container\" data-e-type=\"container\">\n\t\t\t\t\t<div class=\"e-con-inner\">\n\t\t\t\t<div class=\"elementor-element elementor-element-fe02d68 elementor-widget elementor-widget-text-editor\" data-id=\"fe02d68\" data-element_type=\"widget\" data-e-type=\"widget\" data-widget_type=\"text-editor.default\">\n\t\t\t\t<div class=\"elementor-widget-container\">\n\t\t\t\t\t\t\t\t\t<p>Tak ako predo\u0161l\u00e9 knihy z pera Zdenky Wenzlovej \u0160v\u00e1bekovej, aj tento pr\u00edbeh ma dostal. Knihu som nevedela pusti\u0165 z ruky a pre\u010d\u00edtala som ju behom jedn\u00e9ho d\u0148a. Musela som vedie\u0165, ako to skon\u010d\u00ed a preto som ju jednoducho musela do\u010d\u00edta\u0165 e\u0161te v ten de\u0148. Pr\u00edbeh je to ve\u013emi siln\u00fd, emot\u00edvny, pln\u00fd prekvapiv\u00fdch zvratov a neposledom rade je to uk\u00e1\u017eka silnej \u017eeny menom Tamara, ktor\u00e1 si pre\u0161la zneu\u017e\u00edvan\u00edm, zavrhnut\u00edm vlastnou matkou, manipul\u00e1ciou, v\u00e4zen\u00edm, stratou najbli\u017e\u0161\u00edch.. a napriek v\u0161etk\u00e9mu zl\u00e9mu sa dok\u00e1zala znova zamilova\u0165 a vies\u0165 kr\u00e1sny \u017eivot po boku milovan\u00e9ho mu\u017ea. Knihu vrelo odpor\u00fa\u010dam.<\/p><p>Nat\u00e1lia Jurigov\u00e1 (<em>Milujeme knihy)<\/em><\/p>\t\t\t\t\t\t\t\t<\/div>\n\t\t\t\t<\/div>\n\t\t\t\t\t<\/div>\n\t\t\t\t<\/div>\n\t\t<div class=\"elementor-element elementor-element-bf671e5 e-flex e-con-boxed e-con e-parent\" data-id=\"bf671e5\" data-element_type=\"container\" data-e-type=\"container\">\n\t\t\t\t\t<div class=\"e-con-inner\">\n\t\t\t\t<div class=\"elementor-element elementor-element-3b7244e elementor-widget elementor-widget-text-editor\" data-id=\"3b7244e\" data-element_type=\"widget\" data-e-type=\"widget\" data-widget_type=\"text-editor.default\">\n\t\t\t\t<div class=\"elementor-widget-container\">\n\t\t\t\t\t\t\t\t\t<p>Aj knihu NEBEZPE\u010cN\u00dd PRECEDENS, \u010d\u00edtam u\u017e tret\u00edkr\u00e1t, spolu s vnu\u010dkou a tak \u010dasto uva\u017eujeme spolu. Dok\u00e1zali by sme urobi\u0165 to, \u010do nezn\u00e1ma \u017eena, ktor\u00fa Tamara naz\u00fdva anjelom. Prich\u00fdlili by ste diev\u010da, v\u00e4zenkynu?! Ruku na srdce, naozaj? Tamara sa ako 15 ro\u010dn\u00e1 dost\u00e1va do v\u00e4zenia. Pre\u010do? na to by u\u017e nemohol odpoveda\u0165 otec ktor\u00e9ho by som ani otcom nenazvala. Vo v\u00e4zen\u00ed pre\u017e\u00edva tie\u017e peklo a po prepusten\u00ed ju zaprie i vlastn\u00e1 mama. Ne\u0161\u0165astn\u00e1 h\u013ead\u00e1 nejak\u00fd zachytn\u00fd bod ako \u00eds\u0165 \u010falej \u017eivotom a rozm\u00fd\u0161\u013eaj\u00fac si sadne na lavi\u010dku v parku. K nej si prisadne star\u0161ia pani. Ke\u010f si vypo\u010duje jej pr\u00edbeh, pon\u00fakne jej ubytovanie za ur\u010dit\u00fa pomoc. Tamara tak spozn\u00e1, ak\u00fa pr\u00edchu\u0165 m\u00e1 l\u00e1ska mu\u017ea a prav\u00fd cit matky. Autorka sa tu op\u00e4\u0165 majstrovsk\u00fd pohrala so slovami a z pr\u00edbehu a\u017e c\u00edti\u0165 t\u00fa silu \u010dlove\u010diny.<\/p><p>Magda Vallu\u0161ov\u00e1 (\u010ditate\u013eka)<\/p>\t\t\t\t\t\t\t\t<\/div>\n\t\t\t\t<\/div>\n\t\t\t\t\t<\/div>\n\t\t\t\t<\/div>\n\t\t<div class=\"elementor-element elementor-element-52e6d70 e-flex e-con-boxed e-con e-parent\" data-id=\"52e6d70\" data-element_type=\"container\" data-e-type=\"container\">\n\t\t\t\t\t<div class=\"e-con-inner\">\n\t\t\t\t<div class=\"elementor-element elementor-element-eb24057 elementor-widget elementor-widget-text-editor\" data-id=\"eb24057\" data-element_type=\"widget\" data-e-type=\"widget\" data-widget_type=\"text-editor.default\">\n\t\t\t\t<div class=\"elementor-widget-container\">\n\t\t\t\t\t\t\t\t\t<p>Kniha, ktor\u00e1 ma zhltla. Neuverite\u013en\u00fdch 24 hod\u00edn trvalo, ne\u017e som sa prelistovala z prol\u00f3gu do epil\u00f3gu. Nevn\u00edmala som \u010das, nevn\u00edmala som zme\u0161kan\u00e9 hovory, nevn\u00edmala som potrebu nie\u010do si da\u0165 pod zub, nie\u010do si zajes\u0165, nepoci\u0165ovala som sm\u00e4d, len dychtivo prevracala str\u00e1nku za str\u00e1nkou a hltala dej. Aspo\u0148 sedemkr\u00e1t som sa pristihla, \u017ee sa mi do o\u010d\u00ed tla\u010dili slzy, aj spadli na str\u00e1nku, nielen slzy sm\u00fatku, ale aj slzy \u0161\u0165astia a dojatia, ke\u010f \u017eivot a osud naber\u00e1 a nadel\u00ed tie \u0161\u0165astnej\u0161ie porcie \u017eitia.<br \/>Nepop\u00ed\u0161em o \u010dom t\u00e1 kniha je, \u00famyselne, preto\u017ee oplat\u00ed sa ju pre\u010d\u00edta\u0165.\u00a0<\/p><p>Iveta Bruderov\u00e1 (\u010ditate\u013eka)<\/p>\t\t\t\t\t\t\t\t<\/div>\n\t\t\t\t<\/div>\n\t\t\t\t\t<\/div>\n\t\t\t\t<\/div>\n\t\t<div class=\"elementor-element elementor-element-784f8d4 e-flex e-con-boxed e-con e-parent\" data-id=\"784f8d4\" data-element_type=\"container\" data-e-type=\"container\">\n\t\t\t\t\t<div class=\"e-con-inner\">\n\t\t\t\t<div class=\"elementor-element elementor-element-1fdb0f8 elementor-widget elementor-widget-text-editor\" data-id=\"1fdb0f8\" data-element_type=\"widget\" data-e-type=\"widget\" data-widget_type=\"text-editor.default\">\n\t\t\t\t<div class=\"elementor-widget-container\">\n\t\t\t\t\t\t\t\t\t<p>C\u00edtila som \u013e\u00fatos\u0165, hnev a po do\u010d\u00edtan\u00ed nasleduje \u00fa\u013eava. Chcelo by sa mi nap\u00edsa\u0165, \u017ee pr\u00edbeh Tamary bol najkraj\u0161\u00edm a najcitlivej\u0161ie nap\u00edsan\u00fdm pr\u00edbehom, ak\u00fd som kedy \u010d\u00edtala. Naozaj som v rozpakoch. Knihy a v nich pr\u00edbehy \u017eien, tejto nie dlho p\u00ed\u0161ucej spisovate\u013eky ma dostali v\u0161etky. Po ka\u017edej som si myslela, \u017ee ma u\u017e ni\u010d neprekvap\u00ed. \u017de je pr\u00edbeh jej vrcholom. Opak je pravdou. Pr\u00e1ve preto som sem pri\u0161la odporu\u010di\u0165 tvorbu spisovate\u013eky, ktor\u00e1 mi vo\u0161la nie iba pod ko\u017eu ale zaliezla do kost\u00ed a zanechala do\u017eivotn\u00fd dojem. Knihu vid\u00edm ako vrchol umenia spisovate\u013eky a pr\u00edbeh vhodn\u00fd zamyslenia.<\/p><p>Andra Li\u0161kov\u00e1 (\u010ditate\u013eka)<\/p>\t\t\t\t\t\t\t\t<\/div>\n\t\t\t\t<\/div>\n\t\t\t\t\t<\/div>\n\t\t\t\t<\/div>\n\t\t<div class=\"elementor-element elementor-element-b1493d8 e-flex e-con-boxed e-con e-parent\" data-id=\"b1493d8\" data-element_type=\"container\" data-e-type=\"container\">\n\t\t\t\t\t<div class=\"e-con-inner\">\n\t\t\t\t<div class=\"elementor-element elementor-element-cad7f54 elementor-widget elementor-widget-text-editor\" data-id=\"cad7f54\" data-element_type=\"widget\" data-e-type=\"widget\" data-widget_type=\"text-editor.default\">\n\t\t\t\t<div class=\"elementor-widget-container\">\n\t\t\t\t\t\t\t\t\t<p>Ach Tamara, ale si ma dostala. Alebo ani nie Tamara ako spisovate\u013eka. Emo\u010dne ma stiahla z ko\u017ee. Op\u00edsa\u0165 \u017eivot verne, \u017ee ho \u010ditate\u013e \u017eije, je pod\u013ea m\u0148a obrovsk\u00e9 umenie. Barbar v \u013eudskej ko\u017ei si to zasl\u00fa\u017eil. \u010co na tom, \u017ee trpeli dvaja, osud rukou Tamary rozhodol. Roky bez vlastnej v\u00f4le ju nezlomili, aj ke\u010f l\u00e1mali riadne. Dosta\u0165 sa bez l\u00e1sky a n\u00e1vodu z ulice pom\u00e1haj\u00fa n\u00e1hody a Tamara za\u010d\u00edna \u017ei\u0165.<br \/>Stiahnut\u00e1 do m\u00fatnych v\u00f4d iba pre\u017e\u00edva. Vie, \u017ee takto si svoju existenciu nepredstavovala. N\u00e1hody v jej \u017eivote nepredstavovali iba p\u00e1dy ale aj ponau\u010denie a&#8230;. Knihu odpor\u00fa\u010dam, je naozaj skvel\u00e1.<\/p><p>J\u00falia Rozemberg (\u010ditate\u013eka)<\/p>\t\t\t\t\t\t\t\t<\/div>\n\t\t\t\t<\/div>\n\t\t\t\t\t<\/div>\n\t\t\t\t<\/div>\n\t\t<div class=\"elementor-element elementor-element-a346e53 e-flex e-con-boxed e-con e-parent\" data-id=\"a346e53\" data-element_type=\"container\" data-e-type=\"container\">\n\t\t\t\t\t<div class=\"e-con-inner\">\n\t\t\t\t<div class=\"elementor-element elementor-element-e1576bb elementor-widget elementor-widget-image\" data-id=\"e1576bb\" data-element_type=\"widget\" data-e-type=\"widget\" data-widget_type=\"image.default\">\n\t\t\t\t<div class=\"elementor-widget-container\">\n\t\t\t\t\t\t\t\t\t\t\t\t\t\t\t<img decoding=\"async\" width=\"236\" height=\"300\" src=\"https:\/\/www.zdenkapiseprevas.sk\/wp-content\/uploads\/2023\/10\/352045216_173515072338728_1794748677017924216_n-236x300.jpg\" class=\"attachment-medium size-medium wp-image-7012\" alt=\"\" srcset=\"https:\/\/www.zdenkapiseprevas.sk\/wp-content\/uploads\/2023\/10\/352045216_173515072338728_1794748677017924216_n-236x300.jpg 236w, https:\/\/www.zdenkapiseprevas.sk\/wp-content\/uploads\/2023\/10\/352045216_173515072338728_1794748677017924216_n-806x1024.jpg 806w, https:\/\/www.zdenkapiseprevas.sk\/wp-content\/uploads\/2023\/10\/352045216_173515072338728_1794748677017924216_n-768x976.jpg 768w, https:\/\/www.zdenkapiseprevas.sk\/wp-content\/uploads\/2023\/10\/352045216_173515072338728_1794748677017924216_n-1209x1536.jpg 1209w, https:\/\/www.zdenkapiseprevas.sk\/wp-content\/uploads\/2023\/10\/352045216_173515072338728_1794748677017924216_n-1320x1678.jpg 1320w, https:\/\/www.zdenkapiseprevas.sk\/wp-content\/uploads\/2023\/10\/352045216_173515072338728_1794748677017924216_n-300x381.jpg 300w, https:\/\/www.zdenkapiseprevas.sk\/wp-content\/uploads\/2023\/10\/352045216_173515072338728_1794748677017924216_n.jpg 1414w\" sizes=\"(max-width: 236px) 100vw, 236px\" \/>\t\t\t\t\t\t\t\t\t\t\t\t\t\t\t<\/div>\n\t\t\t\t<\/div>\n\t\t\t\t\t<\/div>\n\t\t\t\t<\/div>\n\t\t<div class=\"elementor-element elementor-element-f71ca95 e-flex e-con-boxed e-con e-parent\" data-id=\"f71ca95\" data-element_type=\"container\" data-e-type=\"container\">\n\t\t\t\t\t<div class=\"e-con-inner\">\n\t\t\t\t<div class=\"elementor-element elementor-element-bafbe99 elementor-button-info elementor-align-justify elementor-widget elementor-widget-button\" data-id=\"bafbe99\" data-element_type=\"widget\" data-e-type=\"widget\" data-widget_type=\"button.default\">\n\t\t\t\t<div class=\"elementor-widget-container\">\n\t\t\t\t\t\t\t\t\t<div class=\"elementor-button-wrapper\">\n\t\t\t\t\t<a class=\"elementor-button elementor-button-link elementor-size-md\" href=\"https:\/\/www.martinus.sk\/?uItem=1720987#reviews\" target=\"_blank\">\n\t\t\t\t\t\t<span class=\"elementor-button-content-wrapper\">\n\t\t\t\t\t\t<span class=\"elementor-button-icon\">\n\t\t\t\t<svg aria-hidden=\"true\" class=\"e-font-icon-svg e-far-hand-point-right\" viewBox=\"0 0 512 512\" xmlns=\"http:\/\/www.w3.org\/2000\/svg\"><path d=\"M428.8 137.6h-86.177a115.52 115.52 0 0 0 2.176-22.4c0-47.914-35.072-83.2-92-83.2-45.314 0-57.002 48.537-75.707 78.784-7.735 12.413-16.994 23.317-25.851 33.253l-.131.146-.129.148C135.662 161.807 127.764 168 120.8 168h-2.679c-5.747-4.952-13.536-8-22.12-8H32c-17.673 0-32 12.894-32 28.8v230.4C0 435.106 14.327 448 32 448h64c8.584 0 16.373-3.048 22.12-8h2.679c28.688 0 67.137 40 127.2 40h21.299c62.542 0 98.8-38.658 99.94-91.145 12.482-17.813 18.491-40.785 15.985-62.791A93.148 93.148 0 0 0 393.152 304H428.8c45.435 0 83.2-37.584 83.2-83.2 0-45.099-38.101-83.2-83.2-83.2zm0 118.4h-91.026c12.837 14.669 14.415 42.825-4.95 61.05 11.227 19.646 1.687 45.624-12.925 53.625 6.524 39.128-10.076 61.325-50.6 61.325H248c-45.491 0-77.21-35.913-120-39.676V215.571c25.239-2.964 42.966-21.222 59.075-39.596 11.275-12.65 21.725-25.3 30.799-39.875C232.355 112.712 244.006 80 252.8 80c23.375 0 44 8.8 44 35.2 0 35.2-26.4 53.075-26.4 70.4h158.4c18.425 0 35.2 16.5 35.2 35.2 0 18.975-16.225 35.2-35.2 35.2zM88 384c0 13.255-10.745 24-24 24s-24-10.745-24-24 10.745-24 24-24 24 10.745 24 24z\"><\/path><\/svg>\t\t\t<\/span>\n\t\t\t\t\t\t\t\t\t<span class=\"elementor-button-text\">Viac recenzi\u00ed n\u00e1jdete tu<\/span>\n\t\t\t\t\t<\/span>\n\t\t\t\t\t<\/a>\n\t\t\t\t<\/div>\n\t\t\t\t\t\t\t\t<\/div>\n\t\t\t\t<\/div>\n\t\t\t\t\t<\/div>\n\t\t\t\t<\/div>\n\t\t\t\t<\/div>\n\t\t","protected":false},"excerpt":{"rendered":"<p>Tak ako predo\u0161l\u00e9 knihy z pera Zdenky Wenzlovej \u0160v\u00e1bekovej, aj tento pr\u00edbeh ma dostal. Knihu som nevedela pusti\u0165 z ruky a pre\u010d\u00edtala som ju behom jedn\u00e9ho d\u0148a. Musela som vedie\u0165, ako to skon\u010d\u00ed a preto som ju jednoducho musela do\u010d\u00edta\u0165 &hellip; <a href=\"https:\/\/www.zdenkapiseprevas.sk\/?page_id=6993\">Pokra\u010dova\u0165 v \u010d\u00edtan\u00ed <span class=\"meta-nav\">&rarr;<\/span><\/a><\/p>\n","protected":false},"author":1,"featured_media":0,"parent":0,"menu_order":0,"comment_status":"closed","ping_status":"closed","template":"","meta":{"_bbp_topic_count":0,"_bbp_reply_count":0,"_bbp_total_topic_count":0,"_bbp_total_reply_count":0,"_bbp_voice_count":0,"_bbp_anonymous_reply_count":0,"_bbp_topic_count_hidden":0,"_bbp_reply_count_hidden":0,"_bbp_forum_subforum_count":0,"_monsterinsights_skip_tracking":false,"_monsterinsights_sitenote_active":false,"_monsterinsights_sitenote_note":"","_monsterinsights_sitenote_category":0,"footnotes":""},"class_list":["post-6993","page","type-page","status-publish","hentry"],"yoast_head":"<!-- This site is optimized with the Yoast SEO plugin v26.4 - https:\/\/yoast.com\/wordpress\/plugins\/seo\/ -->\n<title>Recenzie a koment\u00e1re knihy Nebezpe\u010dn\u00fd precedens - Zdenka p\u00ed\u0161e pre v\u00e1s<\/title>\n<meta name=\"robots\" content=\"index, follow, max-snippet:-1, max-image-preview:large, max-video-preview:-1\" \/>\n<link rel=\"canonical\" href=\"https:\/\/www.zdenkapiseprevas.sk\/?page_id=6993\" \/>\n<meta property=\"og:locale\" content=\"sk_SK\" \/>\n<meta property=\"og:type\" content=\"article\" \/>\n<meta property=\"og:title\" content=\"Recenzie a koment\u00e1re knihy Nebezpe\u010dn\u00fd precedens - Zdenka p\u00ed\u0161e pre v\u00e1s\" \/>\n<meta property=\"og:description\" content=\"Tak ako predo\u0161l\u00e9 knihy z pera Zdenky Wenzlovej \u0160v\u00e1bekovej, aj tento pr\u00edbeh ma dostal. Knihu som nevedela pusti\u0165 z ruky a pre\u010d\u00edtala som ju behom jedn\u00e9ho d\u0148a. Musela som vedie\u0165, ako to skon\u010d\u00ed a preto som ju jednoducho musela do\u010d\u00edta\u0165 &hellip; Pokra\u010dova\u0165 v \u010d\u00edtan\u00ed &rarr;\" \/>\n<meta property=\"og:url\" content=\"https:\/\/www.zdenkapiseprevas.sk\/?page_id=6993\" \/>\n<meta property=\"og:site_name\" content=\"Zdenka p\u00ed\u0161e pre v\u00e1s\" \/>\n<meta property=\"article:modified_time\" content=\"2023-10-04T17:14:35+00:00\" \/>\n<meta property=\"og:image\" content=\"https:\/\/www.zdenkapiseprevas.sk\/wp-content\/uploads\/2023\/10\/347258033_6348032258623894_4107899125892860515_n-1024x576.jpg\" \/>\n<meta name=\"twitter:card\" content=\"summary_large_image\" \/>\n<meta name=\"twitter:label1\" content=\"Predpokladan\u00fd \u010das \u010d\u00edtania\" \/>\n\t<meta name=\"twitter:data1\" content=\"4 min\u00faty\" \/>\n<script type=\"application\/ld+json\" class=\"yoast-schema-graph\">{\"@context\":\"https:\/\/schema.org\",\"@graph\":[{\"@type\":\"WebPage\",\"@id\":\"https:\/\/www.zdenkapiseprevas.sk\/?page_id=6993\",\"url\":\"https:\/\/www.zdenkapiseprevas.sk\/?page_id=6993\",\"name\":\"Recenzie a koment\u00e1re knihy Nebezpe\u010dn\u00fd precedens - Zdenka p\u00ed\u0161e pre v\u00e1s\",\"isPartOf\":{\"@id\":\"https:\/\/www.zdenkapiseprevas.sk\/#website\"},\"primaryImageOfPage\":{\"@id\":\"https:\/\/www.zdenkapiseprevas.sk\/?page_id=6993#primaryimage\"},\"image\":{\"@id\":\"https:\/\/www.zdenkapiseprevas.sk\/?page_id=6993#primaryimage\"},\"thumbnailUrl\":\"https:\/\/www.zdenkapiseprevas.sk\/wp-content\/uploads\/2023\/10\/347258033_6348032258623894_4107899125892860515_n-1024x576.jpg\",\"datePublished\":\"2023-10-04T16:40:29+00:00\",\"dateModified\":\"2023-10-04T17:14:35+00:00\",\"breadcrumb\":{\"@id\":\"https:\/\/www.zdenkapiseprevas.sk\/?page_id=6993#breadcrumb\"},\"inLanguage\":\"sk-SK\",\"potentialAction\":[{\"@type\":\"ReadAction\",\"target\":[\"https:\/\/www.zdenkapiseprevas.sk\/?page_id=6993\"]}]},{\"@type\":\"ImageObject\",\"inLanguage\":\"sk-SK\",\"@id\":\"https:\/\/www.zdenkapiseprevas.sk\/?page_id=6993#primaryimage\",\"url\":\"https:\/\/www.zdenkapiseprevas.sk\/wp-content\/uploads\/2023\/10\/347258033_6348032258623894_4107899125892860515_n.jpg\",\"contentUrl\":\"https:\/\/www.zdenkapiseprevas.sk\/wp-content\/uploads\/2023\/10\/347258033_6348032258623894_4107899125892860515_n.jpg\",\"width\":1920,\"height\":1080},{\"@type\":\"BreadcrumbList\",\"@id\":\"https:\/\/www.zdenkapiseprevas.sk\/?page_id=6993#breadcrumb\",\"itemListElement\":[{\"@type\":\"ListItem\",\"position\":1,\"name\":\"Home\",\"item\":\"https:\/\/www.zdenkapiseprevas.sk\/\"},{\"@type\":\"ListItem\",\"position\":2,\"name\":\"Recenzie a koment\u00e1re knihy Nebezpe\u010dn\u00fd precedens\"}]},{\"@type\":\"WebSite\",\"@id\":\"https:\/\/www.zdenkapiseprevas.sk\/#website\",\"url\":\"https:\/\/www.zdenkapiseprevas.sk\/\",\"name\":\"Zdenka p\u00ed\u0161e pre v\u00e1s\",\"description\":\"Knihy p\u00edsan\u00e9 srdcom\",\"publisher\":{\"@id\":\"https:\/\/www.zdenkapiseprevas.sk\/#\/schema\/person\/ebeffc0fa86d464a09fe96b5644e53d2\"},\"potentialAction\":[{\"@type\":\"SearchAction\",\"target\":{\"@type\":\"EntryPoint\",\"urlTemplate\":\"https:\/\/www.zdenkapiseprevas.sk\/?s={search_term_string}\"},\"query-input\":{\"@type\":\"PropertyValueSpecification\",\"valueRequired\":true,\"valueName\":\"search_term_string\"}}],\"inLanguage\":\"sk-SK\"},{\"@type\":[\"Person\",\"Organization\"],\"@id\":\"https:\/\/www.zdenkapiseprevas.sk\/#\/schema\/person\/ebeffc0fa86d464a09fe96b5644e53d2\",\"name\":\"Zdenka.Svabekova\",\"image\":{\"@type\":\"ImageObject\",\"inLanguage\":\"sk-SK\",\"@id\":\"https:\/\/www.zdenkapiseprevas.sk\/#\/schema\/person\/image\/\",\"url\":\"https:\/\/secure.gravatar.com\/avatar\/aa2cd587c67d771b6a78e28c9a9356b769e480bfe9c98700f9d609738c52d8c7?s=96&d=mm&r=g\",\"contentUrl\":\"https:\/\/secure.gravatar.com\/avatar\/aa2cd587c67d771b6a78e28c9a9356b769e480bfe9c98700f9d609738c52d8c7?s=96&d=mm&r=g\",\"caption\":\"Zdenka.Svabekova\"},\"logo\":{\"@id\":\"https:\/\/www.zdenkapiseprevas.sk\/#\/schema\/person\/image\/\"}}]}<\/script>\n<!-- \/ Yoast SEO plugin. -->","yoast_head_json":{"title":"Recenzie a koment\u00e1re knihy Nebezpe\u010dn\u00fd precedens - Zdenka p\u00ed\u0161e pre v\u00e1s","robots":{"index":"index","follow":"follow","max-snippet":"max-snippet:-1","max-image-preview":"max-image-preview:large","max-video-preview":"max-video-preview:-1"},"canonical":"https:\/\/www.zdenkapiseprevas.sk\/?page_id=6993","og_locale":"sk_SK","og_type":"article","og_title":"Recenzie a koment\u00e1re knihy Nebezpe\u010dn\u00fd precedens - Zdenka p\u00ed\u0161e pre v\u00e1s","og_description":"Tak ako predo\u0161l\u00e9 knihy z pera Zdenky Wenzlovej \u0160v\u00e1bekovej, aj tento pr\u00edbeh ma dostal. Knihu som nevedela pusti\u0165 z ruky a pre\u010d\u00edtala som ju behom jedn\u00e9ho d\u0148a. Musela som vedie\u0165, ako to skon\u010d\u00ed a preto som ju jednoducho musela do\u010d\u00edta\u0165 &hellip; Pokra\u010dova\u0165 v \u010d\u00edtan\u00ed &rarr;","og_url":"https:\/\/www.zdenkapiseprevas.sk\/?page_id=6993","og_site_name":"Zdenka p\u00ed\u0161e pre v\u00e1s","article_modified_time":"2023-10-04T17:14:35+00:00","og_image":[{"url":"https:\/\/www.zdenkapiseprevas.sk\/wp-content\/uploads\/2023\/10\/347258033_6348032258623894_4107899125892860515_n-1024x576.jpg","type":"","width":"","height":""}],"twitter_card":"summary_large_image","twitter_misc":{"Predpokladan\u00fd \u010das \u010d\u00edtania":"4 min\u00faty"},"schema":{"@context":"https:\/\/schema.org","@graph":[{"@type":"WebPage","@id":"https:\/\/www.zdenkapiseprevas.sk\/?page_id=6993","url":"https:\/\/www.zdenkapiseprevas.sk\/?page_id=6993","name":"Recenzie a koment\u00e1re knihy Nebezpe\u010dn\u00fd precedens - Zdenka p\u00ed\u0161e pre v\u00e1s","isPartOf":{"@id":"https:\/\/www.zdenkapiseprevas.sk\/#website"},"primaryImageOfPage":{"@id":"https:\/\/www.zdenkapiseprevas.sk\/?page_id=6993#primaryimage"},"image":{"@id":"https:\/\/www.zdenkapiseprevas.sk\/?page_id=6993#primaryimage"},"thumbnailUrl":"https:\/\/www.zdenkapiseprevas.sk\/wp-content\/uploads\/2023\/10\/347258033_6348032258623894_4107899125892860515_n-1024x576.jpg","datePublished":"2023-10-04T16:40:29+00:00","dateModified":"2023-10-04T17:14:35+00:00","breadcrumb":{"@id":"https:\/\/www.zdenkapiseprevas.sk\/?page_id=6993#breadcrumb"},"inLanguage":"sk-SK","potentialAction":[{"@type":"ReadAction","target":["https:\/\/www.zdenkapiseprevas.sk\/?page_id=6993"]}]},{"@type":"ImageObject","inLanguage":"sk-SK","@id":"https:\/\/www.zdenkapiseprevas.sk\/?page_id=6993#primaryimage","url":"https:\/\/www.zdenkapiseprevas.sk\/wp-content\/uploads\/2023\/10\/347258033_6348032258623894_4107899125892860515_n.jpg","contentUrl":"https:\/\/www.zdenkapiseprevas.sk\/wp-content\/uploads\/2023\/10\/347258033_6348032258623894_4107899125892860515_n.jpg","width":1920,"height":1080},{"@type":"BreadcrumbList","@id":"https:\/\/www.zdenkapiseprevas.sk\/?page_id=6993#breadcrumb","itemListElement":[{"@type":"ListItem","position":1,"name":"Home","item":"https:\/\/www.zdenkapiseprevas.sk\/"},{"@type":"ListItem","position":2,"name":"Recenzie a koment\u00e1re knihy Nebezpe\u010dn\u00fd precedens"}]},{"@type":"WebSite","@id":"https:\/\/www.zdenkapiseprevas.sk\/#website","url":"https:\/\/www.zdenkapiseprevas.sk\/","name":"Zdenka p\u00ed\u0161e pre v\u00e1s","description":"Knihy p\u00edsan\u00e9 srdcom","publisher":{"@id":"https:\/\/www.zdenkapiseprevas.sk\/#\/schema\/person\/ebeffc0fa86d464a09fe96b5644e53d2"},"potentialAction":[{"@type":"SearchAction","target":{"@type":"EntryPoint","urlTemplate":"https:\/\/www.zdenkapiseprevas.sk\/?s={search_term_string}"},"query-input":{"@type":"PropertyValueSpecification","valueRequired":true,"valueName":"search_term_string"}}],"inLanguage":"sk-SK"},{"@type":["Person","Organization"],"@id":"https:\/\/www.zdenkapiseprevas.sk\/#\/schema\/person\/ebeffc0fa86d464a09fe96b5644e53d2","name":"Zdenka.Svabekova","image":{"@type":"ImageObject","inLanguage":"sk-SK","@id":"https:\/\/www.zdenkapiseprevas.sk\/#\/schema\/person\/image\/","url":"https:\/\/secure.gravatar.com\/avatar\/aa2cd587c67d771b6a78e28c9a9356b769e480bfe9c98700f9d609738c52d8c7?s=96&d=mm&r=g","contentUrl":"https:\/\/secure.gravatar.com\/avatar\/aa2cd587c67d771b6a78e28c9a9356b769e480bfe9c98700f9d609738c52d8c7?s=96&d=mm&r=g","caption":"Zdenka.Svabekova"},"logo":{"@id":"https:\/\/www.zdenkapiseprevas.sk\/#\/schema\/person\/image\/"}}]}},"jetpack_sharing_enabled":true,"_links":{"self":[{"href":"https:\/\/www.zdenkapiseprevas.sk\/index.php?rest_route=\/wp\/v2\/pages\/6993","targetHints":{"allow":["GET"]}}],"collection":[{"href":"https:\/\/www.zdenkapiseprevas.sk\/index.php?rest_route=\/wp\/v2\/pages"}],"about":[{"href":"https:\/\/www.zdenkapiseprevas.sk\/index.php?rest_route=\/wp\/v2\/types\/page"}],"author":[{"embeddable":true,"href":"https:\/\/www.zdenkapiseprevas.sk\/index.php?rest_route=\/wp\/v2\/users\/1"}],"replies":[{"embeddable":true,"href":"https:\/\/www.zdenkapiseprevas.sk\/index.php?rest_route=%2Fwp%2Fv2%2Fcomments&post=6993"}],"version-history":[{"count":6,"href":"https:\/\/www.zdenkapiseprevas.sk\/index.php?rest_route=\/wp\/v2\/pages\/6993\/revisions"}],"predecessor-version":[{"id":7019,"href":"https:\/\/www.zdenkapiseprevas.sk\/index.php?rest_route=\/wp\/v2\/pages\/6993\/revisions\/7019"}],"wp:attachment":[{"href":"https:\/\/www.zdenkapiseprevas.sk\/index.php?rest_route=%2Fwp%2Fv2%2Fmedia&parent=6993"}],"curies":[{"name":"wp","href":"https:\/\/api.w.org\/{rel}","templated":true}]}}