{"id":207,"date":"2019-10-08T09:45:23","date_gmt":"2019-10-08T07:45:23","guid":{"rendered":"https:\/\/www.zdenkapiseprevas.sk\/?post_type=product&#038;p=207"},"modified":"2022-12-23T17:08:51","modified_gmt":"2022-12-23T16:08:51","slug":"nesmies-povedat","status":"publish","type":"product","link":"https:\/\/www.zdenkapiseprevas.sk\/?product=nesmies-povedat","title":{"rendered":"Nesmie\u0161 poveda\u0165 &#8211; VYPREDAN\u00c1"},"content":{"rendered":"<p>Som diev\u010da, ktor\u00e9mu bolo odopieran\u00e9 \u017ei\u0165 \u017eivotom die\u0165a\u0165a. Do mozgu sa mi ako pijavice zahryzli dve slov\u00e1: Nesmie\u0161 poveda\u0165.<br \/>\nTento skuto\u010dn\u00fd pr\u00edbeh pln\u00fd zvratov a em\u00f3ci\u00ed v\u00e1m vykresl\u00ed a\u017e neuverite\u013en\u00e9 utrpenie mladej Lenky.<br \/>\nDiev\u010datka, ktor\u00e9mu okrem mena dali rodi\u010dia do vienka aj ne\u013eahk\u00fd osud. S prib\u00fadaj\u00facimi rokmi narast\u00e1 utrpenie a ono sa ocit\u00e1 st\u00e1le bli\u017e\u0161ie k hranici pekla, sp\u00fatan\u00e9 ch\u00e1padlami \u013eudsk\u00e9ho hyenizmu. M\u00f4\u017ee tak mal\u00e9 die\u0165a toto v\u0161etko pre\u017ei\u0165?<\/p>\n<p>Ak\u00fd bude osud die\u0165a\u0165a, ktor\u00e9 nechr\u00e1ni n\u00e1ru\u010d vlastnej matky?<br \/>\nPri \u010d\u00edtan\u00ed knihy v\u00e1m napadne \u0161ieste Bo\u017eie prik\u00e1zanie.<br \/>\nBud\u00fa v tomto pr\u00edpade na mieste slov\u00e1 far\u00e1ra: Boh dopust\u00ed, ale neopust\u00ed?<br \/>\n\u010co v\u0161etko mus\u00ed za\u017ei\u0165 die\u0165a, aby si ho dospel\u00ed v\u0161imli?<\/p>\n","protected":false},"excerpt":{"rendered":"<p>Po b\u00e1snickej zbierke Roztaven\u00e9 put\u00e1 Zdenka Wenzlov\u00e1 \u0160v\u00e1bekov\u00e1 nap\u00edsala neuverite\u013ene p\u00fatav\u00fd pr\u00edbeh malej Lenky, NESMIE\u0160 POVEDA\u0164. <a href=\"https:\/\/www.zdenkapiseprevas.sk\/?product=nesmies-povedat\">Pokra\u010dova\u0165 v \u010d\u00edtan\u00ed <span class=\"meta-nav\">&rarr;<\/span><\/a><\/p>\n","protected":false},"featured_media":4889,"comment_status":"open","ping_status":"closed","template":"","meta":{"_bbp_topic_count":0,"_bbp_reply_count":0,"_bbp_total_topic_count":0,"_bbp_total_reply_count":0,"_bbp_voice_count":0,"_bbp_anonymous_reply_count":0,"_bbp_topic_count_hidden":0,"_bbp_reply_count_hidden":0,"_bbp_forum_subforum_count":0,"_monsterinsights_skip_tracking":false,"_monsterinsights_sitenote_active":false,"_monsterinsights_sitenote_note":"","_monsterinsights_sitenote_category":0},"product_brand":[],"product_cat":[22],"product_tag":[19,21,20],"class_list":{"0":"post-207","1":"product","2":"type-product","3":"status-publish","4":"has-post-thumbnail","6":"product_cat-knihy","7":"product_tag-kniha","8":"product_tag-nesmies-povedat","9":"product_tag-skutocny-pribeh","11":"first","12":"outofstock","13":"shipping-taxable","14":"product-type-simple"},"yoast_head":"<!-- This site is optimized with the Yoast SEO plugin v26.4 - https:\/\/yoast.com\/wordpress\/plugins\/seo\/ -->\n<title>Nesmie\u0161 poveda\u0165 - VYPREDAN\u00c1 - Zdenka p\u00ed\u0161e pre v\u00e1s<\/title>\n<meta name=\"robots\" content=\"index, follow, max-snippet:-1, max-image-preview:large, max-video-preview:-1\" \/>\n<link rel=\"canonical\" href=\"https:\/\/www.zdenkapiseprevas.sk\/?product=nesmies-povedat\" \/>\n<meta property=\"og:locale\" content=\"sk_SK\" \/>\n<meta property=\"og:type\" content=\"article\" \/>\n<meta property=\"og:title\" content=\"Nesmie\u0161 poveda\u0165 - VYPREDAN\u00c1 - Zdenka p\u00ed\u0161e pre v\u00e1s\" \/>\n<meta property=\"og:description\" content=\"Po b\u00e1snickej zbierke Roztaven\u00e9 put\u00e1 Zdenka Wenzlov\u00e1 \u0160v\u00e1bekov\u00e1 nap\u00edsala neuverite\u013ene p\u00fatav\u00fd pr\u00edbeh malej Lenky, NESMIE\u0160 POVEDA\u0164. Pokra\u010dova\u0165 v \u010d\u00edtan\u00ed &rarr;\" \/>\n<meta property=\"og:url\" content=\"https:\/\/www.zdenkapiseprevas.sk\/?product=nesmies-povedat\" \/>\n<meta property=\"og:site_name\" content=\"Zdenka p\u00ed\u0161e pre v\u00e1s\" \/>\n<meta property=\"article:modified_time\" content=\"2022-12-23T16:08:51+00:00\" \/>\n<meta property=\"og:image\" content=\"https:\/\/www.zdenkapiseprevas.sk\/wp-content\/uploads\/2020\/09\/1602182009.png\" \/>\n\t<meta property=\"og:image:width\" content=\"1500\" \/>\n\t<meta property=\"og:image:height\" content=\"1383\" \/>\n\t<meta property=\"og:image:type\" content=\"image\/png\" \/>\n<meta name=\"twitter:card\" content=\"summary_large_image\" \/>\n<meta name=\"twitter:label1\" content=\"Predpokladan\u00fd \u010das \u010d\u00edtania\" \/>\n\t<meta name=\"twitter:data1\" content=\"1 min\u00fata\" \/>\n<script type=\"application\/ld+json\" class=\"yoast-schema-graph\">{\"@context\":\"https:\/\/schema.org\",\"@graph\":[{\"@type\":\"WebPage\",\"@id\":\"https:\/\/www.zdenkapiseprevas.sk\/?product=nesmies-povedat\",\"url\":\"https:\/\/www.zdenkapiseprevas.sk\/?product=nesmies-povedat\",\"name\":\"Nesmie\u0161 poveda\u0165 - VYPREDAN\u00c1 - Zdenka p\u00ed\u0161e pre v\u00e1s\",\"isPartOf\":{\"@id\":\"https:\/\/www.zdenkapiseprevas.sk\/#website\"},\"primaryImageOfPage\":{\"@id\":\"https:\/\/www.zdenkapiseprevas.sk\/?product=nesmies-povedat#primaryimage\"},\"image\":{\"@id\":\"https:\/\/www.zdenkapiseprevas.sk\/?product=nesmies-povedat#primaryimage\"},\"thumbnailUrl\":\"https:\/\/www.zdenkapiseprevas.sk\/wp-content\/uploads\/2020\/09\/1602182009.png\",\"datePublished\":\"2019-10-08T07:45:23+00:00\",\"dateModified\":\"2022-12-23T16:08:51+00:00\",\"breadcrumb\":{\"@id\":\"https:\/\/www.zdenkapiseprevas.sk\/?product=nesmies-povedat#breadcrumb\"},\"inLanguage\":\"sk-SK\",\"potentialAction\":[{\"@type\":\"ReadAction\",\"target\":[\"https:\/\/www.zdenkapiseprevas.sk\/?product=nesmies-povedat\"]}]},{\"@type\":\"ImageObject\",\"inLanguage\":\"sk-SK\",\"@id\":\"https:\/\/www.zdenkapiseprevas.sk\/?product=nesmies-povedat#primaryimage\",\"url\":\"https:\/\/www.zdenkapiseprevas.sk\/wp-content\/uploads\/2020\/09\/1602182009.png\",\"contentUrl\":\"https:\/\/www.zdenkapiseprevas.sk\/wp-content\/uploads\/2020\/09\/1602182009.png\",\"width\":1500,\"height\":1383},{\"@type\":\"BreadcrumbList\",\"@id\":\"https:\/\/www.zdenkapiseprevas.sk\/?product=nesmies-povedat#breadcrumb\",\"itemListElement\":[{\"@type\":\"ListItem\",\"position\":1,\"name\":\"Home\",\"item\":\"https:\/\/www.zdenkapiseprevas.sk\/\"},{\"@type\":\"ListItem\",\"position\":2,\"name\":\"Obchod\",\"item\":\"https:\/\/www.zdenkapiseprevas.sk\/?page_id=195\"},{\"@type\":\"ListItem\",\"position\":3,\"name\":\"Nesmie\u0161 poveda\u0165 &#8211; VYPREDAN\u00c1\"}]},{\"@type\":\"WebSite\",\"@id\":\"https:\/\/www.zdenkapiseprevas.sk\/#website\",\"url\":\"https:\/\/www.zdenkapiseprevas.sk\/\",\"name\":\"Zdenka p\u00ed\u0161e pre v\u00e1s\",\"description\":\"Knihy p\u00edsan\u00e9 srdcom\",\"publisher\":{\"@id\":\"https:\/\/www.zdenkapiseprevas.sk\/#\/schema\/person\/ebeffc0fa86d464a09fe96b5644e53d2\"},\"potentialAction\":[{\"@type\":\"SearchAction\",\"target\":{\"@type\":\"EntryPoint\",\"urlTemplate\":\"https:\/\/www.zdenkapiseprevas.sk\/?s={search_term_string}\"},\"query-input\":{\"@type\":\"PropertyValueSpecification\",\"valueRequired\":true,\"valueName\":\"search_term_string\"}}],\"inLanguage\":\"sk-SK\"},{\"@type\":[\"Person\",\"Organization\"],\"@id\":\"https:\/\/www.zdenkapiseprevas.sk\/#\/schema\/person\/ebeffc0fa86d464a09fe96b5644e53d2\",\"name\":\"Zdenka.Svabekova\",\"image\":{\"@type\":\"ImageObject\",\"inLanguage\":\"sk-SK\",\"@id\":\"https:\/\/www.zdenkapiseprevas.sk\/#\/schema\/person\/image\/\",\"url\":\"https:\/\/secure.gravatar.com\/avatar\/aa2cd587c67d771b6a78e28c9a9356b769e480bfe9c98700f9d609738c52d8c7?s=96&d=mm&r=g\",\"contentUrl\":\"https:\/\/secure.gravatar.com\/avatar\/aa2cd587c67d771b6a78e28c9a9356b769e480bfe9c98700f9d609738c52d8c7?s=96&d=mm&r=g\",\"caption\":\"Zdenka.Svabekova\"},\"logo\":{\"@id\":\"https:\/\/www.zdenkapiseprevas.sk\/#\/schema\/person\/image\/\"}}]}<\/script>\n<!-- \/ Yoast SEO plugin. -->","yoast_head_json":{"title":"Nesmie\u0161 poveda\u0165 - VYPREDAN\u00c1 - Zdenka p\u00ed\u0161e pre v\u00e1s","robots":{"index":"index","follow":"follow","max-snippet":"max-snippet:-1","max-image-preview":"max-image-preview:large","max-video-preview":"max-video-preview:-1"},"canonical":"https:\/\/www.zdenkapiseprevas.sk\/?product=nesmies-povedat","og_locale":"sk_SK","og_type":"article","og_title":"Nesmie\u0161 poveda\u0165 - VYPREDAN\u00c1 - Zdenka p\u00ed\u0161e pre v\u00e1s","og_description":"Po b\u00e1snickej zbierke Roztaven\u00e9 put\u00e1 Zdenka Wenzlov\u00e1 \u0160v\u00e1bekov\u00e1 nap\u00edsala neuverite\u013ene p\u00fatav\u00fd pr\u00edbeh malej Lenky, NESMIE\u0160 POVEDA\u0164. Pokra\u010dova\u0165 v \u010d\u00edtan\u00ed &rarr;","og_url":"https:\/\/www.zdenkapiseprevas.sk\/?product=nesmies-povedat","og_site_name":"Zdenka p\u00ed\u0161e pre v\u00e1s","article_modified_time":"2022-12-23T16:08:51+00:00","og_image":[{"width":1500,"height":1383,"url":"https:\/\/www.zdenkapiseprevas.sk\/wp-content\/uploads\/2020\/09\/1602182009.png","type":"image\/png"}],"twitter_card":"summary_large_image","twitter_misc":{"Predpokladan\u00fd \u010das \u010d\u00edtania":"1 min\u00fata"},"schema":{"@context":"https:\/\/schema.org","@graph":[{"@type":"WebPage","@id":"https:\/\/www.zdenkapiseprevas.sk\/?product=nesmies-povedat","url":"https:\/\/www.zdenkapiseprevas.sk\/?product=nesmies-povedat","name":"Nesmie\u0161 poveda\u0165 - VYPREDAN\u00c1 - Zdenka p\u00ed\u0161e pre v\u00e1s","isPartOf":{"@id":"https:\/\/www.zdenkapiseprevas.sk\/#website"},"primaryImageOfPage":{"@id":"https:\/\/www.zdenkapiseprevas.sk\/?product=nesmies-povedat#primaryimage"},"image":{"@id":"https:\/\/www.zdenkapiseprevas.sk\/?product=nesmies-povedat#primaryimage"},"thumbnailUrl":"https:\/\/www.zdenkapiseprevas.sk\/wp-content\/uploads\/2020\/09\/1602182009.png","datePublished":"2019-10-08T07:45:23+00:00","dateModified":"2022-12-23T16:08:51+00:00","breadcrumb":{"@id":"https:\/\/www.zdenkapiseprevas.sk\/?product=nesmies-povedat#breadcrumb"},"inLanguage":"sk-SK","potentialAction":[{"@type":"ReadAction","target":["https:\/\/www.zdenkapiseprevas.sk\/?product=nesmies-povedat"]}]},{"@type":"ImageObject","inLanguage":"sk-SK","@id":"https:\/\/www.zdenkapiseprevas.sk\/?product=nesmies-povedat#primaryimage","url":"https:\/\/www.zdenkapiseprevas.sk\/wp-content\/uploads\/2020\/09\/1602182009.png","contentUrl":"https:\/\/www.zdenkapiseprevas.sk\/wp-content\/uploads\/2020\/09\/1602182009.png","width":1500,"height":1383},{"@type":"BreadcrumbList","@id":"https:\/\/www.zdenkapiseprevas.sk\/?product=nesmies-povedat#breadcrumb","itemListElement":[{"@type":"ListItem","position":1,"name":"Home","item":"https:\/\/www.zdenkapiseprevas.sk\/"},{"@type":"ListItem","position":2,"name":"Obchod","item":"https:\/\/www.zdenkapiseprevas.sk\/?page_id=195"},{"@type":"ListItem","position":3,"name":"Nesmie\u0161 poveda\u0165 &#8211; VYPREDAN\u00c1"}]},{"@type":"WebSite","@id":"https:\/\/www.zdenkapiseprevas.sk\/#website","url":"https:\/\/www.zdenkapiseprevas.sk\/","name":"Zdenka p\u00ed\u0161e pre v\u00e1s","description":"Knihy p\u00edsan\u00e9 srdcom","publisher":{"@id":"https:\/\/www.zdenkapiseprevas.sk\/#\/schema\/person\/ebeffc0fa86d464a09fe96b5644e53d2"},"potentialAction":[{"@type":"SearchAction","target":{"@type":"EntryPoint","urlTemplate":"https:\/\/www.zdenkapiseprevas.sk\/?s={search_term_string}"},"query-input":{"@type":"PropertyValueSpecification","valueRequired":true,"valueName":"search_term_string"}}],"inLanguage":"sk-SK"},{"@type":["Person","Organization"],"@id":"https:\/\/www.zdenkapiseprevas.sk\/#\/schema\/person\/ebeffc0fa86d464a09fe96b5644e53d2","name":"Zdenka.Svabekova","image":{"@type":"ImageObject","inLanguage":"sk-SK","@id":"https:\/\/www.zdenkapiseprevas.sk\/#\/schema\/person\/image\/","url":"https:\/\/secure.gravatar.com\/avatar\/aa2cd587c67d771b6a78e28c9a9356b769e480bfe9c98700f9d609738c52d8c7?s=96&d=mm&r=g","contentUrl":"https:\/\/secure.gravatar.com\/avatar\/aa2cd587c67d771b6a78e28c9a9356b769e480bfe9c98700f9d609738c52d8c7?s=96&d=mm&r=g","caption":"Zdenka.Svabekova"},"logo":{"@id":"https:\/\/www.zdenkapiseprevas.sk\/#\/schema\/person\/image\/"}}]}},"jetpack_sharing_enabled":true,"_links":{"self":[{"href":"https:\/\/www.zdenkapiseprevas.sk\/index.php?rest_route=\/wp\/v2\/product\/207","targetHints":{"allow":["GET"]}}],"collection":[{"href":"https:\/\/www.zdenkapiseprevas.sk\/index.php?rest_route=\/wp\/v2\/product"}],"about":[{"href":"https:\/\/www.zdenkapiseprevas.sk\/index.php?rest_route=\/wp\/v2\/types\/product"}],"replies":[{"embeddable":true,"href":"https:\/\/www.zdenkapiseprevas.sk\/index.php?rest_route=%2Fwp%2Fv2%2Fcomments&post=207"}],"wp:featuredmedia":[{"embeddable":true,"href":"https:\/\/www.zdenkapiseprevas.sk\/index.php?rest_route=\/wp\/v2\/media\/4889"}],"wp:attachment":[{"href":"https:\/\/www.zdenkapiseprevas.sk\/index.php?rest_route=%2Fwp%2Fv2%2Fmedia&parent=207"}],"wp:term":[{"taxonomy":"product_brand","embeddable":true,"href":"https:\/\/www.zdenkapiseprevas.sk\/index.php?rest_route=%2Fwp%2Fv2%2Fproduct_brand&post=207"},{"taxonomy":"product_cat","embeddable":true,"href":"https:\/\/www.zdenkapiseprevas.sk\/index.php?rest_route=%2Fwp%2Fv2%2Fproduct_cat&post=207"},{"taxonomy":"product_tag","embeddable":true,"href":"https:\/\/www.zdenkapiseprevas.sk\/index.php?rest_route=%2Fwp%2Fv2%2Fproduct_tag&post=207"}],"curies":[{"name":"wp","href":"https:\/\/api.w.org\/{rel}","templated":true}]}}