{"id":345,"date":"2019-10-14T10:15:36","date_gmt":"2019-10-14T08:15:36","guid":{"rendered":"https:\/\/www.zdenkapiseprevas.sk\/?post_type=product&#038;p=345"},"modified":"2024-12-31T09:33:39","modified_gmt":"2024-12-31T08:33:39","slug":"zdenka-wenzlova-svabekova-naposledy-placemzdenkapiseprevas-sk","status":"publish","type":"product","link":"https:\/\/www.zdenkapiseprevas.sk\/?product=zdenka-wenzlova-svabekova-naposledy-placemzdenkapiseprevas-sk","title":{"rendered":"Naposledy pla\u010dem"},"content":{"rendered":"","protected":false},"excerpt":{"rendered":"<p>Straty Jany, hlavnej hrdinky pr\u00edbehu, v celom jej \u017eivote hraj\u00fa v\u00fdznamn\u00fa, a\u017e tragick\u00fa \u00falohu a samota ju privedie do n\u00e1hradn\u00e9ho vz\u0165ahu pln\u00e9ho ne\u010dakanej v\u00e1\u0161ne, bez s\u013eubov a ist\u00f4t. Hoci t\u00e1to idylka trv\u00e1 kr\u00e1tko, zanech\u00e1 za sebou ne\u010dakan\u00e9 svedectvo, ktor\u00e9 uvo\u013en\u00ed cestu l\u00e1ske bez hran\u00edc. Ako sa vysporiada s touto neverou mu\u017e jej \u017eivota? N\u00e1jde Jana domov pre seba a svoje deti? Bude milovan\u00e1 alebo nen\u00e1viden\u00e1? \u010c\u00edtajte strhuj\u00faci pr\u00edbeh pln\u00fd priam rozpr\u00e1vkovej l\u00e1sky, ale aj nevylie\u010dite\u013enej bolesti matky, ktor\u00e1 milovala nav\u017edy. <a href=\"https:\/\/www.zdenkapiseprevas.sk\/?product=zdenka-wenzlova-svabekova-naposledy-placemzdenkapiseprevas-sk\">Pokra\u010dova\u0165 v \u010d\u00edtan\u00ed <span class=\"meta-nav\">&rarr;<\/span><\/a><\/p>\n","protected":false},"featured_media":4891,"comment_status":"open","ping_status":"closed","template":"","meta":{"_bbp_topic_count":0,"_bbp_reply_count":0,"_bbp_total_topic_count":0,"_bbp_total_reply_count":0,"_bbp_voice_count":0,"_bbp_anonymous_reply_count":0,"_bbp_topic_count_hidden":0,"_bbp_reply_count_hidden":0,"_bbp_forum_subforum_count":0,"_monsterinsights_skip_tracking":false,"_monsterinsights_sitenote_active":false,"_monsterinsights_sitenote_note":"","_monsterinsights_sitenote_category":0},"product_brand":[],"product_cat":[22],"product_tag":[19,26],"class_list":{"0":"post-345","1":"product","2":"type-product","3":"status-publish","4":"has-post-thumbnail","6":"product_cat-knihy","7":"product_tag-kniha","8":"product_tag-zdenka-wenzlova-svabekova","10":"first","11":"instock","12":"shipping-taxable","13":"purchasable","14":"product-type-simple"},"yoast_head":"<!-- This site is optimized with the Yoast SEO plugin v26.4 - https:\/\/yoast.com\/wordpress\/plugins\/seo\/ -->\n<title>Naposledy pla\u010dem - Zdenka p\u00ed\u0161e pre v\u00e1s<\/title>\n<meta name=\"description\" content=\"Skuto\u010dn\u00fd pr\u00edbeh zo \u017eivota \u017eeny, ktor\u00e1 nechcela ni\u010d viac, ne\u017e milova\u0165 a by\u0165 milovan\u00e1. Pr\u00edbeh pln\u00fd l\u00e1sky a nen\u00e1visti.\" \/>\n<meta name=\"robots\" content=\"index, follow, max-snippet:-1, max-image-preview:large, max-video-preview:-1\" \/>\n<link rel=\"canonical\" href=\"https:\/\/www.zdenkapiseprevas.sk\/?product=zdenka-wenzlova-svabekova-naposledy-placemzdenkapiseprevas-sk\" \/>\n<meta property=\"og:locale\" content=\"sk_SK\" \/>\n<meta property=\"og:type\" content=\"article\" \/>\n<meta property=\"og:title\" content=\"Naposledy pla\u010dem - Zdenka p\u00ed\u0161e pre v\u00e1s\" \/>\n<meta property=\"og:description\" content=\"Skuto\u010dn\u00fd pr\u00edbeh zo \u017eivota \u017eeny, ktor\u00e1 nechcela ni\u010d viac, ne\u017e milova\u0165 a by\u0165 milovan\u00e1. Pr\u00edbeh pln\u00fd l\u00e1sky a nen\u00e1visti.\" \/>\n<meta property=\"og:url\" content=\"https:\/\/www.zdenkapiseprevas.sk\/?product=zdenka-wenzlova-svabekova-naposledy-placemzdenkapiseprevas-sk\" \/>\n<meta property=\"og:site_name\" content=\"Zdenka p\u00ed\u0161e pre v\u00e1s\" \/>\n<meta property=\"article:modified_time\" content=\"2024-12-31T08:33:39+00:00\" \/>\n<meta property=\"og:image\" content=\"https:\/\/www.zdenkapiseprevas.sk\/wp-content\/uploads\/2020\/09\/1602181795.png\" \/>\n\t<meta property=\"og:image:width\" content=\"1500\" \/>\n\t<meta property=\"og:image:height\" content=\"1383\" \/>\n\t<meta property=\"og:image:type\" content=\"image\/png\" \/>\n<meta name=\"twitter:card\" content=\"summary_large_image\" \/>\n<meta name=\"twitter:label1\" content=\"Predpokladan\u00fd \u010das \u010d\u00edtania\" \/>\n\t<meta name=\"twitter:data1\" content=\"1 min\u00fata\" \/>\n<script type=\"application\/ld+json\" class=\"yoast-schema-graph\">{\"@context\":\"https:\/\/schema.org\",\"@graph\":[{\"@type\":\"WebPage\",\"@id\":\"https:\/\/www.zdenkapiseprevas.sk\/?product=zdenka-wenzlova-svabekova-naposledy-placemzdenkapiseprevas-sk\",\"url\":\"https:\/\/www.zdenkapiseprevas.sk\/?product=zdenka-wenzlova-svabekova-naposledy-placemzdenkapiseprevas-sk\",\"name\":\"Naposledy pla\u010dem - Zdenka p\u00ed\u0161e pre v\u00e1s\",\"isPartOf\":{\"@id\":\"https:\/\/www.zdenkapiseprevas.sk\/#website\"},\"primaryImageOfPage\":{\"@id\":\"https:\/\/www.zdenkapiseprevas.sk\/?product=zdenka-wenzlova-svabekova-naposledy-placemzdenkapiseprevas-sk#primaryimage\"},\"image\":{\"@id\":\"https:\/\/www.zdenkapiseprevas.sk\/?product=zdenka-wenzlova-svabekova-naposledy-placemzdenkapiseprevas-sk#primaryimage\"},\"thumbnailUrl\":\"https:\/\/www.zdenkapiseprevas.sk\/wp-content\/uploads\/2020\/09\/1602181795.png\",\"datePublished\":\"2019-10-14T08:15:36+00:00\",\"dateModified\":\"2024-12-31T08:33:39+00:00\",\"description\":\"Skuto\u010dn\u00fd pr\u00edbeh zo \u017eivota \u017eeny, ktor\u00e1 nechcela ni\u010d viac, ne\u017e milova\u0165 a by\u0165 milovan\u00e1. Pr\u00edbeh pln\u00fd l\u00e1sky a nen\u00e1visti.\",\"breadcrumb\":{\"@id\":\"https:\/\/www.zdenkapiseprevas.sk\/?product=zdenka-wenzlova-svabekova-naposledy-placemzdenkapiseprevas-sk#breadcrumb\"},\"inLanguage\":\"sk-SK\",\"potentialAction\":[{\"@type\":\"ReadAction\",\"target\":[\"https:\/\/www.zdenkapiseprevas.sk\/?product=zdenka-wenzlova-svabekova-naposledy-placemzdenkapiseprevas-sk\"]}]},{\"@type\":\"ImageObject\",\"inLanguage\":\"sk-SK\",\"@id\":\"https:\/\/www.zdenkapiseprevas.sk\/?product=zdenka-wenzlova-svabekova-naposledy-placemzdenkapiseprevas-sk#primaryimage\",\"url\":\"https:\/\/www.zdenkapiseprevas.sk\/wp-content\/uploads\/2020\/09\/1602181795.png\",\"contentUrl\":\"https:\/\/www.zdenkapiseprevas.sk\/wp-content\/uploads\/2020\/09\/1602181795.png\",\"width\":1500,\"height\":1383},{\"@type\":\"BreadcrumbList\",\"@id\":\"https:\/\/www.zdenkapiseprevas.sk\/?product=zdenka-wenzlova-svabekova-naposledy-placemzdenkapiseprevas-sk#breadcrumb\",\"itemListElement\":[{\"@type\":\"ListItem\",\"position\":1,\"name\":\"Home\",\"item\":\"https:\/\/www.zdenkapiseprevas.sk\/\"},{\"@type\":\"ListItem\",\"position\":2,\"name\":\"Obchod\",\"item\":\"https:\/\/www.zdenkapiseprevas.sk\/?page_id=195\"},{\"@type\":\"ListItem\",\"position\":3,\"name\":\"Naposledy pla\u010dem\"}]},{\"@type\":\"WebSite\",\"@id\":\"https:\/\/www.zdenkapiseprevas.sk\/#website\",\"url\":\"https:\/\/www.zdenkapiseprevas.sk\/\",\"name\":\"Zdenka p\u00ed\u0161e pre v\u00e1s\",\"description\":\"Knihy p\u00edsan\u00e9 srdcom\",\"publisher\":{\"@id\":\"https:\/\/www.zdenkapiseprevas.sk\/#\/schema\/person\/ebeffc0fa86d464a09fe96b5644e53d2\"},\"potentialAction\":[{\"@type\":\"SearchAction\",\"target\":{\"@type\":\"EntryPoint\",\"urlTemplate\":\"https:\/\/www.zdenkapiseprevas.sk\/?s={search_term_string}\"},\"query-input\":{\"@type\":\"PropertyValueSpecification\",\"valueRequired\":true,\"valueName\":\"search_term_string\"}}],\"inLanguage\":\"sk-SK\"},{\"@type\":[\"Person\",\"Organization\"],\"@id\":\"https:\/\/www.zdenkapiseprevas.sk\/#\/schema\/person\/ebeffc0fa86d464a09fe96b5644e53d2\",\"name\":\"Zdenka.Svabekova\",\"image\":{\"@type\":\"ImageObject\",\"inLanguage\":\"sk-SK\",\"@id\":\"https:\/\/www.zdenkapiseprevas.sk\/#\/schema\/person\/image\/\",\"url\":\"https:\/\/secure.gravatar.com\/avatar\/aa2cd587c67d771b6a78e28c9a9356b769e480bfe9c98700f9d609738c52d8c7?s=96&d=mm&r=g\",\"contentUrl\":\"https:\/\/secure.gravatar.com\/avatar\/aa2cd587c67d771b6a78e28c9a9356b769e480bfe9c98700f9d609738c52d8c7?s=96&d=mm&r=g\",\"caption\":\"Zdenka.Svabekova\"},\"logo\":{\"@id\":\"https:\/\/www.zdenkapiseprevas.sk\/#\/schema\/person\/image\/\"}}]}<\/script>\n<!-- \/ Yoast SEO plugin. -->","yoast_head_json":{"title":"Naposledy pla\u010dem - Zdenka p\u00ed\u0161e pre v\u00e1s","description":"Skuto\u010dn\u00fd pr\u00edbeh zo \u017eivota \u017eeny, ktor\u00e1 nechcela ni\u010d viac, ne\u017e milova\u0165 a by\u0165 milovan\u00e1. Pr\u00edbeh pln\u00fd l\u00e1sky a nen\u00e1visti.","robots":{"index":"index","follow":"follow","max-snippet":"max-snippet:-1","max-image-preview":"max-image-preview:large","max-video-preview":"max-video-preview:-1"},"canonical":"https:\/\/www.zdenkapiseprevas.sk\/?product=zdenka-wenzlova-svabekova-naposledy-placemzdenkapiseprevas-sk","og_locale":"sk_SK","og_type":"article","og_title":"Naposledy pla\u010dem - Zdenka p\u00ed\u0161e pre v\u00e1s","og_description":"Skuto\u010dn\u00fd pr\u00edbeh zo \u017eivota \u017eeny, ktor\u00e1 nechcela ni\u010d viac, ne\u017e milova\u0165 a by\u0165 milovan\u00e1. Pr\u00edbeh pln\u00fd l\u00e1sky a nen\u00e1visti.","og_url":"https:\/\/www.zdenkapiseprevas.sk\/?product=zdenka-wenzlova-svabekova-naposledy-placemzdenkapiseprevas-sk","og_site_name":"Zdenka p\u00ed\u0161e pre v\u00e1s","article_modified_time":"2024-12-31T08:33:39+00:00","og_image":[{"width":1500,"height":1383,"url":"https:\/\/www.zdenkapiseprevas.sk\/wp-content\/uploads\/2020\/09\/1602181795.png","type":"image\/png"}],"twitter_card":"summary_large_image","twitter_misc":{"Predpokladan\u00fd \u010das \u010d\u00edtania":"1 min\u00fata"},"schema":{"@context":"https:\/\/schema.org","@graph":[{"@type":"WebPage","@id":"https:\/\/www.zdenkapiseprevas.sk\/?product=zdenka-wenzlova-svabekova-naposledy-placemzdenkapiseprevas-sk","url":"https:\/\/www.zdenkapiseprevas.sk\/?product=zdenka-wenzlova-svabekova-naposledy-placemzdenkapiseprevas-sk","name":"Naposledy pla\u010dem - Zdenka p\u00ed\u0161e pre v\u00e1s","isPartOf":{"@id":"https:\/\/www.zdenkapiseprevas.sk\/#website"},"primaryImageOfPage":{"@id":"https:\/\/www.zdenkapiseprevas.sk\/?product=zdenka-wenzlova-svabekova-naposledy-placemzdenkapiseprevas-sk#primaryimage"},"image":{"@id":"https:\/\/www.zdenkapiseprevas.sk\/?product=zdenka-wenzlova-svabekova-naposledy-placemzdenkapiseprevas-sk#primaryimage"},"thumbnailUrl":"https:\/\/www.zdenkapiseprevas.sk\/wp-content\/uploads\/2020\/09\/1602181795.png","datePublished":"2019-10-14T08:15:36+00:00","dateModified":"2024-12-31T08:33:39+00:00","description":"Skuto\u010dn\u00fd pr\u00edbeh zo \u017eivota \u017eeny, ktor\u00e1 nechcela ni\u010d viac, ne\u017e milova\u0165 a by\u0165 milovan\u00e1. Pr\u00edbeh pln\u00fd l\u00e1sky a nen\u00e1visti.","breadcrumb":{"@id":"https:\/\/www.zdenkapiseprevas.sk\/?product=zdenka-wenzlova-svabekova-naposledy-placemzdenkapiseprevas-sk#breadcrumb"},"inLanguage":"sk-SK","potentialAction":[{"@type":"ReadAction","target":["https:\/\/www.zdenkapiseprevas.sk\/?product=zdenka-wenzlova-svabekova-naposledy-placemzdenkapiseprevas-sk"]}]},{"@type":"ImageObject","inLanguage":"sk-SK","@id":"https:\/\/www.zdenkapiseprevas.sk\/?product=zdenka-wenzlova-svabekova-naposledy-placemzdenkapiseprevas-sk#primaryimage","url":"https:\/\/www.zdenkapiseprevas.sk\/wp-content\/uploads\/2020\/09\/1602181795.png","contentUrl":"https:\/\/www.zdenkapiseprevas.sk\/wp-content\/uploads\/2020\/09\/1602181795.png","width":1500,"height":1383},{"@type":"BreadcrumbList","@id":"https:\/\/www.zdenkapiseprevas.sk\/?product=zdenka-wenzlova-svabekova-naposledy-placemzdenkapiseprevas-sk#breadcrumb","itemListElement":[{"@type":"ListItem","position":1,"name":"Home","item":"https:\/\/www.zdenkapiseprevas.sk\/"},{"@type":"ListItem","position":2,"name":"Obchod","item":"https:\/\/www.zdenkapiseprevas.sk\/?page_id=195"},{"@type":"ListItem","position":3,"name":"Naposledy pla\u010dem"}]},{"@type":"WebSite","@id":"https:\/\/www.zdenkapiseprevas.sk\/#website","url":"https:\/\/www.zdenkapiseprevas.sk\/","name":"Zdenka p\u00ed\u0161e pre v\u00e1s","description":"Knihy p\u00edsan\u00e9 srdcom","publisher":{"@id":"https:\/\/www.zdenkapiseprevas.sk\/#\/schema\/person\/ebeffc0fa86d464a09fe96b5644e53d2"},"potentialAction":[{"@type":"SearchAction","target":{"@type":"EntryPoint","urlTemplate":"https:\/\/www.zdenkapiseprevas.sk\/?s={search_term_string}"},"query-input":{"@type":"PropertyValueSpecification","valueRequired":true,"valueName":"search_term_string"}}],"inLanguage":"sk-SK"},{"@type":["Person","Organization"],"@id":"https:\/\/www.zdenkapiseprevas.sk\/#\/schema\/person\/ebeffc0fa86d464a09fe96b5644e53d2","name":"Zdenka.Svabekova","image":{"@type":"ImageObject","inLanguage":"sk-SK","@id":"https:\/\/www.zdenkapiseprevas.sk\/#\/schema\/person\/image\/","url":"https:\/\/secure.gravatar.com\/avatar\/aa2cd587c67d771b6a78e28c9a9356b769e480bfe9c98700f9d609738c52d8c7?s=96&d=mm&r=g","contentUrl":"https:\/\/secure.gravatar.com\/avatar\/aa2cd587c67d771b6a78e28c9a9356b769e480bfe9c98700f9d609738c52d8c7?s=96&d=mm&r=g","caption":"Zdenka.Svabekova"},"logo":{"@id":"https:\/\/www.zdenkapiseprevas.sk\/#\/schema\/person\/image\/"}}]}},"jetpack_sharing_enabled":true,"_links":{"self":[{"href":"https:\/\/www.zdenkapiseprevas.sk\/index.php?rest_route=\/wp\/v2\/product\/345","targetHints":{"allow":["GET"]}}],"collection":[{"href":"https:\/\/www.zdenkapiseprevas.sk\/index.php?rest_route=\/wp\/v2\/product"}],"about":[{"href":"https:\/\/www.zdenkapiseprevas.sk\/index.php?rest_route=\/wp\/v2\/types\/product"}],"replies":[{"embeddable":true,"href":"https:\/\/www.zdenkapiseprevas.sk\/index.php?rest_route=%2Fwp%2Fv2%2Fcomments&post=345"}],"wp:featuredmedia":[{"embeddable":true,"href":"https:\/\/www.zdenkapiseprevas.sk\/index.php?rest_route=\/wp\/v2\/media\/4891"}],"wp:attachment":[{"href":"https:\/\/www.zdenkapiseprevas.sk\/index.php?rest_route=%2Fwp%2Fv2%2Fmedia&parent=345"}],"wp:term":[{"taxonomy":"product_brand","embeddable":true,"href":"https:\/\/www.zdenkapiseprevas.sk\/index.php?rest_route=%2Fwp%2Fv2%2Fproduct_brand&post=345"},{"taxonomy":"product_cat","embeddable":true,"href":"https:\/\/www.zdenkapiseprevas.sk\/index.php?rest_route=%2Fwp%2Fv2%2Fproduct_cat&post=345"},{"taxonomy":"product_tag","embeddable":true,"href":"https:\/\/www.zdenkapiseprevas.sk\/index.php?rest_route=%2Fwp%2Fv2%2Fproduct_tag&post=345"}],"curies":[{"name":"wp","href":"https:\/\/api.w.org\/{rel}","templated":true}]}}