{"id":4614,"date":"2020-09-04T18:22:47","date_gmt":"2020-09-04T16:22:47","guid":{"rendered":"https:\/\/www.zdenkapiseprevas.sk\/?post_type=product&#038;p=4614"},"modified":"2024-12-31T09:32:48","modified_gmt":"2024-12-31T08:32:48","slug":"nehladaj-pravdu","status":"publish","type":"product","link":"https:\/\/www.zdenkapiseprevas.sk\/?product=nehladaj-pravdu","title":{"rendered":"Neh\u013eadaj pravdu"},"content":{"rendered":"<p>Vikt\u00f3ria je mlad\u00e9 diev\u010da, p\u00e4tn\u00e1s\u0165ro\u010dn\u00e1 t\u00edned\u017eerka, \u017eij\u00faca v\u00a0rodine, v\u00a0ktorej m\u00e1 v\u0161etko, po \u010dom jej srdce zat\u00fa\u017ei. Mala ma\u0165 kr\u00e1sny \u017eivot. Bezstarostn\u00fd, ktor\u00e9ho n\u00e1pl\u0148ou malo by\u0165 dobre sa u\u010di\u0165 a\u00a0u\u017e\u00edva\u0165 si ka\u017ed\u00fd jeden de\u0148 v\u00a0spolo\u010dnosti obdivuj\u00facich priateliek a\u00a0priate\u013eov.<\/p>\n<p>V\u00a0jedno r\u00e1no sa jej diev\u010densk\u00fd sen zmen\u00ed. Do ich domu vtrhne policajn\u00e9 komando, obr\u00e1ti ho cel\u00fd hore nohami, jej otec skon\u010d\u00ed vo v\u00e4zen\u00ed, matka novovzniknut\u00fa situ\u00e1ciu neunesie. Vyrie\u0161i ju skratovo. Vikt\u00f3ria zost\u00e1va sama, bez pe\u0148az\u00ed, len s\u00a0babkou, ktor\u00e1 sa o\u00a0\u0148u star\u00e1. Zrazu nem\u00e1 ni\u010d, stratila priate\u013eov, drah\u00e9 \u0161aty, top\u00e1nky, jednoducho v\u0161etko, \u010d\u00edm sa predt\u00fdm mohla p\u00fd\u0161i\u0165. Nen\u00e1vid\u00ed cel\u00fd svet, no najm\u00e4 svojich rodi\u010dov, ktor\u00ed boli v\u0161etk\u00e9mu pr\u00ed\u010dinou.<\/p>\n<p>Pri jednej prech\u00e1dzke mestom naraz\u00ed do Mareka, kr\u00e1sneho mlad\u00e9ho mu\u017ea s\u00a0uhran\u010div\u00fdm poh\u013eadom. L\u00e1ska na prv\u00fd poh\u013ead? Vikt\u00f3ria sa vrh\u00e1 do vz\u0165ahu, ktor\u00fd jej m\u00e1 prinies\u0165 \u017eivot ak\u00fd \u017eila kedysi. Marekove slov\u00e1 a\u00a0jeho spr\u00e1vanie s\u00fa toho pr\u00eds\u013eubom. \u010co sa skr\u00fdva za uhran\u010div\u00fdmi o\u010dami mlad\u00edka? Ak\u00e9 m\u00e1 pl\u00e1ny s\u00a0Vikt\u00f3riou? Kde s\u00fa hranice \u013eudskej zloby a\u00a0t\u00fa\u017eby po bohatstve? Pre\u010do je \u017eivot pln\u00fd tajomstiev? \u010co sa skr\u00fdva za vetou: <em>\u201eU\u017e vie\u0161, ako chut\u00ed jedlo, ja \u0165a nau\u010d\u00edm, ako chut\u00ed \u017eivot\u201c<\/em> ?<\/p>\n<p>Pravda nemus\u00ed by\u0165 v\u017edy t\u00fdm, \u010do chceme n\u00e1js\u0165.<\/p>\n","protected":false},"excerpt":{"rendered":"<p>Novinka z pera Zdenky Wenzlovej \u0160v\u00e1bekovej.<\/p>\n<p>Neh\u013eadaj pravdu. Nie v\u017edy je pravda to prav\u00e9, \u010do chceme n\u00e1js\u0165. Preto\u017ee pravda niekedy bol\u00ed. Kniha pln\u00e1 l\u00e1sky a trpkosti, o tom, \u010do v\u0161etko dok\u00e1\u017ee osud \u010dloveku pripravi\u0165.<\/p>\n<p>Pr\u00edbehy Zdenky Wenzlovej \u0160v\u00e1bekovej nie s\u00fa len oby\u010dajn\u00fdm prerozpr\u00e1van\u00edm udalost\u00ed, ale s\u00fa pln\u00e9 po\u00e9zie, romantiky, vzru\u0161enia a nap\u00e4tia. Nap\u00e4tia zo skuto\u010dn\u00e9ho \u017eivota, lebo ten n\u00e1m prin\u00e1\u0161a tie najv\u00e4\u010d\u0161ie a najzauj\u00edmavej\u0161ie z\u00e1pletky. NEH\u013dADAJ PRAVDU nie je in\u00e1. Je sladk\u00e1, ale aj horkob\u00f4\u013ena, m\u00e1 v sebe d\u00e1vku pikantnosti, no nie to\u013eko, aby sa z nej stala nechutn\u00e1 gebuzina. Je slan\u00e1 od s\u013az, ale je ju c\u00edti\u0165 aj v\u00f4\u0148ou \u017eeny. A o tom to je. N\u00e1js\u0165 v \u017eivote to, \u010do je pre n\u00e1s najlep\u0161ie. Nemus\u00ed to by\u0165 pr\u00e1ve pravda.<\/p>\n<p>Kniha je u\u017e v predaji. <a href=\"https:\/\/www.zdenkapiseprevas.sk\/?product=nehladaj-pravdu\">Pokra\u010dova\u0165 v \u010d\u00edtan\u00ed <span class=\"meta-nav\">&rarr;<\/span><\/a><\/p>\n","protected":false},"featured_media":4888,"comment_status":"open","ping_status":"closed","template":"","meta":{"_bbp_topic_count":0,"_bbp_reply_count":0,"_bbp_total_topic_count":0,"_bbp_total_reply_count":0,"_bbp_voice_count":0,"_bbp_anonymous_reply_count":0,"_bbp_topic_count_hidden":0,"_bbp_reply_count_hidden":0,"_bbp_forum_subforum_count":0,"_monsterinsights_skip_tracking":false,"_monsterinsights_sitenote_active":false,"_monsterinsights_sitenote_note":"","_monsterinsights_sitenote_category":0},"product_brand":[],"product_cat":[22,30,32,31],"product_tag":[20],"class_list":{"0":"post-4614","1":"product","2":"type-product","3":"status-publish","4":"has-post-thumbnail","6":"product_cat-knihy","7":"product_cat-nehladaj-pravdu","8":"product_cat-skutocny-pribeh","9":"product_cat-zdenka-wenzlova-svabekova","10":"product_tag-skutocny-pribeh","12":"first","13":"instock","14":"shipping-taxable","15":"purchasable","16":"product-type-simple"},"yoast_head":"<!-- This site is optimized with the Yoast SEO plugin v26.4 - https:\/\/yoast.com\/wordpress\/plugins\/seo\/ -->\n<title>Neh\u013eadaj pravdu - Zdenka p\u00ed\u0161e pre v\u00e1s<\/title>\n<meta name=\"robots\" content=\"index, follow, max-snippet:-1, max-image-preview:large, max-video-preview:-1\" \/>\n<link rel=\"canonical\" href=\"https:\/\/www.zdenkapiseprevas.sk\/?product=nehladaj-pravdu\" \/>\n<meta property=\"og:locale\" content=\"sk_SK\" \/>\n<meta property=\"og:type\" content=\"article\" \/>\n<meta property=\"og:title\" content=\"Neh\u013eadaj pravdu - Zdenka p\u00ed\u0161e pre v\u00e1s\" \/>\n<meta property=\"og:description\" content=\"Novinka z pera Zdenky Wenzlovej \u0160v\u00e1bekovej.  Neh\u013eadaj pravdu. Nie v\u017edy je pravda to prav\u00e9, \u010do chceme n\u00e1js\u0165. Preto\u017ee pravda niekedy bol\u00ed. Kniha pln\u00e1 l\u00e1sky a trpkosti, o tom, \u010do v\u0161etko dok\u00e1\u017ee osud \u010dloveku pripravi\u0165.  Pr\u00edbehy Zdenky Wenzlovej \u0160v\u00e1bekovej nie s\u00fa len oby\u010dajn\u00fdm prerozpr\u00e1van\u00edm udalost\u00ed, ale s\u00fa pln\u00e9 po\u00e9zie, romantiky, vzru\u0161enia a nap\u00e4tia. Nap\u00e4tia zo skuto\u010dn\u00e9ho \u017eivota, lebo ten n\u00e1m prin\u00e1\u0161a tie najv\u00e4\u010d\u0161ie a najzauj\u00edmavej\u0161ie z\u00e1pletky. NEH\u013dADAJ PRAVDU nie je in\u00e1. Je sladk\u00e1, ale aj horkob\u00f4\u013ena, m\u00e1 v sebe d\u00e1vku pikantnosti, no nie to\u013eko, aby sa z nej stala nechutn\u00e1 gebuzina. Je slan\u00e1 od s\u013az, ale je ju c\u00edti\u0165 aj v\u00f4\u0148ou \u017eeny. A o tom to je. N\u00e1js\u0165 v \u017eivote to, \u010do je pre n\u00e1s najlep\u0161ie. Nemus\u00ed to by\u0165 pr\u00e1ve pravda.  Kniha je u\u017e v predaji. Pokra\u010dova\u0165 v \u010d\u00edtan\u00ed &rarr;\" \/>\n<meta property=\"og:url\" content=\"https:\/\/www.zdenkapiseprevas.sk\/?product=nehladaj-pravdu\" \/>\n<meta property=\"og:site_name\" content=\"Zdenka p\u00ed\u0161e pre v\u00e1s\" \/>\n<meta property=\"article:modified_time\" content=\"2024-12-31T08:32:48+00:00\" \/>\n<meta property=\"og:image\" content=\"https:\/\/www.zdenkapiseprevas.sk\/wp-content\/uploads\/2020\/09\/1602182068.png\" \/>\n\t<meta property=\"og:image:width\" content=\"1500\" \/>\n\t<meta property=\"og:image:height\" content=\"1383\" \/>\n\t<meta property=\"og:image:type\" content=\"image\/png\" \/>\n<meta name=\"twitter:card\" content=\"summary_large_image\" \/>\n<meta name=\"twitter:label1\" content=\"Predpokladan\u00fd \u010das \u010d\u00edtania\" \/>\n\t<meta name=\"twitter:data1\" content=\"2 min\u00faty\" \/>\n<script type=\"application\/ld+json\" class=\"yoast-schema-graph\">{\"@context\":\"https:\/\/schema.org\",\"@graph\":[{\"@type\":\"WebPage\",\"@id\":\"https:\/\/www.zdenkapiseprevas.sk\/?product=nehladaj-pravdu\",\"url\":\"https:\/\/www.zdenkapiseprevas.sk\/?product=nehladaj-pravdu\",\"name\":\"Neh\u013eadaj pravdu - Zdenka p\u00ed\u0161e pre v\u00e1s\",\"isPartOf\":{\"@id\":\"https:\/\/www.zdenkapiseprevas.sk\/#website\"},\"primaryImageOfPage\":{\"@id\":\"https:\/\/www.zdenkapiseprevas.sk\/?product=nehladaj-pravdu#primaryimage\"},\"image\":{\"@id\":\"https:\/\/www.zdenkapiseprevas.sk\/?product=nehladaj-pravdu#primaryimage\"},\"thumbnailUrl\":\"https:\/\/www.zdenkapiseprevas.sk\/wp-content\/uploads\/2020\/09\/1602182068.png\",\"datePublished\":\"2020-09-04T16:22:47+00:00\",\"dateModified\":\"2024-12-31T08:32:48+00:00\",\"breadcrumb\":{\"@id\":\"https:\/\/www.zdenkapiseprevas.sk\/?product=nehladaj-pravdu#breadcrumb\"},\"inLanguage\":\"sk-SK\",\"potentialAction\":[{\"@type\":\"ReadAction\",\"target\":[\"https:\/\/www.zdenkapiseprevas.sk\/?product=nehladaj-pravdu\"]}]},{\"@type\":\"ImageObject\",\"inLanguage\":\"sk-SK\",\"@id\":\"https:\/\/www.zdenkapiseprevas.sk\/?product=nehladaj-pravdu#primaryimage\",\"url\":\"https:\/\/www.zdenkapiseprevas.sk\/wp-content\/uploads\/2020\/09\/1602182068.png\",\"contentUrl\":\"https:\/\/www.zdenkapiseprevas.sk\/wp-content\/uploads\/2020\/09\/1602182068.png\",\"width\":1500,\"height\":1383},{\"@type\":\"BreadcrumbList\",\"@id\":\"https:\/\/www.zdenkapiseprevas.sk\/?product=nehladaj-pravdu#breadcrumb\",\"itemListElement\":[{\"@type\":\"ListItem\",\"position\":1,\"name\":\"Home\",\"item\":\"https:\/\/www.zdenkapiseprevas.sk\/\"},{\"@type\":\"ListItem\",\"position\":2,\"name\":\"Obchod\",\"item\":\"https:\/\/www.zdenkapiseprevas.sk\/?page_id=195\"},{\"@type\":\"ListItem\",\"position\":3,\"name\":\"Neh\u013eadaj pravdu\"}]},{\"@type\":\"WebSite\",\"@id\":\"https:\/\/www.zdenkapiseprevas.sk\/#website\",\"url\":\"https:\/\/www.zdenkapiseprevas.sk\/\",\"name\":\"Zdenka p\u00ed\u0161e pre v\u00e1s\",\"description\":\"Knihy p\u00edsan\u00e9 srdcom\",\"publisher\":{\"@id\":\"https:\/\/www.zdenkapiseprevas.sk\/#\/schema\/person\/ebeffc0fa86d464a09fe96b5644e53d2\"},\"potentialAction\":[{\"@type\":\"SearchAction\",\"target\":{\"@type\":\"EntryPoint\",\"urlTemplate\":\"https:\/\/www.zdenkapiseprevas.sk\/?s={search_term_string}\"},\"query-input\":{\"@type\":\"PropertyValueSpecification\",\"valueRequired\":true,\"valueName\":\"search_term_string\"}}],\"inLanguage\":\"sk-SK\"},{\"@type\":[\"Person\",\"Organization\"],\"@id\":\"https:\/\/www.zdenkapiseprevas.sk\/#\/schema\/person\/ebeffc0fa86d464a09fe96b5644e53d2\",\"name\":\"Zdenka.Svabekova\",\"image\":{\"@type\":\"ImageObject\",\"inLanguage\":\"sk-SK\",\"@id\":\"https:\/\/www.zdenkapiseprevas.sk\/#\/schema\/person\/image\/\",\"url\":\"https:\/\/secure.gravatar.com\/avatar\/aa2cd587c67d771b6a78e28c9a9356b769e480bfe9c98700f9d609738c52d8c7?s=96&d=mm&r=g\",\"contentUrl\":\"https:\/\/secure.gravatar.com\/avatar\/aa2cd587c67d771b6a78e28c9a9356b769e480bfe9c98700f9d609738c52d8c7?s=96&d=mm&r=g\",\"caption\":\"Zdenka.Svabekova\"},\"logo\":{\"@id\":\"https:\/\/www.zdenkapiseprevas.sk\/#\/schema\/person\/image\/\"}}]}<\/script>\n<!-- \/ Yoast SEO plugin. -->","yoast_head_json":{"title":"Neh\u013eadaj pravdu - Zdenka p\u00ed\u0161e pre v\u00e1s","robots":{"index":"index","follow":"follow","max-snippet":"max-snippet:-1","max-image-preview":"max-image-preview:large","max-video-preview":"max-video-preview:-1"},"canonical":"https:\/\/www.zdenkapiseprevas.sk\/?product=nehladaj-pravdu","og_locale":"sk_SK","og_type":"article","og_title":"Neh\u013eadaj pravdu - Zdenka p\u00ed\u0161e pre v\u00e1s","og_description":"Novinka z pera Zdenky Wenzlovej \u0160v\u00e1bekovej.  Neh\u013eadaj pravdu. Nie v\u017edy je pravda to prav\u00e9, \u010do chceme n\u00e1js\u0165. Preto\u017ee pravda niekedy bol\u00ed. Kniha pln\u00e1 l\u00e1sky a trpkosti, o tom, \u010do v\u0161etko dok\u00e1\u017ee osud \u010dloveku pripravi\u0165.  Pr\u00edbehy Zdenky Wenzlovej \u0160v\u00e1bekovej nie s\u00fa len oby\u010dajn\u00fdm prerozpr\u00e1van\u00edm udalost\u00ed, ale s\u00fa pln\u00e9 po\u00e9zie, romantiky, vzru\u0161enia a nap\u00e4tia. Nap\u00e4tia zo skuto\u010dn\u00e9ho \u017eivota, lebo ten n\u00e1m prin\u00e1\u0161a tie najv\u00e4\u010d\u0161ie a najzauj\u00edmavej\u0161ie z\u00e1pletky. NEH\u013dADAJ PRAVDU nie je in\u00e1. Je sladk\u00e1, ale aj horkob\u00f4\u013ena, m\u00e1 v sebe d\u00e1vku pikantnosti, no nie to\u013eko, aby sa z nej stala nechutn\u00e1 gebuzina. Je slan\u00e1 od s\u013az, ale je ju c\u00edti\u0165 aj v\u00f4\u0148ou \u017eeny. A o tom to je. N\u00e1js\u0165 v \u017eivote to, \u010do je pre n\u00e1s najlep\u0161ie. Nemus\u00ed to by\u0165 pr\u00e1ve pravda.  Kniha je u\u017e v predaji. Pokra\u010dova\u0165 v \u010d\u00edtan\u00ed &rarr;","og_url":"https:\/\/www.zdenkapiseprevas.sk\/?product=nehladaj-pravdu","og_site_name":"Zdenka p\u00ed\u0161e pre v\u00e1s","article_modified_time":"2024-12-31T08:32:48+00:00","og_image":[{"width":1500,"height":1383,"url":"https:\/\/www.zdenkapiseprevas.sk\/wp-content\/uploads\/2020\/09\/1602182068.png","type":"image\/png"}],"twitter_card":"summary_large_image","twitter_misc":{"Predpokladan\u00fd \u010das \u010d\u00edtania":"2 min\u00faty"},"schema":{"@context":"https:\/\/schema.org","@graph":[{"@type":"WebPage","@id":"https:\/\/www.zdenkapiseprevas.sk\/?product=nehladaj-pravdu","url":"https:\/\/www.zdenkapiseprevas.sk\/?product=nehladaj-pravdu","name":"Neh\u013eadaj pravdu - Zdenka p\u00ed\u0161e pre v\u00e1s","isPartOf":{"@id":"https:\/\/www.zdenkapiseprevas.sk\/#website"},"primaryImageOfPage":{"@id":"https:\/\/www.zdenkapiseprevas.sk\/?product=nehladaj-pravdu#primaryimage"},"image":{"@id":"https:\/\/www.zdenkapiseprevas.sk\/?product=nehladaj-pravdu#primaryimage"},"thumbnailUrl":"https:\/\/www.zdenkapiseprevas.sk\/wp-content\/uploads\/2020\/09\/1602182068.png","datePublished":"2020-09-04T16:22:47+00:00","dateModified":"2024-12-31T08:32:48+00:00","breadcrumb":{"@id":"https:\/\/www.zdenkapiseprevas.sk\/?product=nehladaj-pravdu#breadcrumb"},"inLanguage":"sk-SK","potentialAction":[{"@type":"ReadAction","target":["https:\/\/www.zdenkapiseprevas.sk\/?product=nehladaj-pravdu"]}]},{"@type":"ImageObject","inLanguage":"sk-SK","@id":"https:\/\/www.zdenkapiseprevas.sk\/?product=nehladaj-pravdu#primaryimage","url":"https:\/\/www.zdenkapiseprevas.sk\/wp-content\/uploads\/2020\/09\/1602182068.png","contentUrl":"https:\/\/www.zdenkapiseprevas.sk\/wp-content\/uploads\/2020\/09\/1602182068.png","width":1500,"height":1383},{"@type":"BreadcrumbList","@id":"https:\/\/www.zdenkapiseprevas.sk\/?product=nehladaj-pravdu#breadcrumb","itemListElement":[{"@type":"ListItem","position":1,"name":"Home","item":"https:\/\/www.zdenkapiseprevas.sk\/"},{"@type":"ListItem","position":2,"name":"Obchod","item":"https:\/\/www.zdenkapiseprevas.sk\/?page_id=195"},{"@type":"ListItem","position":3,"name":"Neh\u013eadaj pravdu"}]},{"@type":"WebSite","@id":"https:\/\/www.zdenkapiseprevas.sk\/#website","url":"https:\/\/www.zdenkapiseprevas.sk\/","name":"Zdenka p\u00ed\u0161e pre v\u00e1s","description":"Knihy p\u00edsan\u00e9 srdcom","publisher":{"@id":"https:\/\/www.zdenkapiseprevas.sk\/#\/schema\/person\/ebeffc0fa86d464a09fe96b5644e53d2"},"potentialAction":[{"@type":"SearchAction","target":{"@type":"EntryPoint","urlTemplate":"https:\/\/www.zdenkapiseprevas.sk\/?s={search_term_string}"},"query-input":{"@type":"PropertyValueSpecification","valueRequired":true,"valueName":"search_term_string"}}],"inLanguage":"sk-SK"},{"@type":["Person","Organization"],"@id":"https:\/\/www.zdenkapiseprevas.sk\/#\/schema\/person\/ebeffc0fa86d464a09fe96b5644e53d2","name":"Zdenka.Svabekova","image":{"@type":"ImageObject","inLanguage":"sk-SK","@id":"https:\/\/www.zdenkapiseprevas.sk\/#\/schema\/person\/image\/","url":"https:\/\/secure.gravatar.com\/avatar\/aa2cd587c67d771b6a78e28c9a9356b769e480bfe9c98700f9d609738c52d8c7?s=96&d=mm&r=g","contentUrl":"https:\/\/secure.gravatar.com\/avatar\/aa2cd587c67d771b6a78e28c9a9356b769e480bfe9c98700f9d609738c52d8c7?s=96&d=mm&r=g","caption":"Zdenka.Svabekova"},"logo":{"@id":"https:\/\/www.zdenkapiseprevas.sk\/#\/schema\/person\/image\/"}}]}},"jetpack_sharing_enabled":true,"_links":{"self":[{"href":"https:\/\/www.zdenkapiseprevas.sk\/index.php?rest_route=\/wp\/v2\/product\/4614","targetHints":{"allow":["GET"]}}],"collection":[{"href":"https:\/\/www.zdenkapiseprevas.sk\/index.php?rest_route=\/wp\/v2\/product"}],"about":[{"href":"https:\/\/www.zdenkapiseprevas.sk\/index.php?rest_route=\/wp\/v2\/types\/product"}],"replies":[{"embeddable":true,"href":"https:\/\/www.zdenkapiseprevas.sk\/index.php?rest_route=%2Fwp%2Fv2%2Fcomments&post=4614"}],"wp:featuredmedia":[{"embeddable":true,"href":"https:\/\/www.zdenkapiseprevas.sk\/index.php?rest_route=\/wp\/v2\/media\/4888"}],"wp:attachment":[{"href":"https:\/\/www.zdenkapiseprevas.sk\/index.php?rest_route=%2Fwp%2Fv2%2Fmedia&parent=4614"}],"wp:term":[{"taxonomy":"product_brand","embeddable":true,"href":"https:\/\/www.zdenkapiseprevas.sk\/index.php?rest_route=%2Fwp%2Fv2%2Fproduct_brand&post=4614"},{"taxonomy":"product_cat","embeddable":true,"href":"https:\/\/www.zdenkapiseprevas.sk\/index.php?rest_route=%2Fwp%2Fv2%2Fproduct_cat&post=4614"},{"taxonomy":"product_tag","embeddable":true,"href":"https:\/\/www.zdenkapiseprevas.sk\/index.php?rest_route=%2Fwp%2Fv2%2Fproduct_tag&post=4614"}],"curies":[{"name":"wp","href":"https:\/\/api.w.org\/{rel}","templated":true}]}}