{"id":6455,"date":"2021-11-01T11:27:03","date_gmt":"2021-11-01T10:27:03","guid":{"rendered":"https:\/\/www.zdenkapiseprevas.sk\/?post_type=product&#038;p=6455"},"modified":"2026-02-04T15:15:02","modified_gmt":"2026-02-04T14:15:02","slug":"neviem-plavat","status":"publish","type":"product","link":"https:\/\/www.zdenkapiseprevas.sk\/?product=neviem-plavat","title":{"rendered":"Neviem pl\u00e1va\u0165 &#8211; VYPREDAN\u00c1"},"content":{"rendered":"<p>Nikdy som nechcela by\u0165 ako moja matka. Niekto, kto zmie\u0161al g\u00e9ny rodu, sa rozhodol obu\u0165 mi nasilu jej top\u00e1nky a\u00a0prin\u00fatil ma tak roky kr\u00e1\u010da\u0165 \u017eivotom a zrkadli\u0165 sa v jej nedokonalom obraze. Ke\u010f mi otec povedal, \u017ee strata \u010dloveka, to nie je ako strati\u0165 k\u013e\u00fa\u010de, n\u00e1ramok, \u010di pe\u0148a\u017eenku, brala som tie slov\u00e1 ako oby\u010dajn\u00fa fr\u00e1zu. Osud mi v\u0161ak ve\u013emi r\u00fdchlo a takmer nezvratne uk\u00e1zal, ak\u00fdch omylov som sa svojou za\u0165atos\u0165ou a nekompromisnou povahou dop\u00fa\u0161\u0165ala. Otcov\u00fdm slov\u00e1m vtla\u010dil pe\u010da\u0165 m\u00fadrosti. Strata \u010dloveka, bl\u00edzkeho \u010dloveka, bol\u00ed neskuto\u010dne dlho. Telo, ale najm\u00e4 du\u0161u.<\/p>\n<p>Skuto\u010dn\u00fd pr\u00edbeh mladej Alexandry, neoby\u010dajne m\u00fadrej a\u00a0ambici\u00f3znej sle\u010dny, v\u00e1s prenesie do prostredia inteligentn\u00fdch a\u00a0vzdelan\u00fdch \u013eud\u00ed. Odhal\u00ed \u00a0absurdn\u00e9 genera\u010dn\u00e9 rozdiely medzi matkou a\u00a0dc\u00e9rou, ktor\u00e9 vy\u00fastia do otvorenej ne\u00facty jednej vo\u010di druhej. Na vz\u0165ahu k\u00a0matke ni\u010d nezmen\u00ed ani postupn\u00e9 odha\u013eovanie tajomstva, ktor\u00e9 rodina roky skr\u00fdva. Alexandra ve\u013emi skoro prich\u00e1dza o\u00a0t\u00fdch, ktor\u00fdch milovala, ale osudovou n\u00e1hodou s\u00fa jej straty nahraden\u00e9 n\u00e1lezmi a\u00a0 \u017eivot sa dostane do relat\u00edvneho pokoja. Je v\u00a0tre\u0165om semestri na vysokej \u0161kole, ke\u010f jej stabilitu a\u00a0pl\u00e1ny ohroz\u00ed zistenie, \u017ee \u010dak\u00e1 die\u0165a. Navzdory nes\u00fahlasu man\u017eela a\u00a0svojej matky, sa rozhodne podst\u00fapi\u0165 interrupciu. Lek\u00e1rka jej drastick\u00fdm sp\u00f4sobom z\u00e1merne pop\u00ed\u0161e, \u010do sa bude dia\u0165 po\u010das z\u00e1kroku s\u00a0\u0148ou, aj s\u00a0 die\u0165a\u0165om.<\/p>\n<p>\u010co sa stane pri poh\u013eade na zamra\u010den\u00fa lek\u00e1rku s\u00a0klie\u0161\u0165ami v\u00a0ruk\u00e1ch, ke\u010f je u\u017e evidentne neskoro meni\u0165 svoje nekompromisn\u00e9 rozhodnutie?<\/p>\n<p>M\u00f4\u017eu sa v\u00a0slabej chv\u00edli zmeni\u0165\u00a0v \u017eivote \u017eeny jej priority? \u010co sa e\u0161te mus\u00ed sta\u0165 , aby Alexandra pochopila \u017eivot svojej mamy? Nau\u010dia ju nadobudnut\u00e9 sk\u00fasenosti prij\u00edma\u0165 kompromisy?<\/p>\n<p>\u010c\u00edtajte \u010fal\u0161\u00ed p\u00fatav\u00fd a\u00a0v mnohom pou\u010dn\u00fd pr\u00edbeh o\u00a0rodinn\u00fdch vz\u0165ahoch a\u00a0siln\u00fdch v\u00e4zb\u00e1ch l\u00e1sky. Pr\u00edbeh pln\u00fd ne\u010dakan\u00fdch zvratov pod zna\u010dkou NP s\u00a0n\u00e1zvom Neviem pl\u00e1va\u0165.<\/p>\n","protected":false},"excerpt":{"rendered":"<p>Nikdy som nechcela by\u0165 ako moja matka. Niekto, kto zmie\u0161al g\u00e9ny rodu, sa rozhodol obu\u0165 mi nasilu jej top\u00e1nky a\u00a0prin\u00fatil ma tak roky kr\u00e1\u010da\u0165 \u017eivotom a zrkadli\u0165 sa v jej nedokonalom obraze. Ke\u010f mi otec povedal, \u017ee strata \u010dloveka, to &hellip; <a href=\"https:\/\/www.zdenkapiseprevas.sk\/?product=neviem-plavat\">Pokra\u010dova\u0165 v \u010d\u00edtan\u00ed <span class=\"meta-nav\">&rarr;<\/span><\/a><\/p>\n","protected":false},"featured_media":6456,"comment_status":"closed","ping_status":"closed","template":"","meta":{"_bbp_topic_count":0,"_bbp_reply_count":0,"_bbp_total_topic_count":0,"_bbp_total_reply_count":0,"_bbp_voice_count":0,"_bbp_anonymous_reply_count":0,"_bbp_topic_count_hidden":0,"_bbp_reply_count_hidden":0,"_bbp_forum_subforum_count":0,"_monsterinsights_skip_tracking":false,"_monsterinsights_sitenote_active":false,"_monsterinsights_sitenote_note":"","_monsterinsights_sitenote_category":0},"product_brand":[],"product_cat":[22,32,17],"product_tag":[],"class_list":{"0":"post-6455","1":"product","2":"type-product","3":"status-publish","4":"has-post-thumbnail","6":"product_cat-knihy","7":"product_cat-skutocny-pribeh","8":"product_cat-uncategorized","10":"first","11":"outofstock","12":"shipping-taxable","13":"product-type-simple"},"yoast_head":"<!-- This site is optimized with the Yoast SEO plugin v26.4 - https:\/\/yoast.com\/wordpress\/plugins\/seo\/ -->\n<title>Neviem pl\u00e1va\u0165 - VYPREDAN\u00c1 - Zdenka p\u00ed\u0161e pre v\u00e1s<\/title>\n<meta name=\"description\" content=\"Novinka z pera Zdenky Wenzlovej \u0160v\u00e1bekovej. Neviem pl\u00e1va\u0165, skuto\u010dn\u00fd pr\u00edbeh o matke a dc\u00e9re. Je dc\u00e9ra naozaj zrkadlov\u00fdm obrazom svojej matky?\" \/>\n<meta name=\"robots\" content=\"index, follow, max-snippet:-1, max-image-preview:large, max-video-preview:-1\" \/>\n<link rel=\"canonical\" href=\"https:\/\/www.zdenkapiseprevas.sk\/?product=neviem-plavat\" \/>\n<meta property=\"og:locale\" content=\"sk_SK\" \/>\n<meta property=\"og:type\" content=\"article\" \/>\n<meta property=\"og:title\" content=\"Neviem pl\u00e1va\u0165 - VYPREDAN\u00c1 - Zdenka p\u00ed\u0161e pre v\u00e1s\" \/>\n<meta property=\"og:description\" content=\"Novinka z pera Zdenky Wenzlovej \u0160v\u00e1bekovej. Neviem pl\u00e1va\u0165, skuto\u010dn\u00fd pr\u00edbeh o matke a dc\u00e9re. Je dc\u00e9ra naozaj zrkadlov\u00fdm obrazom svojej matky?\" \/>\n<meta property=\"og:url\" content=\"https:\/\/www.zdenkapiseprevas.sk\/?product=neviem-plavat\" \/>\n<meta property=\"og:site_name\" content=\"Zdenka p\u00ed\u0161e pre v\u00e1s\" \/>\n<meta property=\"article:modified_time\" content=\"2026-02-04T14:15:02+00:00\" \/>\n<meta property=\"og:image\" content=\"https:\/\/www.zdenkapiseprevas.sk\/wp-content\/uploads\/2021\/11\/250518594_4608836982513932_3371010789964372075_n.png\" \/>\n\t<meta property=\"og:image:width\" content=\"3072\" \/>\n\t<meta property=\"og:image:height\" content=\"2048\" \/>\n\t<meta property=\"og:image:type\" content=\"image\/png\" \/>\n<meta name=\"twitter:card\" content=\"summary_large_image\" \/>\n<meta name=\"twitter:label1\" content=\"Predpokladan\u00fd \u010das \u010d\u00edtania\" \/>\n\t<meta name=\"twitter:data1\" content=\"2 min\u00faty\" \/>\n<script type=\"application\/ld+json\" class=\"yoast-schema-graph\">{\"@context\":\"https:\/\/schema.org\",\"@graph\":[{\"@type\":\"WebPage\",\"@id\":\"https:\/\/www.zdenkapiseprevas.sk\/?product=neviem-plavat\",\"url\":\"https:\/\/www.zdenkapiseprevas.sk\/?product=neviem-plavat\",\"name\":\"Neviem pl\u00e1va\u0165 - VYPREDAN\u00c1 - Zdenka p\u00ed\u0161e pre v\u00e1s\",\"isPartOf\":{\"@id\":\"https:\/\/www.zdenkapiseprevas.sk\/#website\"},\"primaryImageOfPage\":{\"@id\":\"https:\/\/www.zdenkapiseprevas.sk\/?product=neviem-plavat#primaryimage\"},\"image\":{\"@id\":\"https:\/\/www.zdenkapiseprevas.sk\/?product=neviem-plavat#primaryimage\"},\"thumbnailUrl\":\"https:\/\/www.zdenkapiseprevas.sk\/wp-content\/uploads\/2021\/11\/250518594_4608836982513932_3371010789964372075_n.png\",\"datePublished\":\"2021-11-01T10:27:03+00:00\",\"dateModified\":\"2026-02-04T14:15:02+00:00\",\"description\":\"Novinka z pera Zdenky Wenzlovej \u0160v\u00e1bekovej. Neviem pl\u00e1va\u0165, skuto\u010dn\u00fd pr\u00edbeh o matke a dc\u00e9re. Je dc\u00e9ra naozaj zrkadlov\u00fdm obrazom svojej matky?\",\"breadcrumb\":{\"@id\":\"https:\/\/www.zdenkapiseprevas.sk\/?product=neviem-plavat#breadcrumb\"},\"inLanguage\":\"sk-SK\",\"potentialAction\":[{\"@type\":\"ReadAction\",\"target\":[\"https:\/\/www.zdenkapiseprevas.sk\/?product=neviem-plavat\"]}]},{\"@type\":\"ImageObject\",\"inLanguage\":\"sk-SK\",\"@id\":\"https:\/\/www.zdenkapiseprevas.sk\/?product=neviem-plavat#primaryimage\",\"url\":\"https:\/\/www.zdenkapiseprevas.sk\/wp-content\/uploads\/2021\/11\/250518594_4608836982513932_3371010789964372075_n.png\",\"contentUrl\":\"https:\/\/www.zdenkapiseprevas.sk\/wp-content\/uploads\/2021\/11\/250518594_4608836982513932_3371010789964372075_n.png\",\"width\":3072,\"height\":2048},{\"@type\":\"BreadcrumbList\",\"@id\":\"https:\/\/www.zdenkapiseprevas.sk\/?product=neviem-plavat#breadcrumb\",\"itemListElement\":[{\"@type\":\"ListItem\",\"position\":1,\"name\":\"Home\",\"item\":\"https:\/\/www.zdenkapiseprevas.sk\/\"},{\"@type\":\"ListItem\",\"position\":2,\"name\":\"Obchod\",\"item\":\"https:\/\/www.zdenkapiseprevas.sk\/?page_id=195\"},{\"@type\":\"ListItem\",\"position\":3,\"name\":\"Neviem pl\u00e1va\u0165 &#8211; VYPREDAN\u00c1\"}]},{\"@type\":\"WebSite\",\"@id\":\"https:\/\/www.zdenkapiseprevas.sk\/#website\",\"url\":\"https:\/\/www.zdenkapiseprevas.sk\/\",\"name\":\"Zdenka p\u00ed\u0161e pre v\u00e1s\",\"description\":\"Knihy p\u00edsan\u00e9 srdcom\",\"publisher\":{\"@id\":\"https:\/\/www.zdenkapiseprevas.sk\/#\/schema\/person\/ebeffc0fa86d464a09fe96b5644e53d2\"},\"potentialAction\":[{\"@type\":\"SearchAction\",\"target\":{\"@type\":\"EntryPoint\",\"urlTemplate\":\"https:\/\/www.zdenkapiseprevas.sk\/?s={search_term_string}\"},\"query-input\":{\"@type\":\"PropertyValueSpecification\",\"valueRequired\":true,\"valueName\":\"search_term_string\"}}],\"inLanguage\":\"sk-SK\"},{\"@type\":[\"Person\",\"Organization\"],\"@id\":\"https:\/\/www.zdenkapiseprevas.sk\/#\/schema\/person\/ebeffc0fa86d464a09fe96b5644e53d2\",\"name\":\"Zdenka.Svabekova\",\"image\":{\"@type\":\"ImageObject\",\"inLanguage\":\"sk-SK\",\"@id\":\"https:\/\/www.zdenkapiseprevas.sk\/#\/schema\/person\/image\/\",\"url\":\"https:\/\/secure.gravatar.com\/avatar\/aa2cd587c67d771b6a78e28c9a9356b769e480bfe9c98700f9d609738c52d8c7?s=96&d=mm&r=g\",\"contentUrl\":\"https:\/\/secure.gravatar.com\/avatar\/aa2cd587c67d771b6a78e28c9a9356b769e480bfe9c98700f9d609738c52d8c7?s=96&d=mm&r=g\",\"caption\":\"Zdenka.Svabekova\"},\"logo\":{\"@id\":\"https:\/\/www.zdenkapiseprevas.sk\/#\/schema\/person\/image\/\"}}]}<\/script>\n<!-- \/ Yoast SEO plugin. -->","yoast_head_json":{"title":"Neviem pl\u00e1va\u0165 - VYPREDAN\u00c1 - Zdenka p\u00ed\u0161e pre v\u00e1s","description":"Novinka z pera Zdenky Wenzlovej \u0160v\u00e1bekovej. Neviem pl\u00e1va\u0165, skuto\u010dn\u00fd pr\u00edbeh o matke a dc\u00e9re. Je dc\u00e9ra naozaj zrkadlov\u00fdm obrazom svojej matky?","robots":{"index":"index","follow":"follow","max-snippet":"max-snippet:-1","max-image-preview":"max-image-preview:large","max-video-preview":"max-video-preview:-1"},"canonical":"https:\/\/www.zdenkapiseprevas.sk\/?product=neviem-plavat","og_locale":"sk_SK","og_type":"article","og_title":"Neviem pl\u00e1va\u0165 - VYPREDAN\u00c1 - Zdenka p\u00ed\u0161e pre v\u00e1s","og_description":"Novinka z pera Zdenky Wenzlovej \u0160v\u00e1bekovej. Neviem pl\u00e1va\u0165, skuto\u010dn\u00fd pr\u00edbeh o matke a dc\u00e9re. Je dc\u00e9ra naozaj zrkadlov\u00fdm obrazom svojej matky?","og_url":"https:\/\/www.zdenkapiseprevas.sk\/?product=neviem-plavat","og_site_name":"Zdenka p\u00ed\u0161e pre v\u00e1s","article_modified_time":"2026-02-04T14:15:02+00:00","og_image":[{"width":3072,"height":2048,"url":"https:\/\/www.zdenkapiseprevas.sk\/wp-content\/uploads\/2021\/11\/250518594_4608836982513932_3371010789964372075_n.png","type":"image\/png"}],"twitter_card":"summary_large_image","twitter_misc":{"Predpokladan\u00fd \u010das \u010d\u00edtania":"2 min\u00faty"},"schema":{"@context":"https:\/\/schema.org","@graph":[{"@type":"WebPage","@id":"https:\/\/www.zdenkapiseprevas.sk\/?product=neviem-plavat","url":"https:\/\/www.zdenkapiseprevas.sk\/?product=neviem-plavat","name":"Neviem pl\u00e1va\u0165 - VYPREDAN\u00c1 - Zdenka p\u00ed\u0161e pre v\u00e1s","isPartOf":{"@id":"https:\/\/www.zdenkapiseprevas.sk\/#website"},"primaryImageOfPage":{"@id":"https:\/\/www.zdenkapiseprevas.sk\/?product=neviem-plavat#primaryimage"},"image":{"@id":"https:\/\/www.zdenkapiseprevas.sk\/?product=neviem-plavat#primaryimage"},"thumbnailUrl":"https:\/\/www.zdenkapiseprevas.sk\/wp-content\/uploads\/2021\/11\/250518594_4608836982513932_3371010789964372075_n.png","datePublished":"2021-11-01T10:27:03+00:00","dateModified":"2026-02-04T14:15:02+00:00","description":"Novinka z pera Zdenky Wenzlovej \u0160v\u00e1bekovej. Neviem pl\u00e1va\u0165, skuto\u010dn\u00fd pr\u00edbeh o matke a dc\u00e9re. Je dc\u00e9ra naozaj zrkadlov\u00fdm obrazom svojej matky?","breadcrumb":{"@id":"https:\/\/www.zdenkapiseprevas.sk\/?product=neviem-plavat#breadcrumb"},"inLanguage":"sk-SK","potentialAction":[{"@type":"ReadAction","target":["https:\/\/www.zdenkapiseprevas.sk\/?product=neviem-plavat"]}]},{"@type":"ImageObject","inLanguage":"sk-SK","@id":"https:\/\/www.zdenkapiseprevas.sk\/?product=neviem-plavat#primaryimage","url":"https:\/\/www.zdenkapiseprevas.sk\/wp-content\/uploads\/2021\/11\/250518594_4608836982513932_3371010789964372075_n.png","contentUrl":"https:\/\/www.zdenkapiseprevas.sk\/wp-content\/uploads\/2021\/11\/250518594_4608836982513932_3371010789964372075_n.png","width":3072,"height":2048},{"@type":"BreadcrumbList","@id":"https:\/\/www.zdenkapiseprevas.sk\/?product=neviem-plavat#breadcrumb","itemListElement":[{"@type":"ListItem","position":1,"name":"Home","item":"https:\/\/www.zdenkapiseprevas.sk\/"},{"@type":"ListItem","position":2,"name":"Obchod","item":"https:\/\/www.zdenkapiseprevas.sk\/?page_id=195"},{"@type":"ListItem","position":3,"name":"Neviem pl\u00e1va\u0165 &#8211; VYPREDAN\u00c1"}]},{"@type":"WebSite","@id":"https:\/\/www.zdenkapiseprevas.sk\/#website","url":"https:\/\/www.zdenkapiseprevas.sk\/","name":"Zdenka p\u00ed\u0161e pre v\u00e1s","description":"Knihy p\u00edsan\u00e9 srdcom","publisher":{"@id":"https:\/\/www.zdenkapiseprevas.sk\/#\/schema\/person\/ebeffc0fa86d464a09fe96b5644e53d2"},"potentialAction":[{"@type":"SearchAction","target":{"@type":"EntryPoint","urlTemplate":"https:\/\/www.zdenkapiseprevas.sk\/?s={search_term_string}"},"query-input":{"@type":"PropertyValueSpecification","valueRequired":true,"valueName":"search_term_string"}}],"inLanguage":"sk-SK"},{"@type":["Person","Organization"],"@id":"https:\/\/www.zdenkapiseprevas.sk\/#\/schema\/person\/ebeffc0fa86d464a09fe96b5644e53d2","name":"Zdenka.Svabekova","image":{"@type":"ImageObject","inLanguage":"sk-SK","@id":"https:\/\/www.zdenkapiseprevas.sk\/#\/schema\/person\/image\/","url":"https:\/\/secure.gravatar.com\/avatar\/aa2cd587c67d771b6a78e28c9a9356b769e480bfe9c98700f9d609738c52d8c7?s=96&d=mm&r=g","contentUrl":"https:\/\/secure.gravatar.com\/avatar\/aa2cd587c67d771b6a78e28c9a9356b769e480bfe9c98700f9d609738c52d8c7?s=96&d=mm&r=g","caption":"Zdenka.Svabekova"},"logo":{"@id":"https:\/\/www.zdenkapiseprevas.sk\/#\/schema\/person\/image\/"}}]}},"jetpack_sharing_enabled":true,"_links":{"self":[{"href":"https:\/\/www.zdenkapiseprevas.sk\/index.php?rest_route=\/wp\/v2\/product\/6455","targetHints":{"allow":["GET"]}}],"collection":[{"href":"https:\/\/www.zdenkapiseprevas.sk\/index.php?rest_route=\/wp\/v2\/product"}],"about":[{"href":"https:\/\/www.zdenkapiseprevas.sk\/index.php?rest_route=\/wp\/v2\/types\/product"}],"replies":[{"embeddable":true,"href":"https:\/\/www.zdenkapiseprevas.sk\/index.php?rest_route=%2Fwp%2Fv2%2Fcomments&post=6455"}],"wp:featuredmedia":[{"embeddable":true,"href":"https:\/\/www.zdenkapiseprevas.sk\/index.php?rest_route=\/wp\/v2\/media\/6456"}],"wp:attachment":[{"href":"https:\/\/www.zdenkapiseprevas.sk\/index.php?rest_route=%2Fwp%2Fv2%2Fmedia&parent=6455"}],"wp:term":[{"taxonomy":"product_brand","embeddable":true,"href":"https:\/\/www.zdenkapiseprevas.sk\/index.php?rest_route=%2Fwp%2Fv2%2Fproduct_brand&post=6455"},{"taxonomy":"product_cat","embeddable":true,"href":"https:\/\/www.zdenkapiseprevas.sk\/index.php?rest_route=%2Fwp%2Fv2%2Fproduct_cat&post=6455"},{"taxonomy":"product_tag","embeddable":true,"href":"https:\/\/www.zdenkapiseprevas.sk\/index.php?rest_route=%2Fwp%2Fv2%2Fproduct_tag&post=6455"}],"curies":[{"name":"wp","href":"https:\/\/api.w.org\/{rel}","templated":true}]}}