{"id":7213,"date":"2024-10-04T14:49:54","date_gmt":"2024-10-04T12:49:54","guid":{"rendered":"https:\/\/www.zdenkapiseprevas.sk\/?post_type=product&#038;p=7213"},"modified":"2024-11-21T20:56:14","modified_gmt":"2024-11-21T19:56:14","slug":"neme-puto-navrat-minulosti","status":"publish","type":"product","link":"https:\/\/www.zdenkapiseprevas.sk\/?product=neme-puto-navrat-minulosti","title":{"rendered":"Nem\u00e9 puto-N\u00e1vrat minulosti"},"content":{"rendered":"<p>Novinka z pera Zdenky Wenzlovej \u0160v\u00e1bekovej. Dvojdielny pr\u00edbeh Nem\u00e9 puto, prv\u00e1 \u010das\u0165 N\u00e1vrat minulosti.<\/p>\n<p>&nbsp;<\/p>\n","protected":false},"excerpt":{"rendered":"<p>Nechajte sa unies\u0165 rom\u00e1nom Nem\u00e9 puto, pr\u00edbehom pln\u00fdm nap\u00e4tia, l\u00e1sky a obetavosti, ktor\u00fd v\u00e1s nenech\u00e1 chladn\u00fdmi.<\/p>\n<p>V prvej \u010dasti pod n\u00e1zvom N\u00e1vrat minulosti sledujte \u017eivot mladej Krist\u00edny, ktor\u00e1 po tragick\u00fdch udalostiach nach\u00e1dza \u00fato\u010disko v dome svojej babky. Spolu s tetou Miladou preberaj\u00fa zodpovednos\u0165 za takmer dvojmesa\u010dn\u00fa Eli\u0161ku, zatia\u013e \u010do desa\u0165ro\u010dn\u00e1 Elenka, zasiahnut\u00e1 hlbokou traumou, je zveren\u00e1 do starostlivosti logopedi\u010dky Kvetky a jej man\u017eela, pediatra.<\/p>\n<p>Na gymn\u00e1ziu sa Krist\u00edna stret\u00e1va s Marcelom \u2013 charizmatick\u00fdm a vtipn\u00fdm mlad\u00edkom, ktor\u00fd sa ne\u00fanavne pok\u00fa\u0161a z\u00edska\u0165 si jej srdce. Ich vz\u0165ah po maturite prekra\u010duje hranice jednoduch\u00e9ho a st\u00e1va sa nepredv\u00eddate\u013en\u00fdm. Osud zasiahne v jedno r\u00e1no a Marcelov \u017eivot sa obr\u00e1ti naruby. Jeho rodi\u010dia postavia Krist\u00ednu pred rozhodnutie, ktor\u00e9 zmen\u00ed jej \u017eivot. Napriek tomu, \u017ee sa Marcel st\u00e1va jej nevyhnutnou s\u00fa\u010das\u0165ou, jeho z\u00e1vislos\u0165 na nej narast\u00e1 do znepokojiv\u00fdch rozmerov. Krist\u00edna, vern\u00e1 svojim citom, ho neop\u00fa\u0161\u0165a, no jej oddanos\u0165 ju priv\u00e1dza k obeti, ktor\u00e1 zasahuje do jej citov\u00e9ho \u017eivota a popiera jej slobodu v\u00f4le.<\/p>\n<p>Ke\u010f sa ne\u010dakane stretne s minulos\u0165ou, ktor\u00e1 vrh\u00e1 temn\u00fd tie\u0148 na jej pr\u00edtomnos\u0165, stoj\u00ed pred ot\u00e1zkou: dok\u00e1\u017ee rozl\u00fa\u0161ti\u0165 nem\u00e9 puto, ktor\u00e9 je prepleten\u00e9 jej \u017eivotom? Ak\u00e9 tajomstv\u00e1, bolestiv\u00e9 alebo pr\u00edjemn\u00e9, na \u0148u \u010dakaj\u00fa v z\u00e1hadnej spleti vz\u0165ahov? \u010co bude musie\u0165 obetova\u0165, aby na\u0161la prav\u00fa l\u00e1sku, ktor\u00e1 presahuje sladk\u00fa il\u00faziu?<\/p>\n<p>Tento skuto\u010dn\u00fd pr\u00edbeh je svedectvom o odvahe, obetavosti a vn\u00fatornej sile, ktor\u00e9 pos\u00favaj\u00fa hranice pred\u010dasnej dospelosti. Je pln\u00fd nevyjasnen\u00fdch tajomstiev, vn\u00fatorn\u00fdch z\u00e1pasov a odha\u013euje nielen pravdu, ale aj jej mnoh\u00e9 odtiene. <a href=\"https:\/\/www.zdenkapiseprevas.sk\/?product=neme-puto-navrat-minulosti\">Pokra\u010dova\u0165 v \u010d\u00edtan\u00ed <span class=\"meta-nav\">&rarr;<\/span><\/a><\/p>\n","protected":false},"featured_media":7216,"comment_status":"open","ping_status":"closed","template":"","meta":{"_bbp_topic_count":0,"_bbp_reply_count":0,"_bbp_total_topic_count":0,"_bbp_total_reply_count":0,"_bbp_voice_count":0,"_bbp_anonymous_reply_count":0,"_bbp_topic_count_hidden":0,"_bbp_reply_count_hidden":0,"_bbp_forum_subforum_count":0,"_monsterinsights_skip_tracking":false,"_monsterinsights_sitenote_active":false,"_monsterinsights_sitenote_note":"","_monsterinsights_sitenote_category":0},"product_brand":[],"product_cat":[22,31],"product_tag":[],"class_list":{"0":"post-7213","1":"product","2":"type-product","3":"status-publish","4":"has-post-thumbnail","6":"product_cat-knihy","7":"product_cat-zdenka-wenzlova-svabekova","8":"product_shipping_class-postovne-za-jednu-knihu-pri-platbe-na-ucet","10":"first","11":"instock","12":"featured","13":"shipping-taxable","14":"purchasable","15":"product-type-simple"},"yoast_head":"<!-- This site is optimized with the Yoast SEO plugin v26.4 - https:\/\/yoast.com\/wordpress\/plugins\/seo\/ -->\n<title>Nem\u00e9 puto-N\u00e1vrat minulosti - Zdenka p\u00ed\u0161e pre v\u00e1s<\/title>\n<meta name=\"description\" content=\"Prv\u00e1 \u010das\u0165 dvojdielneho rom\u00e1nu Nem\u00e9 puto - N\u00e1vrat minulosti z pera Zdenky Wenzlovej \u0160v\u00e1bekovej. Skuto\u010dn\u00fd pr\u00edbeh mladej Krist\u00edny.\" \/>\n<meta name=\"robots\" content=\"index, follow, max-snippet:-1, max-image-preview:large, max-video-preview:-1\" \/>\n<link rel=\"canonical\" href=\"https:\/\/www.zdenkapiseprevas.sk\/?product=neme-puto-navrat-minulosti\" \/>\n<meta property=\"og:locale\" content=\"sk_SK\" \/>\n<meta property=\"og:type\" content=\"article\" \/>\n<meta property=\"og:title\" content=\"Nem\u00e9 puto-N\u00e1vrat minulosti - Zdenka p\u00ed\u0161e pre v\u00e1s\" \/>\n<meta property=\"og:description\" content=\"Prv\u00e1 \u010das\u0165 dvojdielneho rom\u00e1nu Nem\u00e9 puto - N\u00e1vrat minulosti z pera Zdenky Wenzlovej \u0160v\u00e1bekovej. Skuto\u010dn\u00fd pr\u00edbeh mladej Krist\u00edny.\" \/>\n<meta property=\"og:url\" content=\"https:\/\/www.zdenkapiseprevas.sk\/?product=neme-puto-navrat-minulosti\" \/>\n<meta property=\"og:site_name\" content=\"Zdenka p\u00ed\u0161e pre v\u00e1s\" \/>\n<meta property=\"article:modified_time\" content=\"2024-11-21T19:56:14+00:00\" \/>\n<meta property=\"og:image\" content=\"https:\/\/www.zdenkapiseprevas.sk\/wp-content\/uploads\/2024\/10\/1727890035-removebg-preview-1.png\" \/>\n\t<meta property=\"og:image:width\" content=\"520\" \/>\n\t<meta property=\"og:image:height\" content=\"480\" \/>\n\t<meta property=\"og:image:type\" content=\"image\/png\" \/>\n<meta name=\"twitter:card\" content=\"summary_large_image\" \/>\n<meta name=\"twitter:label1\" content=\"Predpokladan\u00fd \u010das \u010d\u00edtania\" \/>\n\t<meta name=\"twitter:data1\" content=\"1 min\u00fata\" \/>\n<script type=\"application\/ld+json\" class=\"yoast-schema-graph\">{\"@context\":\"https:\/\/schema.org\",\"@graph\":[{\"@type\":\"WebPage\",\"@id\":\"https:\/\/www.zdenkapiseprevas.sk\/?product=neme-puto-navrat-minulosti\",\"url\":\"https:\/\/www.zdenkapiseprevas.sk\/?product=neme-puto-navrat-minulosti\",\"name\":\"Nem\u00e9 puto-N\u00e1vrat minulosti - Zdenka p\u00ed\u0161e pre v\u00e1s\",\"isPartOf\":{\"@id\":\"https:\/\/www.zdenkapiseprevas.sk\/#website\"},\"primaryImageOfPage\":{\"@id\":\"https:\/\/www.zdenkapiseprevas.sk\/?product=neme-puto-navrat-minulosti#primaryimage\"},\"image\":{\"@id\":\"https:\/\/www.zdenkapiseprevas.sk\/?product=neme-puto-navrat-minulosti#primaryimage\"},\"thumbnailUrl\":\"https:\/\/www.zdenkapiseprevas.sk\/wp-content\/uploads\/2024\/10\/1727890035-removebg-preview-1.png\",\"datePublished\":\"2024-10-04T12:49:54+00:00\",\"dateModified\":\"2024-11-21T19:56:14+00:00\",\"description\":\"Prv\u00e1 \u010das\u0165 dvojdielneho rom\u00e1nu Nem\u00e9 puto - N\u00e1vrat minulosti z pera Zdenky Wenzlovej \u0160v\u00e1bekovej. Skuto\u010dn\u00fd pr\u00edbeh mladej Krist\u00edny.\",\"breadcrumb\":{\"@id\":\"https:\/\/www.zdenkapiseprevas.sk\/?product=neme-puto-navrat-minulosti#breadcrumb\"},\"inLanguage\":\"sk-SK\",\"potentialAction\":[{\"@type\":\"ReadAction\",\"target\":[\"https:\/\/www.zdenkapiseprevas.sk\/?product=neme-puto-navrat-minulosti\"]}]},{\"@type\":\"ImageObject\",\"inLanguage\":\"sk-SK\",\"@id\":\"https:\/\/www.zdenkapiseprevas.sk\/?product=neme-puto-navrat-minulosti#primaryimage\",\"url\":\"https:\/\/www.zdenkapiseprevas.sk\/wp-content\/uploads\/2024\/10\/1727890035-removebg-preview-1.png\",\"contentUrl\":\"https:\/\/www.zdenkapiseprevas.sk\/wp-content\/uploads\/2024\/10\/1727890035-removebg-preview-1.png\",\"width\":520,\"height\":480},{\"@type\":\"BreadcrumbList\",\"@id\":\"https:\/\/www.zdenkapiseprevas.sk\/?product=neme-puto-navrat-minulosti#breadcrumb\",\"itemListElement\":[{\"@type\":\"ListItem\",\"position\":1,\"name\":\"Home\",\"item\":\"https:\/\/www.zdenkapiseprevas.sk\/\"},{\"@type\":\"ListItem\",\"position\":2,\"name\":\"Obchod\",\"item\":\"https:\/\/www.zdenkapiseprevas.sk\/?page_id=195\"},{\"@type\":\"ListItem\",\"position\":3,\"name\":\"Nem\u00e9 puto-N\u00e1vrat minulosti\"}]},{\"@type\":\"WebSite\",\"@id\":\"https:\/\/www.zdenkapiseprevas.sk\/#website\",\"url\":\"https:\/\/www.zdenkapiseprevas.sk\/\",\"name\":\"Zdenka p\u00ed\u0161e pre v\u00e1s\",\"description\":\"Knihy p\u00edsan\u00e9 srdcom\",\"publisher\":{\"@id\":\"https:\/\/www.zdenkapiseprevas.sk\/#\/schema\/person\/ebeffc0fa86d464a09fe96b5644e53d2\"},\"potentialAction\":[{\"@type\":\"SearchAction\",\"target\":{\"@type\":\"EntryPoint\",\"urlTemplate\":\"https:\/\/www.zdenkapiseprevas.sk\/?s={search_term_string}\"},\"query-input\":{\"@type\":\"PropertyValueSpecification\",\"valueRequired\":true,\"valueName\":\"search_term_string\"}}],\"inLanguage\":\"sk-SK\"},{\"@type\":[\"Person\",\"Organization\"],\"@id\":\"https:\/\/www.zdenkapiseprevas.sk\/#\/schema\/person\/ebeffc0fa86d464a09fe96b5644e53d2\",\"name\":\"Zdenka.Svabekova\",\"image\":{\"@type\":\"ImageObject\",\"inLanguage\":\"sk-SK\",\"@id\":\"https:\/\/www.zdenkapiseprevas.sk\/#\/schema\/person\/image\/\",\"url\":\"https:\/\/secure.gravatar.com\/avatar\/aa2cd587c67d771b6a78e28c9a9356b769e480bfe9c98700f9d609738c52d8c7?s=96&d=mm&r=g\",\"contentUrl\":\"https:\/\/secure.gravatar.com\/avatar\/aa2cd587c67d771b6a78e28c9a9356b769e480bfe9c98700f9d609738c52d8c7?s=96&d=mm&r=g\",\"caption\":\"Zdenka.Svabekova\"},\"logo\":{\"@id\":\"https:\/\/www.zdenkapiseprevas.sk\/#\/schema\/person\/image\/\"}}]}<\/script>\n<!-- \/ Yoast SEO plugin. -->","yoast_head_json":{"title":"Nem\u00e9 puto-N\u00e1vrat minulosti - Zdenka p\u00ed\u0161e pre v\u00e1s","description":"Prv\u00e1 \u010das\u0165 dvojdielneho rom\u00e1nu Nem\u00e9 puto - N\u00e1vrat minulosti z pera Zdenky Wenzlovej \u0160v\u00e1bekovej. Skuto\u010dn\u00fd pr\u00edbeh mladej Krist\u00edny.","robots":{"index":"index","follow":"follow","max-snippet":"max-snippet:-1","max-image-preview":"max-image-preview:large","max-video-preview":"max-video-preview:-1"},"canonical":"https:\/\/www.zdenkapiseprevas.sk\/?product=neme-puto-navrat-minulosti","og_locale":"sk_SK","og_type":"article","og_title":"Nem\u00e9 puto-N\u00e1vrat minulosti - Zdenka p\u00ed\u0161e pre v\u00e1s","og_description":"Prv\u00e1 \u010das\u0165 dvojdielneho rom\u00e1nu Nem\u00e9 puto - N\u00e1vrat minulosti z pera Zdenky Wenzlovej \u0160v\u00e1bekovej. Skuto\u010dn\u00fd pr\u00edbeh mladej Krist\u00edny.","og_url":"https:\/\/www.zdenkapiseprevas.sk\/?product=neme-puto-navrat-minulosti","og_site_name":"Zdenka p\u00ed\u0161e pre v\u00e1s","article_modified_time":"2024-11-21T19:56:14+00:00","og_image":[{"width":520,"height":480,"url":"https:\/\/www.zdenkapiseprevas.sk\/wp-content\/uploads\/2024\/10\/1727890035-removebg-preview-1.png","type":"image\/png"}],"twitter_card":"summary_large_image","twitter_misc":{"Predpokladan\u00fd \u010das \u010d\u00edtania":"1 min\u00fata"},"schema":{"@context":"https:\/\/schema.org","@graph":[{"@type":"WebPage","@id":"https:\/\/www.zdenkapiseprevas.sk\/?product=neme-puto-navrat-minulosti","url":"https:\/\/www.zdenkapiseprevas.sk\/?product=neme-puto-navrat-minulosti","name":"Nem\u00e9 puto-N\u00e1vrat minulosti - Zdenka p\u00ed\u0161e pre v\u00e1s","isPartOf":{"@id":"https:\/\/www.zdenkapiseprevas.sk\/#website"},"primaryImageOfPage":{"@id":"https:\/\/www.zdenkapiseprevas.sk\/?product=neme-puto-navrat-minulosti#primaryimage"},"image":{"@id":"https:\/\/www.zdenkapiseprevas.sk\/?product=neme-puto-navrat-minulosti#primaryimage"},"thumbnailUrl":"https:\/\/www.zdenkapiseprevas.sk\/wp-content\/uploads\/2024\/10\/1727890035-removebg-preview-1.png","datePublished":"2024-10-04T12:49:54+00:00","dateModified":"2024-11-21T19:56:14+00:00","description":"Prv\u00e1 \u010das\u0165 dvojdielneho rom\u00e1nu Nem\u00e9 puto - N\u00e1vrat minulosti z pera Zdenky Wenzlovej \u0160v\u00e1bekovej. Skuto\u010dn\u00fd pr\u00edbeh mladej Krist\u00edny.","breadcrumb":{"@id":"https:\/\/www.zdenkapiseprevas.sk\/?product=neme-puto-navrat-minulosti#breadcrumb"},"inLanguage":"sk-SK","potentialAction":[{"@type":"ReadAction","target":["https:\/\/www.zdenkapiseprevas.sk\/?product=neme-puto-navrat-minulosti"]}]},{"@type":"ImageObject","inLanguage":"sk-SK","@id":"https:\/\/www.zdenkapiseprevas.sk\/?product=neme-puto-navrat-minulosti#primaryimage","url":"https:\/\/www.zdenkapiseprevas.sk\/wp-content\/uploads\/2024\/10\/1727890035-removebg-preview-1.png","contentUrl":"https:\/\/www.zdenkapiseprevas.sk\/wp-content\/uploads\/2024\/10\/1727890035-removebg-preview-1.png","width":520,"height":480},{"@type":"BreadcrumbList","@id":"https:\/\/www.zdenkapiseprevas.sk\/?product=neme-puto-navrat-minulosti#breadcrumb","itemListElement":[{"@type":"ListItem","position":1,"name":"Home","item":"https:\/\/www.zdenkapiseprevas.sk\/"},{"@type":"ListItem","position":2,"name":"Obchod","item":"https:\/\/www.zdenkapiseprevas.sk\/?page_id=195"},{"@type":"ListItem","position":3,"name":"Nem\u00e9 puto-N\u00e1vrat minulosti"}]},{"@type":"WebSite","@id":"https:\/\/www.zdenkapiseprevas.sk\/#website","url":"https:\/\/www.zdenkapiseprevas.sk\/","name":"Zdenka p\u00ed\u0161e pre v\u00e1s","description":"Knihy p\u00edsan\u00e9 srdcom","publisher":{"@id":"https:\/\/www.zdenkapiseprevas.sk\/#\/schema\/person\/ebeffc0fa86d464a09fe96b5644e53d2"},"potentialAction":[{"@type":"SearchAction","target":{"@type":"EntryPoint","urlTemplate":"https:\/\/www.zdenkapiseprevas.sk\/?s={search_term_string}"},"query-input":{"@type":"PropertyValueSpecification","valueRequired":true,"valueName":"search_term_string"}}],"inLanguage":"sk-SK"},{"@type":["Person","Organization"],"@id":"https:\/\/www.zdenkapiseprevas.sk\/#\/schema\/person\/ebeffc0fa86d464a09fe96b5644e53d2","name":"Zdenka.Svabekova","image":{"@type":"ImageObject","inLanguage":"sk-SK","@id":"https:\/\/www.zdenkapiseprevas.sk\/#\/schema\/person\/image\/","url":"https:\/\/secure.gravatar.com\/avatar\/aa2cd587c67d771b6a78e28c9a9356b769e480bfe9c98700f9d609738c52d8c7?s=96&d=mm&r=g","contentUrl":"https:\/\/secure.gravatar.com\/avatar\/aa2cd587c67d771b6a78e28c9a9356b769e480bfe9c98700f9d609738c52d8c7?s=96&d=mm&r=g","caption":"Zdenka.Svabekova"},"logo":{"@id":"https:\/\/www.zdenkapiseprevas.sk\/#\/schema\/person\/image\/"}}]}},"jetpack_sharing_enabled":true,"_links":{"self":[{"href":"https:\/\/www.zdenkapiseprevas.sk\/index.php?rest_route=\/wp\/v2\/product\/7213","targetHints":{"allow":["GET"]}}],"collection":[{"href":"https:\/\/www.zdenkapiseprevas.sk\/index.php?rest_route=\/wp\/v2\/product"}],"about":[{"href":"https:\/\/www.zdenkapiseprevas.sk\/index.php?rest_route=\/wp\/v2\/types\/product"}],"replies":[{"embeddable":true,"href":"https:\/\/www.zdenkapiseprevas.sk\/index.php?rest_route=%2Fwp%2Fv2%2Fcomments&post=7213"}],"wp:featuredmedia":[{"embeddable":true,"href":"https:\/\/www.zdenkapiseprevas.sk\/index.php?rest_route=\/wp\/v2\/media\/7216"}],"wp:attachment":[{"href":"https:\/\/www.zdenkapiseprevas.sk\/index.php?rest_route=%2Fwp%2Fv2%2Fmedia&parent=7213"}],"wp:term":[{"taxonomy":"product_brand","embeddable":true,"href":"https:\/\/www.zdenkapiseprevas.sk\/index.php?rest_route=%2Fwp%2Fv2%2Fproduct_brand&post=7213"},{"taxonomy":"product_cat","embeddable":true,"href":"https:\/\/www.zdenkapiseprevas.sk\/index.php?rest_route=%2Fwp%2Fv2%2Fproduct_cat&post=7213"},{"taxonomy":"product_tag","embeddable":true,"href":"https:\/\/www.zdenkapiseprevas.sk\/index.php?rest_route=%2Fwp%2Fv2%2Fproduct_tag&post=7213"}],"curies":[{"name":"wp","href":"https:\/\/api.w.org\/{rel}","templated":true}]}}